{"id":6426,"date":"2019-10-29T15:08:41","date_gmt":"2019-10-29T15:08:41","guid":{"rendered":"https:\/\/www.planetatangerina.com\/?post_type=product&#038;p=6426"},"modified":"2024-03-12T11:24:27","modified_gmt":"2024-03-12T11:24:27","slug":"assim-ou-assado","status":"publish","type":"product","link":"https:\/\/www.planetatangerina.com\/pt-pt\/loja\/assim-ou-assado\/","title":{"rendered":"Assim ou assado"},"content":{"rendered":"<p>Passamos a vida a fazer escolhas:<br \/>\nSim ou n\u00e3o? Laranja ou lim\u00e3o?<br \/>\nAssim ou assado? Doce ou salgado?<br \/>\nDecidir \u00e9 bom porque nos ajuda a encontrar o nosso lugar no mundo. Mas nem sempre \u00e9 f\u00e1cil&#8230;<br \/>\nH\u00e1 com cada dilema!<br \/>\nBruxa ou fada? Tudo ou nada?<br \/>\nTr\u00eas ou quatro? Cinema ou teatro?<br \/>\nEste livro, que associa palavras e compara opostos, vai ajudar-nos a tirar conclus\u00f5es.<\/p>\n<p>Bem-vindos a este poema feito de escolhas e alternativas.<br \/>\nAgora ou nunca?<\/p>\n<p>&nbsp;<\/p>\n<p><strong>Este livro pertence \u00e0 cole\u00e7\u00e3o <a href=\"https:\/\/www.planetatangerina.com\/pt-pt\/l\/livros\/mini-micro\/\">Mini-micro<\/a>.<\/strong><\/p>\n","protected":false},"excerpt":{"rendered":"<p>Passamos a vida a fazer escolhas: Sim ou n\u00e3o? Laranja ou lim\u00e3o? Assim ou assado? Doce ou salgado? Decidir \u00e9 bom porque nos ajuda a encontrar o nosso lugar no mundo. Mas nem sempre \u00e9 f\u00e1cil&#8230; H\u00e1 com cada dilema! Bruxa ou fada? Tudo ou nada? Tr\u00eas ou quatro? Cinema ou teatro? Este livro, que [&hellip;]<\/p>\n","protected":false},"featured_media":8017,"template":"","meta":{"_acf_changed":false},"product_brand":[],"product_cat":[241,19,239],"product_tag":[342],"class_list":{"0":"post-6426","1":"product","2":"type-product","3":"status-publish","4":"has-post-thumbnail","6":"product_cat-com-propostas","7":"product_cat-livros","8":"product_cat-mini-micro","9":"product_tag-editor","10":"product_shipping_class-livros-leves","12":"first","13":"outofstock","14":"taxable","15":"shipping-taxable","16":"purchasable","17":"product-type-simple"},"acf":[],"yoast_head":"<!-- This site is optimized with the Yoast SEO plugin v27.2 - https:\/\/yoast.com\/product\/yoast-seo-wordpress\/ -->\n<title>Assim ou assado - ( Com propostas ), Livros, Mini-micro - Loja online do Planeta Tangerina<\/title>\n<meta name=\"description\" content=\"Comprar Assim ou assado com 10% de desconto do editor. Passamos a vida a fazer escolhas: Sim ou n\u00e3o? Laranja ou lim\u00e3o? Assim ou assado? Doce ou salgado? Decidir \u00e9 bom porque nos ajuda a encontrar o nosso lugar\" \/>\n<meta name=\"robots\" content=\"index, follow, max-snippet:-1, max-image-preview:large, max-video-preview:-1\" \/>\n<link rel=\"canonical\" href=\"https:\/\/www.planetatangerina.com\/pt-pt\/loja\/assim-ou-assado\/\" \/>\n<meta name=\"twitter:label1\" content=\"Tempo estimado de leitura\" \/>\n\t<meta name=\"twitter:data1\" content=\"1 minuto\" \/>\n<script type=\"application\/ld+json\" class=\"yoast-schema-graph\">{\"@context\":\"https:\/\/schema.org\",\"@graph\":[{\"@type\":\"WebPage\",\"@id\":\"https:\/\/www.planetatangerina.com\/pt-pt\/loja\/assim-ou-assado\/\",\"url\":\"https:\/\/www.planetatangerina.com\/pt-pt\/loja\/assim-ou-assado\/\",\"name\":\"Assim ou assado - ( Com propostas ), Livros, Mini-micro - Loja online do Planeta Tangerina\",\"isPartOf\":{\"@id\":\"https:\/\/www.planetatangerina.com\/pt-pt\/#website\"},\"primaryImageOfPage\":{\"@id\":\"https:\/\/www.planetatangerina.com\/pt-pt\/loja\/assim-ou-assado\/#primaryimage\"},\"image\":{\"@id\":\"https:\/\/www.planetatangerina.com\/pt-pt\/loja\/assim-ou-assado\/#primaryimage\"},\"thumbnailUrl\":\"https:\/\/www.planetatangerina.com\/wp-content\/uploads\/2019\/10\/assim-ou-assado-capa.jpg\",\"datePublished\":\"2019-10-29T15:08:41+00:00\",\"dateModified\":\"2024-03-12T11:24:27+00:00\",\"description\":\"Comprar Assim ou assado com 10% de desconto do editor. Passamos a vida a fazer escolhas: Sim ou n\u00e3o? Laranja ou lim\u00e3o? Assim ou assado? Doce ou salgado? Decidir \u00e9 bom porque nos ajuda a encontrar o nosso lugar\",\"breadcrumb\":{\"@id\":\"https:\/\/www.planetatangerina.com\/pt-pt\/loja\/assim-ou-assado\/#breadcrumb\"},\"inLanguage\":\"pt-PT\",\"potentialAction\":[{\"@type\":\"ReadAction\",\"target\":[\"https:\/\/www.planetatangerina.com\/pt-pt\/loja\/assim-ou-assado\/\"]}]},{\"@type\":\"ImageObject\",\"inLanguage\":\"pt-PT\",\"@id\":\"https:\/\/www.planetatangerina.com\/pt-pt\/loja\/assim-ou-assado\/#primaryimage\",\"url\":\"https:\/\/www.planetatangerina.com\/wp-content\/uploads\/2019\/10\/assim-ou-assado-capa.jpg\",\"contentUrl\":\"https:\/\/www.planetatangerina.com\/wp-content\/uploads\/2019\/10\/assim-ou-assado-capa.jpg\",\"width\":689,\"height\":800,\"caption\":\"Assim ou assado Ana Pessoa Yara Kono mini-micro\"},{\"@type\":\"BreadcrumbList\",\"@id\":\"https:\/\/www.planetatangerina.com\/pt-pt\/loja\/assim-ou-assado\/#breadcrumb\",\"itemListElement\":[{\"@type\":\"ListItem\",\"position\":1,\"name\":\"In\u00edcio\",\"item\":\"https:\/\/www.planetatangerina.com\/pt-pt\/\"},{\"@type\":\"ListItem\",\"position\":2,\"name\":\"Loja\",\"item\":\"https:\/\/www.planetatangerina.com\/pt-pt\/loja\/\"},{\"@type\":\"ListItem\",\"position\":3,\"name\":\"Assim ou assado\"}]},{\"@type\":\"WebSite\",\"@id\":\"https:\/\/www.planetatangerina.com\/pt-pt\/#website\",\"url\":\"https:\/\/www.planetatangerina.com\/pt-pt\/\",\"name\":\"Planeta Tangerina\",\"description\":\"Editora independente de livros infantis e juvenis. Fic\u00e7\u00e3o, livros informativos e novelas gr\u00e1ficas no Plano Nacional de Leitura \u2014 PNL.\",\"publisher\":{\"@id\":\"https:\/\/www.planetatangerina.com\/pt-pt\/#organization\"},\"potentialAction\":[{\"@type\":\"SearchAction\",\"target\":{\"@type\":\"EntryPoint\",\"urlTemplate\":\"https:\/\/www.planetatangerina.com\/pt-pt\/?s={search_term_string}\"},\"query-input\":{\"@type\":\"PropertyValueSpecification\",\"valueRequired\":true,\"valueName\":\"search_term_string\"}}],\"inLanguage\":\"pt-PT\"},{\"@type\":\"Organization\",\"@id\":\"https:\/\/www.planetatangerina.com\/pt-pt\/#organization\",\"name\":\"Planeta Tangerina\",\"url\":\"https:\/\/www.planetatangerina.com\/pt-pt\/\",\"logo\":{\"@type\":\"ImageObject\",\"inLanguage\":\"pt-PT\",\"@id\":\"https:\/\/www.planetatangerina.com\/pt-pt\/#\/schema\/logo\/image\/\",\"url\":\"https:\/\/www.planetatangerina.com\/wp-content\/uploads\/2020\/02\/logo.png\",\"contentUrl\":\"https:\/\/www.planetatangerina.com\/wp-content\/uploads\/2020\/02\/logo.png\",\"width\":275,\"height\":15,\"caption\":\"Planeta Tangerina\"},\"image\":{\"@id\":\"https:\/\/www.planetatangerina.com\/pt-pt\/#\/schema\/logo\/image\/\"},\"sameAs\":[\"https:\/\/www.facebook.com\/planetatangerina\/\",\"https:\/\/www.instagram.com\/planetatangerina\/\"]}]}<\/script>\n<!-- \/ Yoast SEO plugin. -->","yoast_head_json":{"title":"Assim ou assado - ( Com propostas ), Livros, Mini-micro - Loja online do Planeta Tangerina","description":"Comprar Assim ou assado com 10% de desconto do editor. Passamos a vida a fazer escolhas: Sim ou n\u00e3o? Laranja ou lim\u00e3o? Assim ou assado? Doce ou salgado? Decidir \u00e9 bom porque nos ajuda a encontrar o nosso lugar","robots":{"index":"index","follow":"follow","max-snippet":"max-snippet:-1","max-image-preview":"max-image-preview:large","max-video-preview":"max-video-preview:-1"},"canonical":"https:\/\/www.planetatangerina.com\/pt-pt\/loja\/assim-ou-assado\/","twitter_misc":{"Tempo estimado de leitura":"1 minuto"},"schema":{"@context":"https:\/\/schema.org","@graph":[{"@type":"WebPage","@id":"https:\/\/www.planetatangerina.com\/pt-pt\/loja\/assim-ou-assado\/","url":"https:\/\/www.planetatangerina.com\/pt-pt\/loja\/assim-ou-assado\/","name":"Assim ou assado - ( Com propostas ), Livros, Mini-micro - Loja online do Planeta Tangerina","isPartOf":{"@id":"https:\/\/www.planetatangerina.com\/pt-pt\/#website"},"primaryImageOfPage":{"@id":"https:\/\/www.planetatangerina.com\/pt-pt\/loja\/assim-ou-assado\/#primaryimage"},"image":{"@id":"https:\/\/www.planetatangerina.com\/pt-pt\/loja\/assim-ou-assado\/#primaryimage"},"thumbnailUrl":"https:\/\/www.planetatangerina.com\/wp-content\/uploads\/2019\/10\/assim-ou-assado-capa.jpg","datePublished":"2019-10-29T15:08:41+00:00","dateModified":"2024-03-12T11:24:27+00:00","description":"Comprar Assim ou assado com 10% de desconto do editor. Passamos a vida a fazer escolhas: Sim ou n\u00e3o? Laranja ou lim\u00e3o? Assim ou assado? Doce ou salgado? Decidir \u00e9 bom porque nos ajuda a encontrar o nosso lugar","breadcrumb":{"@id":"https:\/\/www.planetatangerina.com\/pt-pt\/loja\/assim-ou-assado\/#breadcrumb"},"inLanguage":"pt-PT","potentialAction":[{"@type":"ReadAction","target":["https:\/\/www.planetatangerina.com\/pt-pt\/loja\/assim-ou-assado\/"]}]},{"@type":"ImageObject","inLanguage":"pt-PT","@id":"https:\/\/www.planetatangerina.com\/pt-pt\/loja\/assim-ou-assado\/#primaryimage","url":"https:\/\/www.planetatangerina.com\/wp-content\/uploads\/2019\/10\/assim-ou-assado-capa.jpg","contentUrl":"https:\/\/www.planetatangerina.com\/wp-content\/uploads\/2019\/10\/assim-ou-assado-capa.jpg","width":689,"height":800,"caption":"Assim ou assado Ana Pessoa Yara Kono mini-micro"},{"@type":"BreadcrumbList","@id":"https:\/\/www.planetatangerina.com\/pt-pt\/loja\/assim-ou-assado\/#breadcrumb","itemListElement":[{"@type":"ListItem","position":1,"name":"In\u00edcio","item":"https:\/\/www.planetatangerina.com\/pt-pt\/"},{"@type":"ListItem","position":2,"name":"Loja","item":"https:\/\/www.planetatangerina.com\/pt-pt\/loja\/"},{"@type":"ListItem","position":3,"name":"Assim ou assado"}]},{"@type":"WebSite","@id":"https:\/\/www.planetatangerina.com\/pt-pt\/#website","url":"https:\/\/www.planetatangerina.com\/pt-pt\/","name":"Planeta Tangerina","description":"Editora independente de livros infantis e juvenis. Fic\u00e7\u00e3o, livros informativos e novelas gr\u00e1ficas no Plano Nacional de Leitura \u2014 PNL.","publisher":{"@id":"https:\/\/www.planetatangerina.com\/pt-pt\/#organization"},"potentialAction":[{"@type":"SearchAction","target":{"@type":"EntryPoint","urlTemplate":"https:\/\/www.planetatangerina.com\/pt-pt\/?s={search_term_string}"},"query-input":{"@type":"PropertyValueSpecification","valueRequired":true,"valueName":"search_term_string"}}],"inLanguage":"pt-PT"},{"@type":"Organization","@id":"https:\/\/www.planetatangerina.com\/pt-pt\/#organization","name":"Planeta Tangerina","url":"https:\/\/www.planetatangerina.com\/pt-pt\/","logo":{"@type":"ImageObject","inLanguage":"pt-PT","@id":"https:\/\/www.planetatangerina.com\/pt-pt\/#\/schema\/logo\/image\/","url":"https:\/\/www.planetatangerina.com\/wp-content\/uploads\/2020\/02\/logo.png","contentUrl":"https:\/\/www.planetatangerina.com\/wp-content\/uploads\/2020\/02\/logo.png","width":275,"height":15,"caption":"Planeta Tangerina"},"image":{"@id":"https:\/\/www.planetatangerina.com\/pt-pt\/#\/schema\/logo\/image\/"},"sameAs":["https:\/\/www.facebook.com\/planetatangerina\/","https:\/\/www.instagram.com\/planetatangerina\/"]}]}},"_links":{"self":[{"href":"https:\/\/www.planetatangerina.com\/pt-pt\/wp-json\/wp\/v2\/product\/6426","targetHints":{"allow":["GET"]}}],"collection":[{"href":"https:\/\/www.planetatangerina.com\/pt-pt\/wp-json\/wp\/v2\/product"}],"about":[{"href":"https:\/\/www.planetatangerina.com\/pt-pt\/wp-json\/wp\/v2\/types\/product"}],"wp:featuredmedia":[{"embeddable":true,"href":"https:\/\/www.planetatangerina.com\/pt-pt\/wp-json\/wp\/v2\/media\/8017"}],"wp:attachment":[{"href":"https:\/\/www.planetatangerina.com\/pt-pt\/wp-json\/wp\/v2\/media?parent=6426"}],"wp:term":[{"taxonomy":"product_brand","embeddable":true,"href":"https:\/\/www.planetatangerina.com\/pt-pt\/wp-json\/wp\/v2\/product_brand?post=6426"},{"taxonomy":"product_cat","embeddable":true,"href":"https:\/\/www.planetatangerina.com\/pt-pt\/wp-json\/wp\/v2\/product_cat?post=6426"},{"taxonomy":"product_tag","embeddable":true,"href":"https:\/\/www.planetatangerina.com\/pt-pt\/wp-json\/wp\/v2\/product_tag?post=6426"}],"curies":[{"name":"wp","href":"https:\/\/api.w.org\/{rel}","templated":true}]}}