{"id":275,"date":"2019-03-21T17:54:19","date_gmt":"2019-03-21T17:54:19","guid":{"rendered":"http:\/\/35.204.72.170\/?post_type=product&#038;p=275"},"modified":"2022-12-22T12:59:09","modified_gmt":"2022-12-22T12:59:09","slug":"o-livro-dos-quintais","status":"publish","type":"product","link":"https:\/\/www.planetatangerina.com\/pt-pt\/loja\/o-livro-dos-quintais\/","title":{"rendered":"O livro dos quintais"},"content":{"rendered":"<p style=\"font-weight: 400;\">N\u00e3o se assustem os mais supersticiosos: neste livro damos de caras com um gato preto, daqueles meio vadios que de vez em quando se atravessam no nosso caminho.<\/p>\n<p style=\"font-weight: 400;\">O gato chama-se Gatuno e vive de quintal em quintal, escolhendo o dono e a sombra que mais lhe conv\u00eam, de acordo com a \u00e9poca do ano e as suas vontades felinas.<\/p>\n<p style=\"font-weight: 400;\">Tal como o Gatuno, neste livro n\u00e3o entramos em casa de ningu\u00e9m. Ficamo-nos antes pelas hist\u00f3rias paralelas que se passam c\u00e1 fora, \u00e0 beira de limoeiros e nespereiras, hortas e estendais, acompanhando a vida de oito quintais e seus respetivos ocupantes.<\/p>\n","protected":false},"excerpt":{"rendered":"<p>N\u00e3o se assustem os mais supersticiosos: neste livro damos de caras com um gato preto, daqueles meio vadios que de vez em quando se atravessam no nosso caminho. O gato chama-se Gatuno e vive de quintal em quintal, escolhendo o dono e a sombra que mais lhe conv\u00eam, de acordo com a \u00e9poca do ano [&hellip;]<\/p>\n","protected":false},"featured_media":18545,"template":"","meta":{"_acf_changed":false},"product_brand":[],"product_cat":[241,20,19],"product_tag":[342],"class_list":{"0":"post-275","1":"product","2":"type-product","3":"status-publish","4":"has-post-thumbnail","6":"product_cat-com-propostas","7":"product_cat-albuns-ilustrados","8":"product_cat-livros","9":"product_tag-editor","11":"first","12":"outofstock","13":"taxable","14":"shipping-taxable","15":"purchasable","16":"product-type-simple"},"acf":[],"yoast_head":"<!-- This site is optimized with the Yoast SEO plugin v27.2 - https:\/\/yoast.com\/product\/yoast-seo-wordpress\/ -->\n<title>O livro dos quintais - ( Com propostas ), \u00c1lbuns ilustrados, Livros - Loja online do Planeta Tangerina<\/title>\n<meta name=\"description\" content=\"Comprar O livro dos quintais com 10% de desconto do editor. N\u00e3o se assustem os mais supersticiosos: neste livro damos de caras com um gato preto, daqueles meio vadios que de vez em quando se atravessam no nosso\" \/>\n<meta name=\"robots\" content=\"index, follow, max-snippet:-1, max-image-preview:large, max-video-preview:-1\" \/>\n<link rel=\"canonical\" href=\"https:\/\/www.planetatangerina.com\/pt-pt\/loja\/o-livro-dos-quintais\/\" \/>\n<meta name=\"twitter:label1\" content=\"Tempo estimado de leitura\" \/>\n\t<meta name=\"twitter:data1\" content=\"1 minuto\" \/>\n<script type=\"application\/ld+json\" class=\"yoast-schema-graph\">{\"@context\":\"https:\/\/schema.org\",\"@graph\":[{\"@type\":\"WebPage\",\"@id\":\"https:\/\/www.planetatangerina.com\/pt-pt\/loja\/o-livro-dos-quintais\/\",\"url\":\"https:\/\/www.planetatangerina.com\/pt-pt\/loja\/o-livro-dos-quintais\/\",\"name\":\"O livro dos quintais - ( Com propostas ), \u00c1lbuns ilustrados, Livros - Loja online do Planeta Tangerina\",\"isPartOf\":{\"@id\":\"https:\/\/www.planetatangerina.com\/pt-pt\/#website\"},\"primaryImageOfPage\":{\"@id\":\"https:\/\/www.planetatangerina.com\/pt-pt\/loja\/o-livro-dos-quintais\/#primaryimage\"},\"image\":{\"@id\":\"https:\/\/www.planetatangerina.com\/pt-pt\/loja\/o-livro-dos-quintais\/#primaryimage\"},\"thumbnailUrl\":\"https:\/\/www.planetatangerina.com\/wp-content\/uploads\/2019\/03\/capa-livroquintais.jpg\",\"datePublished\":\"2019-03-21T17:54:19+00:00\",\"dateModified\":\"2022-12-22T12:59:09+00:00\",\"description\":\"Comprar O livro dos quintais com 10% de desconto do editor. N\u00e3o se assustem os mais supersticiosos: neste livro damos de caras com um gato preto, daqueles meio vadios que de vez em quando se atravessam no nosso\",\"breadcrumb\":{\"@id\":\"https:\/\/www.planetatangerina.com\/pt-pt\/loja\/o-livro-dos-quintais\/#breadcrumb\"},\"inLanguage\":\"pt-PT\",\"potentialAction\":[{\"@type\":\"ReadAction\",\"target\":[\"https:\/\/www.planetatangerina.com\/pt-pt\/loja\/o-livro-dos-quintais\/\"]}]},{\"@type\":\"ImageObject\",\"inLanguage\":\"pt-PT\",\"@id\":\"https:\/\/www.planetatangerina.com\/pt-pt\/loja\/o-livro-dos-quintais\/#primaryimage\",\"url\":\"https:\/\/www.planetatangerina.com\/wp-content\/uploads\/2019\/03\/capa-livroquintais.jpg\",\"contentUrl\":\"https:\/\/www.planetatangerina.com\/wp-content\/uploads\/2019\/03\/capa-livroquintais.jpg\",\"width\":882,\"height\":762,\"caption\":\"O livro dos quintais Isabel Minh\u00f3s Martins Bernardo P. Carvalho\"},{\"@type\":\"BreadcrumbList\",\"@id\":\"https:\/\/www.planetatangerina.com\/pt-pt\/loja\/o-livro-dos-quintais\/#breadcrumb\",\"itemListElement\":[{\"@type\":\"ListItem\",\"position\":1,\"name\":\"In\u00edcio\",\"item\":\"https:\/\/www.planetatangerina.com\/pt-pt\/\"},{\"@type\":\"ListItem\",\"position\":2,\"name\":\"Loja\",\"item\":\"https:\/\/www.planetatangerina.com\/pt-pt\/loja\/\"},{\"@type\":\"ListItem\",\"position\":3,\"name\":\"O livro dos quintais\"}]},{\"@type\":\"WebSite\",\"@id\":\"https:\/\/www.planetatangerina.com\/pt-pt\/#website\",\"url\":\"https:\/\/www.planetatangerina.com\/pt-pt\/\",\"name\":\"Planeta Tangerina\",\"description\":\"Editora independente de livros infantis e juvenis. Fic\u00e7\u00e3o, livros informativos e novelas gr\u00e1ficas no Plano Nacional de Leitura \u2014 PNL.\",\"publisher\":{\"@id\":\"https:\/\/www.planetatangerina.com\/pt-pt\/#organization\"},\"potentialAction\":[{\"@type\":\"SearchAction\",\"target\":{\"@type\":\"EntryPoint\",\"urlTemplate\":\"https:\/\/www.planetatangerina.com\/pt-pt\/?s={search_term_string}\"},\"query-input\":{\"@type\":\"PropertyValueSpecification\",\"valueRequired\":true,\"valueName\":\"search_term_string\"}}],\"inLanguage\":\"pt-PT\"},{\"@type\":\"Organization\",\"@id\":\"https:\/\/www.planetatangerina.com\/pt-pt\/#organization\",\"name\":\"Planeta Tangerina\",\"url\":\"https:\/\/www.planetatangerina.com\/pt-pt\/\",\"logo\":{\"@type\":\"ImageObject\",\"inLanguage\":\"pt-PT\",\"@id\":\"https:\/\/www.planetatangerina.com\/pt-pt\/#\/schema\/logo\/image\/\",\"url\":\"https:\/\/www.planetatangerina.com\/wp-content\/uploads\/2020\/02\/logo.png\",\"contentUrl\":\"https:\/\/www.planetatangerina.com\/wp-content\/uploads\/2020\/02\/logo.png\",\"width\":275,\"height\":15,\"caption\":\"Planeta Tangerina\"},\"image\":{\"@id\":\"https:\/\/www.planetatangerina.com\/pt-pt\/#\/schema\/logo\/image\/\"},\"sameAs\":[\"https:\/\/www.facebook.com\/planetatangerina\/\",\"https:\/\/www.instagram.com\/planetatangerina\/\"]}]}<\/script>\n<!-- \/ Yoast SEO plugin. -->","yoast_head_json":{"title":"O livro dos quintais - ( Com propostas ), \u00c1lbuns ilustrados, Livros - Loja online do Planeta Tangerina","description":"Comprar O livro dos quintais com 10% de desconto do editor. N\u00e3o se assustem os mais supersticiosos: neste livro damos de caras com um gato preto, daqueles meio vadios que de vez em quando se atravessam no nosso","robots":{"index":"index","follow":"follow","max-snippet":"max-snippet:-1","max-image-preview":"max-image-preview:large","max-video-preview":"max-video-preview:-1"},"canonical":"https:\/\/www.planetatangerina.com\/pt-pt\/loja\/o-livro-dos-quintais\/","twitter_misc":{"Tempo estimado de leitura":"1 minuto"},"schema":{"@context":"https:\/\/schema.org","@graph":[{"@type":"WebPage","@id":"https:\/\/www.planetatangerina.com\/pt-pt\/loja\/o-livro-dos-quintais\/","url":"https:\/\/www.planetatangerina.com\/pt-pt\/loja\/o-livro-dos-quintais\/","name":"O livro dos quintais - ( Com propostas ), \u00c1lbuns ilustrados, Livros - Loja online do Planeta Tangerina","isPartOf":{"@id":"https:\/\/www.planetatangerina.com\/pt-pt\/#website"},"primaryImageOfPage":{"@id":"https:\/\/www.planetatangerina.com\/pt-pt\/loja\/o-livro-dos-quintais\/#primaryimage"},"image":{"@id":"https:\/\/www.planetatangerina.com\/pt-pt\/loja\/o-livro-dos-quintais\/#primaryimage"},"thumbnailUrl":"https:\/\/www.planetatangerina.com\/wp-content\/uploads\/2019\/03\/capa-livroquintais.jpg","datePublished":"2019-03-21T17:54:19+00:00","dateModified":"2022-12-22T12:59:09+00:00","description":"Comprar O livro dos quintais com 10% de desconto do editor. N\u00e3o se assustem os mais supersticiosos: neste livro damos de caras com um gato preto, daqueles meio vadios que de vez em quando se atravessam no nosso","breadcrumb":{"@id":"https:\/\/www.planetatangerina.com\/pt-pt\/loja\/o-livro-dos-quintais\/#breadcrumb"},"inLanguage":"pt-PT","potentialAction":[{"@type":"ReadAction","target":["https:\/\/www.planetatangerina.com\/pt-pt\/loja\/o-livro-dos-quintais\/"]}]},{"@type":"ImageObject","inLanguage":"pt-PT","@id":"https:\/\/www.planetatangerina.com\/pt-pt\/loja\/o-livro-dos-quintais\/#primaryimage","url":"https:\/\/www.planetatangerina.com\/wp-content\/uploads\/2019\/03\/capa-livroquintais.jpg","contentUrl":"https:\/\/www.planetatangerina.com\/wp-content\/uploads\/2019\/03\/capa-livroquintais.jpg","width":882,"height":762,"caption":"O livro dos quintais Isabel Minh\u00f3s Martins Bernardo P. Carvalho"},{"@type":"BreadcrumbList","@id":"https:\/\/www.planetatangerina.com\/pt-pt\/loja\/o-livro-dos-quintais\/#breadcrumb","itemListElement":[{"@type":"ListItem","position":1,"name":"In\u00edcio","item":"https:\/\/www.planetatangerina.com\/pt-pt\/"},{"@type":"ListItem","position":2,"name":"Loja","item":"https:\/\/www.planetatangerina.com\/pt-pt\/loja\/"},{"@type":"ListItem","position":3,"name":"O livro dos quintais"}]},{"@type":"WebSite","@id":"https:\/\/www.planetatangerina.com\/pt-pt\/#website","url":"https:\/\/www.planetatangerina.com\/pt-pt\/","name":"Planeta Tangerina","description":"Editora independente de livros infantis e juvenis. Fic\u00e7\u00e3o, livros informativos e novelas gr\u00e1ficas no Plano Nacional de Leitura \u2014 PNL.","publisher":{"@id":"https:\/\/www.planetatangerina.com\/pt-pt\/#organization"},"potentialAction":[{"@type":"SearchAction","target":{"@type":"EntryPoint","urlTemplate":"https:\/\/www.planetatangerina.com\/pt-pt\/?s={search_term_string}"},"query-input":{"@type":"PropertyValueSpecification","valueRequired":true,"valueName":"search_term_string"}}],"inLanguage":"pt-PT"},{"@type":"Organization","@id":"https:\/\/www.planetatangerina.com\/pt-pt\/#organization","name":"Planeta Tangerina","url":"https:\/\/www.planetatangerina.com\/pt-pt\/","logo":{"@type":"ImageObject","inLanguage":"pt-PT","@id":"https:\/\/www.planetatangerina.com\/pt-pt\/#\/schema\/logo\/image\/","url":"https:\/\/www.planetatangerina.com\/wp-content\/uploads\/2020\/02\/logo.png","contentUrl":"https:\/\/www.planetatangerina.com\/wp-content\/uploads\/2020\/02\/logo.png","width":275,"height":15,"caption":"Planeta Tangerina"},"image":{"@id":"https:\/\/www.planetatangerina.com\/pt-pt\/#\/schema\/logo\/image\/"},"sameAs":["https:\/\/www.facebook.com\/planetatangerina\/","https:\/\/www.instagram.com\/planetatangerina\/"]}]}},"_links":{"self":[{"href":"https:\/\/www.planetatangerina.com\/pt-pt\/wp-json\/wp\/v2\/product\/275","targetHints":{"allow":["GET"]}}],"collection":[{"href":"https:\/\/www.planetatangerina.com\/pt-pt\/wp-json\/wp\/v2\/product"}],"about":[{"href":"https:\/\/www.planetatangerina.com\/pt-pt\/wp-json\/wp\/v2\/types\/product"}],"wp:featuredmedia":[{"embeddable":true,"href":"https:\/\/www.planetatangerina.com\/pt-pt\/wp-json\/wp\/v2\/media\/18545"}],"wp:attachment":[{"href":"https:\/\/www.planetatangerina.com\/pt-pt\/wp-json\/wp\/v2\/media?parent=275"}],"wp:term":[{"taxonomy":"product_brand","embeddable":true,"href":"https:\/\/www.planetatangerina.com\/pt-pt\/wp-json\/wp\/v2\/product_brand?post=275"},{"taxonomy":"product_cat","embeddable":true,"href":"https:\/\/www.planetatangerina.com\/pt-pt\/wp-json\/wp\/v2\/product_cat?post=275"},{"taxonomy":"product_tag","embeddable":true,"href":"https:\/\/www.planetatangerina.com\/pt-pt\/wp-json\/wp\/v2\/product_tag?post=275"}],"curies":[{"name":"wp","href":"https:\/\/api.w.org\/{rel}","templated":true}]}}