{"id":242,"date":"2019-03-21T16:11:41","date_gmt":"2019-03-21T16:11:41","guid":{"rendered":"http:\/\/35.204.72.170\/?post_type=product&#038;p=242"},"modified":"2026-04-15T10:30:44","modified_gmt":"2026-04-15T09:30:44","slug":"coracao-de-mae","status":"publish","type":"product","link":"https:\/\/www.planetatangerina.com\/pt-pt\/loja\/coracao-de-mae\/","title":{"rendered":"Cora\u00e7\u00e3o de m\u00e3e"},"content":{"rendered":"<p>Os cardiologistas e outros cientistas fizeram por estes dias uma descoberta que veio espantar o mundo. Ao observarem, ao detalhe, um cora\u00e7\u00e3o de m\u00e3e descobriram que este \u00f3rg\u00e3o n\u00e3o \u00e9 apenas um m\u00fasculo que bate sem parar&#8230; mas sim um lugar m\u00e1gico onde acontecem as mais extraordin\u00e1rias das coisas.<\/p>\n<p>Mas como?<\/p>\n<p>Os cientistas descobriram que o cora\u00e7\u00e3o de m\u00e3e est\u00e1 ligado a cada cora\u00e7\u00e3o de filho por um fio fininho, quase invis\u00edvel. E \u00e9 por causa desse fio que tudo o que acontece aos filhos, faz acontecer alguma coisa no cora\u00e7\u00e3o de m\u00e3e. Querem ver?<\/p>\n<p>\u201cQuando os filhos d\u00e3o gargalhadas,<br \/>\no cora\u00e7\u00e3o de m\u00e3e at\u00e9 canta.<br \/>\nQuando um filho est\u00e1 triste,<br \/>\no cora\u00e7\u00e3o de m\u00e3e parte-se em mil bocadinhos.<\/p>\n<p>Quando um filho fica doente,<br \/>\no cora\u00e7\u00e3o de m\u00e3e fica \u00e0s pintinhas (e muito mais pequenino\u2026).<br \/>\nMas o cora\u00e7\u00e3o de m\u00e3e volta a crescer<br \/>\nquando um filho se sente finalmente melhor!\u201d<\/p>\n","protected":false},"excerpt":{"rendered":"<p>Os cardiologistas e outros cientistas fizeram por estes dias uma descoberta que veio espantar o mundo. Ao observarem, ao detalhe, um cora\u00e7\u00e3o de m\u00e3e descobriram que este \u00f3rg\u00e3o n\u00e3o \u00e9 apenas um m\u00fasculo que bate sem parar&#8230; mas sim um lugar m\u00e1gico onde acontecem as mais extraordin\u00e1rias das coisas. Mas como? Os cientistas descobriram que [&hellip;]<\/p>\n","protected":false},"featured_media":18376,"template":"","meta":{"_acf_changed":false},"product_brand":[],"product_cat":[241,20,19],"product_tag":[342],"class_list":{"0":"post-242","1":"product","2":"type-product","3":"status-publish","4":"has-post-thumbnail","6":"product_cat-com-propostas","7":"product_cat-albuns-ilustrados","8":"product_cat-livros","9":"product_tag-editor","11":"first","12":"instock","13":"taxable","14":"shipping-taxable","15":"purchasable","16":"product-type-simple"},"acf":[],"yoast_head":"<!-- This site is optimized with the Yoast SEO plugin v27.2 - https:\/\/yoast.com\/product\/yoast-seo-wordpress\/ -->\n<title>Cora\u00e7\u00e3o de m\u00e3e - ( Com propostas ), \u00c1lbuns ilustrados, Livros - Loja online do Planeta Tangerina<\/title>\n<meta name=\"description\" content=\"Comprar Cora\u00e7\u00e3o de m\u00e3e com 10% de desconto do editor. Os cardiologistas e outros cientistas fizeram por estes dias uma descoberta que veio espantar o mundo. Ao observarem, ao detalhe, um cora\u00e7\u00e3o de m\u00e3e\" \/>\n<meta name=\"robots\" content=\"index, follow, max-snippet:-1, max-image-preview:large, max-video-preview:-1\" \/>\n<link rel=\"canonical\" href=\"https:\/\/www.planetatangerina.com\/pt-pt\/loja\/coracao-de-mae\/\" \/>\n<meta name=\"twitter:label1\" content=\"Tempo estimado de leitura\" \/>\n\t<meta name=\"twitter:data1\" content=\"2 minutos\" \/>\n<script type=\"application\/ld+json\" class=\"yoast-schema-graph\">{\"@context\":\"https:\/\/schema.org\",\"@graph\":[{\"@type\":\"WebPage\",\"@id\":\"https:\/\/www.planetatangerina.com\/pt-pt\/loja\/coracao-de-mae\/\",\"url\":\"https:\/\/www.planetatangerina.com\/pt-pt\/loja\/coracao-de-mae\/\",\"name\":\"Cora\u00e7\u00e3o de m\u00e3e - ( Com propostas ), \u00c1lbuns ilustrados, Livros - Loja online do Planeta Tangerina\",\"isPartOf\":{\"@id\":\"https:\/\/www.planetatangerina.com\/pt-pt\/#website\"},\"primaryImageOfPage\":{\"@id\":\"https:\/\/www.planetatangerina.com\/pt-pt\/loja\/coracao-de-mae\/#primaryimage\"},\"image\":{\"@id\":\"https:\/\/www.planetatangerina.com\/pt-pt\/loja\/coracao-de-mae\/#primaryimage\"},\"thumbnailUrl\":\"https:\/\/www.planetatangerina.com\/wp-content\/uploads\/2019\/03\/capa-coracaomae.jpg\",\"datePublished\":\"2019-03-21T16:11:41+00:00\",\"dateModified\":\"2026-04-15T09:30:44+00:00\",\"description\":\"Comprar Cora\u00e7\u00e3o de m\u00e3e com 10% de desconto do editor. Os cardiologistas e outros cientistas fizeram por estes dias uma descoberta que veio espantar o mundo. Ao observarem, ao detalhe, um cora\u00e7\u00e3o de m\u00e3e\",\"breadcrumb\":{\"@id\":\"https:\/\/www.planetatangerina.com\/pt-pt\/loja\/coracao-de-mae\/#breadcrumb\"},\"inLanguage\":\"pt-PT\",\"potentialAction\":[{\"@type\":\"ReadAction\",\"target\":[\"https:\/\/www.planetatangerina.com\/pt-pt\/loja\/coracao-de-mae\/\"]}]},{\"@type\":\"ImageObject\",\"inLanguage\":\"pt-PT\",\"@id\":\"https:\/\/www.planetatangerina.com\/pt-pt\/loja\/coracao-de-mae\/#primaryimage\",\"url\":\"https:\/\/www.planetatangerina.com\/wp-content\/uploads\/2019\/03\/capa-coracaomae.jpg\",\"contentUrl\":\"https:\/\/www.planetatangerina.com\/wp-content\/uploads\/2019\/03\/capa-coracaomae.jpg\",\"width\":717,\"height\":800,\"caption\":\"Cora\u00e7\u00e3o de m\u00e3e Isabel Minh\u00f3s Martins Bernardo P. Carvalho\"},{\"@type\":\"BreadcrumbList\",\"@id\":\"https:\/\/www.planetatangerina.com\/pt-pt\/loja\/coracao-de-mae\/#breadcrumb\",\"itemListElement\":[{\"@type\":\"ListItem\",\"position\":1,\"name\":\"In\u00edcio\",\"item\":\"https:\/\/www.planetatangerina.com\/pt-pt\/\"},{\"@type\":\"ListItem\",\"position\":2,\"name\":\"Loja\",\"item\":\"https:\/\/www.planetatangerina.com\/pt-pt\/loja\/\"},{\"@type\":\"ListItem\",\"position\":3,\"name\":\"Cora\u00e7\u00e3o de m\u00e3e\"}]},{\"@type\":\"WebSite\",\"@id\":\"https:\/\/www.planetatangerina.com\/pt-pt\/#website\",\"url\":\"https:\/\/www.planetatangerina.com\/pt-pt\/\",\"name\":\"Planeta Tangerina\",\"description\":\"Editora independente de livros infantis e juvenis. Fic\u00e7\u00e3o, livros informativos e novelas gr\u00e1ficas no Plano Nacional de Leitura \u2014 PNL.\",\"publisher\":{\"@id\":\"https:\/\/www.planetatangerina.com\/pt-pt\/#organization\"},\"potentialAction\":[{\"@type\":\"SearchAction\",\"target\":{\"@type\":\"EntryPoint\",\"urlTemplate\":\"https:\/\/www.planetatangerina.com\/pt-pt\/?s={search_term_string}\"},\"query-input\":{\"@type\":\"PropertyValueSpecification\",\"valueRequired\":true,\"valueName\":\"search_term_string\"}}],\"inLanguage\":\"pt-PT\"},{\"@type\":\"Organization\",\"@id\":\"https:\/\/www.planetatangerina.com\/pt-pt\/#organization\",\"name\":\"Planeta Tangerina\",\"url\":\"https:\/\/www.planetatangerina.com\/pt-pt\/\",\"logo\":{\"@type\":\"ImageObject\",\"inLanguage\":\"pt-PT\",\"@id\":\"https:\/\/www.planetatangerina.com\/pt-pt\/#\/schema\/logo\/image\/\",\"url\":\"https:\/\/www.planetatangerina.com\/wp-content\/uploads\/2020\/02\/logo.png\",\"contentUrl\":\"https:\/\/www.planetatangerina.com\/wp-content\/uploads\/2020\/02\/logo.png\",\"width\":275,\"height\":15,\"caption\":\"Planeta Tangerina\"},\"image\":{\"@id\":\"https:\/\/www.planetatangerina.com\/pt-pt\/#\/schema\/logo\/image\/\"},\"sameAs\":[\"https:\/\/www.facebook.com\/planetatangerina\/\",\"https:\/\/www.instagram.com\/planetatangerina\/\"]}]}<\/script>\n<!-- \/ Yoast SEO plugin. -->","yoast_head_json":{"title":"Cora\u00e7\u00e3o de m\u00e3e - ( Com propostas ), \u00c1lbuns ilustrados, Livros - Loja online do Planeta Tangerina","description":"Comprar Cora\u00e7\u00e3o de m\u00e3e com 10% de desconto do editor. Os cardiologistas e outros cientistas fizeram por estes dias uma descoberta que veio espantar o mundo. Ao observarem, ao detalhe, um cora\u00e7\u00e3o de m\u00e3e","robots":{"index":"index","follow":"follow","max-snippet":"max-snippet:-1","max-image-preview":"max-image-preview:large","max-video-preview":"max-video-preview:-1"},"canonical":"https:\/\/www.planetatangerina.com\/pt-pt\/loja\/coracao-de-mae\/","twitter_misc":{"Tempo estimado de leitura":"2 minutos"},"schema":{"@context":"https:\/\/schema.org","@graph":[{"@type":"WebPage","@id":"https:\/\/www.planetatangerina.com\/pt-pt\/loja\/coracao-de-mae\/","url":"https:\/\/www.planetatangerina.com\/pt-pt\/loja\/coracao-de-mae\/","name":"Cora\u00e7\u00e3o de m\u00e3e - ( Com propostas ), \u00c1lbuns ilustrados, Livros - Loja online do Planeta Tangerina","isPartOf":{"@id":"https:\/\/www.planetatangerina.com\/pt-pt\/#website"},"primaryImageOfPage":{"@id":"https:\/\/www.planetatangerina.com\/pt-pt\/loja\/coracao-de-mae\/#primaryimage"},"image":{"@id":"https:\/\/www.planetatangerina.com\/pt-pt\/loja\/coracao-de-mae\/#primaryimage"},"thumbnailUrl":"https:\/\/www.planetatangerina.com\/wp-content\/uploads\/2019\/03\/capa-coracaomae.jpg","datePublished":"2019-03-21T16:11:41+00:00","dateModified":"2026-04-15T09:30:44+00:00","description":"Comprar Cora\u00e7\u00e3o de m\u00e3e com 10% de desconto do editor. Os cardiologistas e outros cientistas fizeram por estes dias uma descoberta que veio espantar o mundo. Ao observarem, ao detalhe, um cora\u00e7\u00e3o de m\u00e3e","breadcrumb":{"@id":"https:\/\/www.planetatangerina.com\/pt-pt\/loja\/coracao-de-mae\/#breadcrumb"},"inLanguage":"pt-PT","potentialAction":[{"@type":"ReadAction","target":["https:\/\/www.planetatangerina.com\/pt-pt\/loja\/coracao-de-mae\/"]}]},{"@type":"ImageObject","inLanguage":"pt-PT","@id":"https:\/\/www.planetatangerina.com\/pt-pt\/loja\/coracao-de-mae\/#primaryimage","url":"https:\/\/www.planetatangerina.com\/wp-content\/uploads\/2019\/03\/capa-coracaomae.jpg","contentUrl":"https:\/\/www.planetatangerina.com\/wp-content\/uploads\/2019\/03\/capa-coracaomae.jpg","width":717,"height":800,"caption":"Cora\u00e7\u00e3o de m\u00e3e Isabel Minh\u00f3s Martins Bernardo P. Carvalho"},{"@type":"BreadcrumbList","@id":"https:\/\/www.planetatangerina.com\/pt-pt\/loja\/coracao-de-mae\/#breadcrumb","itemListElement":[{"@type":"ListItem","position":1,"name":"In\u00edcio","item":"https:\/\/www.planetatangerina.com\/pt-pt\/"},{"@type":"ListItem","position":2,"name":"Loja","item":"https:\/\/www.planetatangerina.com\/pt-pt\/loja\/"},{"@type":"ListItem","position":3,"name":"Cora\u00e7\u00e3o de m\u00e3e"}]},{"@type":"WebSite","@id":"https:\/\/www.planetatangerina.com\/pt-pt\/#website","url":"https:\/\/www.planetatangerina.com\/pt-pt\/","name":"Planeta Tangerina","description":"Editora independente de livros infantis e juvenis. Fic\u00e7\u00e3o, livros informativos e novelas gr\u00e1ficas no Plano Nacional de Leitura \u2014 PNL.","publisher":{"@id":"https:\/\/www.planetatangerina.com\/pt-pt\/#organization"},"potentialAction":[{"@type":"SearchAction","target":{"@type":"EntryPoint","urlTemplate":"https:\/\/www.planetatangerina.com\/pt-pt\/?s={search_term_string}"},"query-input":{"@type":"PropertyValueSpecification","valueRequired":true,"valueName":"search_term_string"}}],"inLanguage":"pt-PT"},{"@type":"Organization","@id":"https:\/\/www.planetatangerina.com\/pt-pt\/#organization","name":"Planeta Tangerina","url":"https:\/\/www.planetatangerina.com\/pt-pt\/","logo":{"@type":"ImageObject","inLanguage":"pt-PT","@id":"https:\/\/www.planetatangerina.com\/pt-pt\/#\/schema\/logo\/image\/","url":"https:\/\/www.planetatangerina.com\/wp-content\/uploads\/2020\/02\/logo.png","contentUrl":"https:\/\/www.planetatangerina.com\/wp-content\/uploads\/2020\/02\/logo.png","width":275,"height":15,"caption":"Planeta Tangerina"},"image":{"@id":"https:\/\/www.planetatangerina.com\/pt-pt\/#\/schema\/logo\/image\/"},"sameAs":["https:\/\/www.facebook.com\/planetatangerina\/","https:\/\/www.instagram.com\/planetatangerina\/"]}]}},"_links":{"self":[{"href":"https:\/\/www.planetatangerina.com\/pt-pt\/wp-json\/wp\/v2\/product\/242","targetHints":{"allow":["GET"]}}],"collection":[{"href":"https:\/\/www.planetatangerina.com\/pt-pt\/wp-json\/wp\/v2\/product"}],"about":[{"href":"https:\/\/www.planetatangerina.com\/pt-pt\/wp-json\/wp\/v2\/types\/product"}],"wp:featuredmedia":[{"embeddable":true,"href":"https:\/\/www.planetatangerina.com\/pt-pt\/wp-json\/wp\/v2\/media\/18376"}],"wp:attachment":[{"href":"https:\/\/www.planetatangerina.com\/pt-pt\/wp-json\/wp\/v2\/media?parent=242"}],"wp:term":[{"taxonomy":"product_brand","embeddable":true,"href":"https:\/\/www.planetatangerina.com\/pt-pt\/wp-json\/wp\/v2\/product_brand?post=242"},{"taxonomy":"product_cat","embeddable":true,"href":"https:\/\/www.planetatangerina.com\/pt-pt\/wp-json\/wp\/v2\/product_cat?post=242"},{"taxonomy":"product_tag","embeddable":true,"href":"https:\/\/www.planetatangerina.com\/pt-pt\/wp-json\/wp\/v2\/product_tag?post=242"}],"curies":[{"name":"wp","href":"https:\/\/api.w.org\/{rel}","templated":true}]}}