{"id":23045,"date":"2024-03-14T16:24:19","date_gmt":"2024-03-14T16:24:19","guid":{"rendered":"https:\/\/www.planetatangerina.com\/?post_type=product&#038;p=23045"},"modified":"2026-01-23T13:39:17","modified_gmt":"2026-01-23T13:39:17","slug":"gato-comum","status":"publish","type":"product","link":"https:\/\/www.planetatangerina.com\/pt-pt\/loja\/gato-comum\/","title":{"rendered":"Gato comum"},"content":{"rendered":"<p class=\"p1\">Considerada pela cr\u00edtica dona de \u00abuma voz narrativa avassaladora\u00bb, Joana Estrela regressa \u00e0 BD com uma hist\u00f3ria que acompanha os \u00faltimos dias da vida de um gato e as dif\u00edceis decis\u00f5es que pesam sobre a fam\u00edlia que o acolhe.<span class=\"Apple-converted-space\">\u00a0<\/span><\/p>\n<p class=\"p1\">Um livro comovente sobre o luto, que celebra tamb\u00e9m a vida de um gato no seio de uma fam\u00edlia humana: as cumplicidades, os sustos, os h\u00e1bitos e as manias \u2014 e, por fim, os dias que obrigam \u00e0 despedida.<span class=\"Apple-converted-space\">\u00a0<\/span><\/p>\n<p class=\"p1\"><i>\u00ab\u00c9 s\u00e1bado de manh\u00e3. O gato ainda est\u00e1 vivo. Mas tamb\u00e9m ainda est\u00e1 a morrer.\u00bb<\/i><\/p>\n<p>&nbsp;<\/p>\n<p><strong>Esta novela gr\u00e1fica pertence \u00e0 cole\u00e7\u00e3o <a href=\"https:\/\/www.planetatangerina.com\/pt-pt\/l\/livros\/dois-passos-e-um-salto\/\">2 Passos e 1 Salto<\/a>.<\/strong><\/p>\n<p>&nbsp;<\/p>\n<h6><a style=\"letter-spacing: 1px;border: 3px solid #079347;padding: 5px\" href=\"https:\/\/www.planetatangerina.com\/wp-content\/uploads\/2024\/03\/gatocomum_sample.pdf\">EXCERTO DO LIVRO<\/a><\/h6>\n","protected":false},"excerpt":{"rendered":"<p>Considerada pela cr\u00edtica dona de \u00abuma voz narrativa avassaladora\u00bb, Joana Estrela regressa \u00e0 BD com uma hist\u00f3ria que acompanha os \u00faltimos dias da vida de um gato e as dif\u00edceis decis\u00f5es que pesam sobre a fam\u00edlia que o acolhe.\u00a0 Um livro comovente sobre o luto, que celebra tamb\u00e9m a vida de um gato no seio [&hellip;]<\/p>\n","protected":false},"featured_media":23046,"template":"","meta":{"_acf_changed":false},"product_brand":[],"product_cat":[22,19,15],"product_tag":[342],"class_list":{"0":"post-23045","1":"product","2":"type-product","3":"status-publish","4":"has-post-thumbnail","6":"product_cat-dois-passos-e-um-salto","7":"product_cat-livros","8":"product_cat-sem-categoria","9":"product_tag-editor","11":"first","12":"instock","13":"taxable","14":"shipping-taxable","15":"purchasable","16":"product-type-simple"},"acf":[],"yoast_head":"<!-- This site is optimized with the Yoast SEO plugin v27.5 - https:\/\/yoast.com\/product\/yoast-seo-wordpress\/ -->\n<title>Gato comum - 2 passos e 1 salto, Livros, Planeta Tangerina - Loja online do Planeta Tangerina<\/title>\n<meta name=\"description\" content=\"Comprar Gato comum com 10% de desconto do editor. Considerada pela cr\u00edtica dona de \u00abuma voz narrativa avassaladora\u00bb, Joana Estrela regressa \u00e0 BD com uma hist\u00f3ria que acompanha os \u00faltimos dias da vida de\" \/>\n<meta name=\"robots\" content=\"index, follow, max-snippet:-1, max-image-preview:large, max-video-preview:-1\" \/>\n<link rel=\"canonical\" href=\"https:\/\/www.planetatangerina.com\/pt-pt\/loja\/gato-comum\/\" \/>\n<meta name=\"twitter:label1\" content=\"Tempo estimado de leitura\" \/>\n\t<meta name=\"twitter:data1\" content=\"1 minuto\" \/>\n<script type=\"application\/ld+json\" class=\"yoast-schema-graph\">{\"@context\":\"https:\\\/\\\/schema.org\",\"@graph\":[{\"@type\":\"WebPage\",\"@id\":\"https:\\\/\\\/www.planetatangerina.com\\\/pt-pt\\\/loja\\\/gato-comum\\\/\",\"url\":\"https:\\\/\\\/www.planetatangerina.com\\\/pt-pt\\\/loja\\\/gato-comum\\\/\",\"name\":\"Gato comum - 2 passos e 1 salto, Livros, Planeta Tangerina - Loja online do Planeta Tangerina\",\"isPartOf\":{\"@id\":\"https:\\\/\\\/www.planetatangerina.com\\\/pt-pt\\\/#website\"},\"primaryImageOfPage\":{\"@id\":\"https:\\\/\\\/www.planetatangerina.com\\\/pt-pt\\\/loja\\\/gato-comum\\\/#primaryimage\"},\"image\":{\"@id\":\"https:\\\/\\\/www.planetatangerina.com\\\/pt-pt\\\/loja\\\/gato-comum\\\/#primaryimage\"},\"thumbnailUrl\":\"https:\\\/\\\/www.planetatangerina.com\\\/wp-content\\\/uploads\\\/2024\\\/03\\\/gatocomum_capasite.jpg\",\"datePublished\":\"2024-03-14T16:24:19+00:00\",\"dateModified\":\"2026-01-23T13:39:17+00:00\",\"description\":\"Comprar Gato comum com 10% de desconto do editor. Considerada pela cr\u00edtica dona de \u00abuma voz narrativa avassaladora\u00bb, Joana Estrela regressa \u00e0 BD com uma hist\u00f3ria que acompanha os \u00faltimos dias da vida de\",\"breadcrumb\":{\"@id\":\"https:\\\/\\\/www.planetatangerina.com\\\/pt-pt\\\/loja\\\/gato-comum\\\/#breadcrumb\"},\"inLanguage\":\"pt-PT\",\"potentialAction\":[{\"@type\":\"ReadAction\",\"target\":[\"https:\\\/\\\/www.planetatangerina.com\\\/pt-pt\\\/loja\\\/gato-comum\\\/\"]}]},{\"@type\":\"ImageObject\",\"inLanguage\":\"pt-PT\",\"@id\":\"https:\\\/\\\/www.planetatangerina.com\\\/pt-pt\\\/loja\\\/gato-comum\\\/#primaryimage\",\"url\":\"https:\\\/\\\/www.planetatangerina.com\\\/wp-content\\\/uploads\\\/2024\\\/03\\\/gatocomum_capasite.jpg\",\"contentUrl\":\"https:\\\/\\\/www.planetatangerina.com\\\/wp-content\\\/uploads\\\/2024\\\/03\\\/gatocomum_capasite.jpg\",\"width\":886,\"height\":1270,\"caption\":\"Gato comum Joana Estrela\"},{\"@type\":\"BreadcrumbList\",\"@id\":\"https:\\\/\\\/www.planetatangerina.com\\\/pt-pt\\\/loja\\\/gato-comum\\\/#breadcrumb\",\"itemListElement\":[{\"@type\":\"ListItem\",\"position\":1,\"name\":\"In\u00edcio\",\"item\":\"https:\\\/\\\/www.planetatangerina.com\\\/pt-pt\\\/\"},{\"@type\":\"ListItem\",\"position\":2,\"name\":\"Loja\",\"item\":\"https:\\\/\\\/www.planetatangerina.com\\\/pt-pt\\\/loja\\\/\"},{\"@type\":\"ListItem\",\"position\":3,\"name\":\"Gato comum\"}]},{\"@type\":\"WebSite\",\"@id\":\"https:\\\/\\\/www.planetatangerina.com\\\/pt-pt\\\/#website\",\"url\":\"https:\\\/\\\/www.planetatangerina.com\\\/pt-pt\\\/\",\"name\":\"Planeta Tangerina\",\"description\":\"Editora independente de livros infantis e juvenis. Fic\u00e7\u00e3o, livros informativos e novelas gr\u00e1ficas no Plano Nacional de Leitura \u2014 PNL.\",\"publisher\":{\"@id\":\"https:\\\/\\\/www.planetatangerina.com\\\/pt-pt\\\/#organization\"},\"potentialAction\":[{\"@type\":\"SearchAction\",\"target\":{\"@type\":\"EntryPoint\",\"urlTemplate\":\"https:\\\/\\\/www.planetatangerina.com\\\/pt-pt\\\/?s={search_term_string}\"},\"query-input\":{\"@type\":\"PropertyValueSpecification\",\"valueRequired\":true,\"valueName\":\"search_term_string\"}}],\"inLanguage\":\"pt-PT\"},{\"@type\":\"Organization\",\"@id\":\"https:\\\/\\\/www.planetatangerina.com\\\/pt-pt\\\/#organization\",\"name\":\"Planeta Tangerina\",\"url\":\"https:\\\/\\\/www.planetatangerina.com\\\/pt-pt\\\/\",\"logo\":{\"@type\":\"ImageObject\",\"inLanguage\":\"pt-PT\",\"@id\":\"https:\\\/\\\/www.planetatangerina.com\\\/pt-pt\\\/#\\\/schema\\\/logo\\\/image\\\/\",\"url\":\"https:\\\/\\\/www.planetatangerina.com\\\/wp-content\\\/uploads\\\/2020\\\/02\\\/logo.png\",\"contentUrl\":\"https:\\\/\\\/www.planetatangerina.com\\\/wp-content\\\/uploads\\\/2020\\\/02\\\/logo.png\",\"width\":275,\"height\":15,\"caption\":\"Planeta Tangerina\"},\"image\":{\"@id\":\"https:\\\/\\\/www.planetatangerina.com\\\/pt-pt\\\/#\\\/schema\\\/logo\\\/image\\\/\"},\"sameAs\":[\"https:\\\/\\\/www.facebook.com\\\/planetatangerina\\\/\",\"https:\\\/\\\/www.instagram.com\\\/planetatangerina\\\/\"]}]}<\/script>\n<!-- \/ Yoast SEO plugin. -->","yoast_head_json":{"title":"Gato comum - 2 passos e 1 salto, Livros, Planeta Tangerina - Loja online do Planeta Tangerina","description":"Comprar Gato comum com 10% de desconto do editor. Considerada pela cr\u00edtica dona de \u00abuma voz narrativa avassaladora\u00bb, Joana Estrela regressa \u00e0 BD com uma hist\u00f3ria que acompanha os \u00faltimos dias da vida de","robots":{"index":"index","follow":"follow","max-snippet":"max-snippet:-1","max-image-preview":"max-image-preview:large","max-video-preview":"max-video-preview:-1"},"canonical":"https:\/\/www.planetatangerina.com\/pt-pt\/loja\/gato-comum\/","twitter_misc":{"Tempo estimado de leitura":"1 minuto"},"schema":{"@context":"https:\/\/schema.org","@graph":[{"@type":"WebPage","@id":"https:\/\/www.planetatangerina.com\/pt-pt\/loja\/gato-comum\/","url":"https:\/\/www.planetatangerina.com\/pt-pt\/loja\/gato-comum\/","name":"Gato comum - 2 passos e 1 salto, Livros, Planeta Tangerina - Loja online do Planeta Tangerina","isPartOf":{"@id":"https:\/\/www.planetatangerina.com\/pt-pt\/#website"},"primaryImageOfPage":{"@id":"https:\/\/www.planetatangerina.com\/pt-pt\/loja\/gato-comum\/#primaryimage"},"image":{"@id":"https:\/\/www.planetatangerina.com\/pt-pt\/loja\/gato-comum\/#primaryimage"},"thumbnailUrl":"https:\/\/www.planetatangerina.com\/wp-content\/uploads\/2024\/03\/gatocomum_capasite.jpg","datePublished":"2024-03-14T16:24:19+00:00","dateModified":"2026-01-23T13:39:17+00:00","description":"Comprar Gato comum com 10% de desconto do editor. Considerada pela cr\u00edtica dona de \u00abuma voz narrativa avassaladora\u00bb, Joana Estrela regressa \u00e0 BD com uma hist\u00f3ria que acompanha os \u00faltimos dias da vida de","breadcrumb":{"@id":"https:\/\/www.planetatangerina.com\/pt-pt\/loja\/gato-comum\/#breadcrumb"},"inLanguage":"pt-PT","potentialAction":[{"@type":"ReadAction","target":["https:\/\/www.planetatangerina.com\/pt-pt\/loja\/gato-comum\/"]}]},{"@type":"ImageObject","inLanguage":"pt-PT","@id":"https:\/\/www.planetatangerina.com\/pt-pt\/loja\/gato-comum\/#primaryimage","url":"https:\/\/www.planetatangerina.com\/wp-content\/uploads\/2024\/03\/gatocomum_capasite.jpg","contentUrl":"https:\/\/www.planetatangerina.com\/wp-content\/uploads\/2024\/03\/gatocomum_capasite.jpg","width":886,"height":1270,"caption":"Gato comum Joana Estrela"},{"@type":"BreadcrumbList","@id":"https:\/\/www.planetatangerina.com\/pt-pt\/loja\/gato-comum\/#breadcrumb","itemListElement":[{"@type":"ListItem","position":1,"name":"In\u00edcio","item":"https:\/\/www.planetatangerina.com\/pt-pt\/"},{"@type":"ListItem","position":2,"name":"Loja","item":"https:\/\/www.planetatangerina.com\/pt-pt\/loja\/"},{"@type":"ListItem","position":3,"name":"Gato comum"}]},{"@type":"WebSite","@id":"https:\/\/www.planetatangerina.com\/pt-pt\/#website","url":"https:\/\/www.planetatangerina.com\/pt-pt\/","name":"Planeta Tangerina","description":"Editora independente de livros infantis e juvenis. Fic\u00e7\u00e3o, livros informativos e novelas gr\u00e1ficas no Plano Nacional de Leitura \u2014 PNL.","publisher":{"@id":"https:\/\/www.planetatangerina.com\/pt-pt\/#organization"},"potentialAction":[{"@type":"SearchAction","target":{"@type":"EntryPoint","urlTemplate":"https:\/\/www.planetatangerina.com\/pt-pt\/?s={search_term_string}"},"query-input":{"@type":"PropertyValueSpecification","valueRequired":true,"valueName":"search_term_string"}}],"inLanguage":"pt-PT"},{"@type":"Organization","@id":"https:\/\/www.planetatangerina.com\/pt-pt\/#organization","name":"Planeta Tangerina","url":"https:\/\/www.planetatangerina.com\/pt-pt\/","logo":{"@type":"ImageObject","inLanguage":"pt-PT","@id":"https:\/\/www.planetatangerina.com\/pt-pt\/#\/schema\/logo\/image\/","url":"https:\/\/www.planetatangerina.com\/wp-content\/uploads\/2020\/02\/logo.png","contentUrl":"https:\/\/www.planetatangerina.com\/wp-content\/uploads\/2020\/02\/logo.png","width":275,"height":15,"caption":"Planeta Tangerina"},"image":{"@id":"https:\/\/www.planetatangerina.com\/pt-pt\/#\/schema\/logo\/image\/"},"sameAs":["https:\/\/www.facebook.com\/planetatangerina\/","https:\/\/www.instagram.com\/planetatangerina\/"]}]}},"_links":{"self":[{"href":"https:\/\/www.planetatangerina.com\/pt-pt\/wp-json\/wp\/v2\/product\/23045","targetHints":{"allow":["GET"]}}],"collection":[{"href":"https:\/\/www.planetatangerina.com\/pt-pt\/wp-json\/wp\/v2\/product"}],"about":[{"href":"https:\/\/www.planetatangerina.com\/pt-pt\/wp-json\/wp\/v2\/types\/product"}],"wp:featuredmedia":[{"embeddable":true,"href":"https:\/\/www.planetatangerina.com\/pt-pt\/wp-json\/wp\/v2\/media\/23046"}],"wp:attachment":[{"href":"https:\/\/www.planetatangerina.com\/pt-pt\/wp-json\/wp\/v2\/media?parent=23045"}],"wp:term":[{"taxonomy":"product_brand","embeddable":true,"href":"https:\/\/www.planetatangerina.com\/pt-pt\/wp-json\/wp\/v2\/product_brand?post=23045"},{"taxonomy":"product_cat","embeddable":true,"href":"https:\/\/www.planetatangerina.com\/pt-pt\/wp-json\/wp\/v2\/product_cat?post=23045"},{"taxonomy":"product_tag","embeddable":true,"href":"https:\/\/www.planetatangerina.com\/pt-pt\/wp-json\/wp\/v2\/product_tag?post=23045"}],"curies":[{"name":"wp","href":"https:\/\/api.w.org\/{rel}","templated":true}]}}