{"id":22572,"date":"2023-12-05T13:01:19","date_gmt":"2023-12-05T13:01:19","guid":{"rendered":"https:\/\/www.planetatangerina.com\/?post_type=product&#038;p=22572"},"modified":"2026-03-26T22:32:11","modified_gmt":"2026-03-26T22:32:11","slug":"o-ponto-em-que-estamos","status":"publish","type":"product","link":"https:\/\/www.planetatangerina.com\/pt-pt\/loja\/o-ponto-em-que-estamos\/","title":{"rendered":"O ponto em que estamos"},"content":{"rendered":"<p>Este talvez seja um livro triste \u2013 e as pessoas, sobretudo quando se trata de livros que tamb\u00e9m s\u00e3o para crian\u00e7as, quase sempre preferem livros felizes, esperan\u00e7osos.<br \/>\nN\u00f3s concordamos. A esperan\u00e7a \u00e9 a coisa mais importante do mundo. Mas, para n\u00e3o a perdermos de vez, n\u00e3o temos outra hip\u00f3tese sen\u00e3o ver as coisas como elas s\u00e3o. Para as enfrentar, para as mudar, para termos um plano!<\/p>\n<p>Conclus\u00e3o: este s\u00f3 \u00e9 um livro triste, se continuar tudo na mesma.<br \/>\nSe ningu\u00e9m pestanejar, se ningu\u00e9m se incomodar, se ningu\u00e9m decidir mudar.<\/p>\n<p>&nbsp;<\/p>\n<h4>Ver tamb\u00e9m:<\/h4>\n<p><a href=\"https:\/\/www.planetatangerina.com\/pt-pt\/making-of-do-livro-o-ponto-em-que-estamos\/\">Making of do livro<\/a><\/p>\n","protected":false},"excerpt":{"rendered":"<p>Este talvez seja um livro triste \u2013 e as pessoas, sobretudo quando se trata de livros que tamb\u00e9m s\u00e3o para crian\u00e7as, quase sempre preferem livros felizes, esperan\u00e7osos. N\u00f3s concordamos. A esperan\u00e7a \u00e9 a coisa mais importante do mundo. Mas, para n\u00e3o a perdermos de vez, n\u00e3o temos outra hip\u00f3tese sen\u00e3o ver as coisas como elas [&hellip;]<\/p>\n","protected":false},"featured_media":22573,"template":"","meta":{"_acf_changed":false},"product_brand":[],"product_cat":[20,19,15],"product_tag":[342],"class_list":{"0":"post-22572","1":"product","2":"type-product","3":"status-publish","4":"has-post-thumbnail","6":"product_cat-albuns-ilustrados","7":"product_cat-livros","8":"product_cat-sem-categoria","9":"product_tag-editor","11":"first","12":"instock","13":"sale","14":"taxable","15":"shipping-taxable","16":"purchasable","17":"product-type-simple"},"acf":[],"yoast_head":"<!-- This site is optimized with the Yoast SEO plugin v27.2 - https:\/\/yoast.com\/product\/yoast-seo-wordpress\/ -->\n<title>O ponto em que estamos - \u00c1lbuns ilustrados, Livros, Planeta Tangerina - Loja online do Planeta Tangerina<\/title>\n<meta name=\"description\" content=\"Comprar O ponto em que estamos com 10% de desconto do editor. Este talvez seja um livro triste \u2013 e as pessoas, sobretudo quando se trata de livros que tamb\u00e9m s\u00e3o para crian\u00e7as, quase sempre preferem livros felizes,\" \/>\n<meta name=\"robots\" content=\"index, follow, max-snippet:-1, max-image-preview:large, max-video-preview:-1\" \/>\n<link rel=\"canonical\" href=\"https:\/\/www.planetatangerina.com\/pt-pt\/loja\/o-ponto-em-que-estamos\/\" \/>\n<meta name=\"twitter:label1\" content=\"Tempo estimado de leitura\" \/>\n\t<meta name=\"twitter:data1\" content=\"1 minuto\" \/>\n<script type=\"application\/ld+json\" class=\"yoast-schema-graph\">{\"@context\":\"https:\/\/schema.org\",\"@graph\":[{\"@type\":\"WebPage\",\"@id\":\"https:\/\/www.planetatangerina.com\/pt-pt\/loja\/o-ponto-em-que-estamos\/\",\"url\":\"https:\/\/www.planetatangerina.com\/pt-pt\/loja\/o-ponto-em-que-estamos\/\",\"name\":\"O ponto em que estamos - \u00c1lbuns ilustrados, Livros, Planeta Tangerina - Loja online do Planeta Tangerina\",\"isPartOf\":{\"@id\":\"https:\/\/www.planetatangerina.com\/pt-pt\/#website\"},\"primaryImageOfPage\":{\"@id\":\"https:\/\/www.planetatangerina.com\/pt-pt\/loja\/o-ponto-em-que-estamos\/#primaryimage\"},\"image\":{\"@id\":\"https:\/\/www.planetatangerina.com\/pt-pt\/loja\/o-ponto-em-que-estamos\/#primaryimage\"},\"thumbnailUrl\":\"https:\/\/www.planetatangerina.com\/wp-content\/uploads\/2023\/11\/capa-opontoemqueestamos.jpg\",\"datePublished\":\"2023-12-05T13:01:19+00:00\",\"dateModified\":\"2026-03-26T22:32:11+00:00\",\"description\":\"Comprar O ponto em que estamos com 10% de desconto do editor. Este talvez seja um livro triste \u2013 e as pessoas, sobretudo quando se trata de livros que tamb\u00e9m s\u00e3o para crian\u00e7as, quase sempre preferem livros felizes,\",\"breadcrumb\":{\"@id\":\"https:\/\/www.planetatangerina.com\/pt-pt\/loja\/o-ponto-em-que-estamos\/#breadcrumb\"},\"inLanguage\":\"pt-PT\",\"potentialAction\":[{\"@type\":\"ReadAction\",\"target\":[\"https:\/\/www.planetatangerina.com\/pt-pt\/loja\/o-ponto-em-que-estamos\/\"]}]},{\"@type\":\"ImageObject\",\"inLanguage\":\"pt-PT\",\"@id\":\"https:\/\/www.planetatangerina.com\/pt-pt\/loja\/o-ponto-em-que-estamos\/#primaryimage\",\"url\":\"https:\/\/www.planetatangerina.com\/wp-content\/uploads\/2023\/11\/capa-opontoemqueestamos.jpg\",\"contentUrl\":\"https:\/\/www.planetatangerina.com\/wp-content\/uploads\/2023\/11\/capa-opontoemqueestamos.jpg\",\"width\":1182,\"height\":1335,\"caption\":\"O ponto em que estamos\"},{\"@type\":\"BreadcrumbList\",\"@id\":\"https:\/\/www.planetatangerina.com\/pt-pt\/loja\/o-ponto-em-que-estamos\/#breadcrumb\",\"itemListElement\":[{\"@type\":\"ListItem\",\"position\":1,\"name\":\"In\u00edcio\",\"item\":\"https:\/\/www.planetatangerina.com\/pt-pt\/\"},{\"@type\":\"ListItem\",\"position\":2,\"name\":\"Loja\",\"item\":\"https:\/\/www.planetatangerina.com\/pt-pt\/loja\/\"},{\"@type\":\"ListItem\",\"position\":3,\"name\":\"O ponto em que estamos\"}]},{\"@type\":\"WebSite\",\"@id\":\"https:\/\/www.planetatangerina.com\/pt-pt\/#website\",\"url\":\"https:\/\/www.planetatangerina.com\/pt-pt\/\",\"name\":\"Planeta Tangerina\",\"description\":\"Editora independente de livros infantis e juvenis. Fic\u00e7\u00e3o, livros informativos e novelas gr\u00e1ficas no Plano Nacional de Leitura \u2014 PNL.\",\"publisher\":{\"@id\":\"https:\/\/www.planetatangerina.com\/pt-pt\/#organization\"},\"potentialAction\":[{\"@type\":\"SearchAction\",\"target\":{\"@type\":\"EntryPoint\",\"urlTemplate\":\"https:\/\/www.planetatangerina.com\/pt-pt\/?s={search_term_string}\"},\"query-input\":{\"@type\":\"PropertyValueSpecification\",\"valueRequired\":true,\"valueName\":\"search_term_string\"}}],\"inLanguage\":\"pt-PT\"},{\"@type\":\"Organization\",\"@id\":\"https:\/\/www.planetatangerina.com\/pt-pt\/#organization\",\"name\":\"Planeta Tangerina\",\"url\":\"https:\/\/www.planetatangerina.com\/pt-pt\/\",\"logo\":{\"@type\":\"ImageObject\",\"inLanguage\":\"pt-PT\",\"@id\":\"https:\/\/www.planetatangerina.com\/pt-pt\/#\/schema\/logo\/image\/\",\"url\":\"https:\/\/www.planetatangerina.com\/wp-content\/uploads\/2020\/02\/logo.png\",\"contentUrl\":\"https:\/\/www.planetatangerina.com\/wp-content\/uploads\/2020\/02\/logo.png\",\"width\":275,\"height\":15,\"caption\":\"Planeta Tangerina\"},\"image\":{\"@id\":\"https:\/\/www.planetatangerina.com\/pt-pt\/#\/schema\/logo\/image\/\"},\"sameAs\":[\"https:\/\/www.facebook.com\/planetatangerina\/\",\"https:\/\/www.instagram.com\/planetatangerina\/\"]}]}<\/script>\n<!-- \/ Yoast SEO plugin. -->","yoast_head_json":{"title":"O ponto em que estamos - \u00c1lbuns ilustrados, Livros, Planeta Tangerina - Loja online do Planeta Tangerina","description":"Comprar O ponto em que estamos com 10% de desconto do editor. Este talvez seja um livro triste \u2013 e as pessoas, sobretudo quando se trata de livros que tamb\u00e9m s\u00e3o para crian\u00e7as, quase sempre preferem livros felizes,","robots":{"index":"index","follow":"follow","max-snippet":"max-snippet:-1","max-image-preview":"max-image-preview:large","max-video-preview":"max-video-preview:-1"},"canonical":"https:\/\/www.planetatangerina.com\/pt-pt\/loja\/o-ponto-em-que-estamos\/","twitter_misc":{"Tempo estimado de leitura":"1 minuto"},"schema":{"@context":"https:\/\/schema.org","@graph":[{"@type":"WebPage","@id":"https:\/\/www.planetatangerina.com\/pt-pt\/loja\/o-ponto-em-que-estamos\/","url":"https:\/\/www.planetatangerina.com\/pt-pt\/loja\/o-ponto-em-que-estamos\/","name":"O ponto em que estamos - \u00c1lbuns ilustrados, Livros, Planeta Tangerina - Loja online do Planeta Tangerina","isPartOf":{"@id":"https:\/\/www.planetatangerina.com\/pt-pt\/#website"},"primaryImageOfPage":{"@id":"https:\/\/www.planetatangerina.com\/pt-pt\/loja\/o-ponto-em-que-estamos\/#primaryimage"},"image":{"@id":"https:\/\/www.planetatangerina.com\/pt-pt\/loja\/o-ponto-em-que-estamos\/#primaryimage"},"thumbnailUrl":"https:\/\/www.planetatangerina.com\/wp-content\/uploads\/2023\/11\/capa-opontoemqueestamos.jpg","datePublished":"2023-12-05T13:01:19+00:00","dateModified":"2026-03-26T22:32:11+00:00","description":"Comprar O ponto em que estamos com 10% de desconto do editor. Este talvez seja um livro triste \u2013 e as pessoas, sobretudo quando se trata de livros que tamb\u00e9m s\u00e3o para crian\u00e7as, quase sempre preferem livros felizes,","breadcrumb":{"@id":"https:\/\/www.planetatangerina.com\/pt-pt\/loja\/o-ponto-em-que-estamos\/#breadcrumb"},"inLanguage":"pt-PT","potentialAction":[{"@type":"ReadAction","target":["https:\/\/www.planetatangerina.com\/pt-pt\/loja\/o-ponto-em-que-estamos\/"]}]},{"@type":"ImageObject","inLanguage":"pt-PT","@id":"https:\/\/www.planetatangerina.com\/pt-pt\/loja\/o-ponto-em-que-estamos\/#primaryimage","url":"https:\/\/www.planetatangerina.com\/wp-content\/uploads\/2023\/11\/capa-opontoemqueestamos.jpg","contentUrl":"https:\/\/www.planetatangerina.com\/wp-content\/uploads\/2023\/11\/capa-opontoemqueestamos.jpg","width":1182,"height":1335,"caption":"O ponto em que estamos"},{"@type":"BreadcrumbList","@id":"https:\/\/www.planetatangerina.com\/pt-pt\/loja\/o-ponto-em-que-estamos\/#breadcrumb","itemListElement":[{"@type":"ListItem","position":1,"name":"In\u00edcio","item":"https:\/\/www.planetatangerina.com\/pt-pt\/"},{"@type":"ListItem","position":2,"name":"Loja","item":"https:\/\/www.planetatangerina.com\/pt-pt\/loja\/"},{"@type":"ListItem","position":3,"name":"O ponto em que estamos"}]},{"@type":"WebSite","@id":"https:\/\/www.planetatangerina.com\/pt-pt\/#website","url":"https:\/\/www.planetatangerina.com\/pt-pt\/","name":"Planeta Tangerina","description":"Editora independente de livros infantis e juvenis. Fic\u00e7\u00e3o, livros informativos e novelas gr\u00e1ficas no Plano Nacional de Leitura \u2014 PNL.","publisher":{"@id":"https:\/\/www.planetatangerina.com\/pt-pt\/#organization"},"potentialAction":[{"@type":"SearchAction","target":{"@type":"EntryPoint","urlTemplate":"https:\/\/www.planetatangerina.com\/pt-pt\/?s={search_term_string}"},"query-input":{"@type":"PropertyValueSpecification","valueRequired":true,"valueName":"search_term_string"}}],"inLanguage":"pt-PT"},{"@type":"Organization","@id":"https:\/\/www.planetatangerina.com\/pt-pt\/#organization","name":"Planeta Tangerina","url":"https:\/\/www.planetatangerina.com\/pt-pt\/","logo":{"@type":"ImageObject","inLanguage":"pt-PT","@id":"https:\/\/www.planetatangerina.com\/pt-pt\/#\/schema\/logo\/image\/","url":"https:\/\/www.planetatangerina.com\/wp-content\/uploads\/2020\/02\/logo.png","contentUrl":"https:\/\/www.planetatangerina.com\/wp-content\/uploads\/2020\/02\/logo.png","width":275,"height":15,"caption":"Planeta Tangerina"},"image":{"@id":"https:\/\/www.planetatangerina.com\/pt-pt\/#\/schema\/logo\/image\/"},"sameAs":["https:\/\/www.facebook.com\/planetatangerina\/","https:\/\/www.instagram.com\/planetatangerina\/"]}]}},"_links":{"self":[{"href":"https:\/\/www.planetatangerina.com\/pt-pt\/wp-json\/wp\/v2\/product\/22572","targetHints":{"allow":["GET"]}}],"collection":[{"href":"https:\/\/www.planetatangerina.com\/pt-pt\/wp-json\/wp\/v2\/product"}],"about":[{"href":"https:\/\/www.planetatangerina.com\/pt-pt\/wp-json\/wp\/v2\/types\/product"}],"wp:featuredmedia":[{"embeddable":true,"href":"https:\/\/www.planetatangerina.com\/pt-pt\/wp-json\/wp\/v2\/media\/22573"}],"wp:attachment":[{"href":"https:\/\/www.planetatangerina.com\/pt-pt\/wp-json\/wp\/v2\/media?parent=22572"}],"wp:term":[{"taxonomy":"product_brand","embeddable":true,"href":"https:\/\/www.planetatangerina.com\/pt-pt\/wp-json\/wp\/v2\/product_brand?post=22572"},{"taxonomy":"product_cat","embeddable":true,"href":"https:\/\/www.planetatangerina.com\/pt-pt\/wp-json\/wp\/v2\/product_cat?post=22572"},{"taxonomy":"product_tag","embeddable":true,"href":"https:\/\/www.planetatangerina.com\/pt-pt\/wp-json\/wp\/v2\/product_tag?post=22572"}],"curies":[{"name":"wp","href":"https:\/\/api.w.org\/{rel}","templated":true}]}}