{"id":2201,"date":"2019-05-08T17:34:07","date_gmt":"2019-05-08T16:34:07","guid":{"rendered":"https:\/\/www.planetatangerina.com\/?post_type=product&#038;p=2201"},"modified":"2026-03-27T09:53:06","modified_gmt":"2026-03-27T09:53:06","slug":"banana","status":"publish","type":"product","link":"https:\/\/www.planetatangerina.com\/pt-pt\/loja\/banana\/","title":{"rendered":"Banana!"},"content":{"rendered":"<p>\u00c9 de manh\u00e3. O Sol acorda e, depois dele, o Mar, a Nuvem, o Icebergue, o Vento, a Floresta e o Vulc\u00e3o.<br \/>\nQuando finalmente chegam o Arco-\u00edris e o seu Reflexo, o cen\u00e1rio torna-se perfeito para a fotografia que todos querem tirar.<\/p>\n<p>Preparem-se para rir. Porque este livro \u00e9 n\u00e3o apenas uma ode \u00e0 natureza, mas tamb\u00e9m \u00e0 sua paci\u00eancia infinita para aturar olhares tur\u00edsticos apressados e muitas, muitas selfies\u2026<\/p>\n<p>&nbsp;<\/p>\n<p><strong>Este livro pertence \u00e0 cole\u00e7\u00e3o <a href=\"https:\/\/www.planetatangerina.com\/pt-pt\/l\/livros\/mini-micro\/\">Mini-micro<\/a>.<\/strong><\/p>\n","protected":false},"excerpt":{"rendered":"<p>\u00c9 de manh\u00e3. O Sol acorda e, depois dele, o Mar, a Nuvem, o Icebergue, o Vento, a Floresta e o Vulc\u00e3o. Quando finalmente chegam o Arco-\u00edris e o seu Reflexo, o cen\u00e1rio torna-se perfeito para a fotografia que todos querem tirar. Preparem-se para rir. Porque este livro \u00e9 n\u00e3o apenas uma ode \u00e0 natureza, [&hellip;]<\/p>\n","protected":false},"featured_media":18333,"template":"","meta":{"_acf_changed":false},"product_brand":[],"product_cat":[19,239],"product_tag":[342],"class_list":{"0":"post-2201","1":"product","2":"type-product","3":"status-publish","4":"has-post-thumbnail","6":"product_cat-livros","7":"product_cat-mini-micro","8":"product_tag-editor","9":"product_shipping_class-livros-leves","11":"first","12":"instock","13":"taxable","14":"shipping-taxable","15":"purchasable","16":"product-type-simple"},"acf":[],"yoast_head":"<!-- This site is optimized with the Yoast SEO plugin v27.5 - https:\/\/yoast.com\/product\/yoast-seo-wordpress\/ -->\n<title>Banana! - Livros, Mini-micro - Loja online do Planeta Tangerina<\/title>\n<meta name=\"description\" content=\"Comprar Banana! com 10% de desconto do editor. \u00c9 de manh\u00e3. O Sol acorda e, depois dele, o Mar, a Nuvem, o Icebergue, o Vento, a Floresta e o Vulc\u00e3o. Quando finalmente chegam o Arco-\u00edris e o seu\" \/>\n<meta name=\"robots\" content=\"index, follow, max-snippet:-1, max-image-preview:large, max-video-preview:-1\" \/>\n<link rel=\"canonical\" href=\"https:\/\/www.planetatangerina.com\/pt-pt\/loja\/banana\/\" \/>\n<meta name=\"twitter:label1\" content=\"Tempo estimado de leitura\" \/>\n\t<meta name=\"twitter:data1\" content=\"1 minuto\" \/>\n<script type=\"application\/ld+json\" class=\"yoast-schema-graph\">{\"@context\":\"https:\\\/\\\/schema.org\",\"@graph\":[{\"@type\":\"WebPage\",\"@id\":\"https:\\\/\\\/www.planetatangerina.com\\\/pt-pt\\\/loja\\\/banana\\\/\",\"url\":\"https:\\\/\\\/www.planetatangerina.com\\\/pt-pt\\\/loja\\\/banana\\\/\",\"name\":\"Banana! - Livros, Mini-micro - Loja online do Planeta Tangerina\",\"isPartOf\":{\"@id\":\"https:\\\/\\\/www.planetatangerina.com\\\/pt-pt\\\/#website\"},\"primaryImageOfPage\":{\"@id\":\"https:\\\/\\\/www.planetatangerina.com\\\/pt-pt\\\/loja\\\/banana\\\/#primaryimage\"},\"image\":{\"@id\":\"https:\\\/\\\/www.planetatangerina.com\\\/pt-pt\\\/loja\\\/banana\\\/#primaryimage\"},\"thumbnailUrl\":\"https:\\\/\\\/www.planetatangerina.com\\\/wp-content\\\/uploads\\\/2019\\\/05\\\/capa-banana.jpg\",\"datePublished\":\"2019-05-08T16:34:07+00:00\",\"dateModified\":\"2026-03-27T09:53:06+00:00\",\"description\":\"Comprar Banana! com 10% de desconto do editor. \u00c9 de manh\u00e3. O Sol acorda e, depois dele, o Mar, a Nuvem, o Icebergue, o Vento, a Floresta e o Vulc\u00e3o. Quando finalmente chegam o Arco-\u00edris e o seu\",\"breadcrumb\":{\"@id\":\"https:\\\/\\\/www.planetatangerina.com\\\/pt-pt\\\/loja\\\/banana\\\/#breadcrumb\"},\"inLanguage\":\"pt-PT\",\"potentialAction\":[{\"@type\":\"ReadAction\",\"target\":[\"https:\\\/\\\/www.planetatangerina.com\\\/pt-pt\\\/loja\\\/banana\\\/\"]}]},{\"@type\":\"ImageObject\",\"inLanguage\":\"pt-PT\",\"@id\":\"https:\\\/\\\/www.planetatangerina.com\\\/pt-pt\\\/loja\\\/banana\\\/#primaryimage\",\"url\":\"https:\\\/\\\/www.planetatangerina.com\\\/wp-content\\\/uploads\\\/2019\\\/05\\\/capa-banana.jpg\",\"contentUrl\":\"https:\\\/\\\/www.planetatangerina.com\\\/wp-content\\\/uploads\\\/2019\\\/05\\\/capa-banana.jpg\",\"width\":689,\"height\":800,\"caption\":\"Banana! Bernardo P. Carvalho natureza mini-micro selfies\"},{\"@type\":\"BreadcrumbList\",\"@id\":\"https:\\\/\\\/www.planetatangerina.com\\\/pt-pt\\\/loja\\\/banana\\\/#breadcrumb\",\"itemListElement\":[{\"@type\":\"ListItem\",\"position\":1,\"name\":\"In\u00edcio\",\"item\":\"https:\\\/\\\/www.planetatangerina.com\\\/pt-pt\\\/\"},{\"@type\":\"ListItem\",\"position\":2,\"name\":\"Loja\",\"item\":\"https:\\\/\\\/www.planetatangerina.com\\\/pt-pt\\\/loja\\\/\"},{\"@type\":\"ListItem\",\"position\":3,\"name\":\"Banana!\"}]},{\"@type\":\"WebSite\",\"@id\":\"https:\\\/\\\/www.planetatangerina.com\\\/pt-pt\\\/#website\",\"url\":\"https:\\\/\\\/www.planetatangerina.com\\\/pt-pt\\\/\",\"name\":\"Planeta Tangerina\",\"description\":\"Editora independente de livros infantis e juvenis. Fic\u00e7\u00e3o, livros informativos e novelas gr\u00e1ficas no Plano Nacional de Leitura \u2014 PNL.\",\"publisher\":{\"@id\":\"https:\\\/\\\/www.planetatangerina.com\\\/pt-pt\\\/#organization\"},\"potentialAction\":[{\"@type\":\"SearchAction\",\"target\":{\"@type\":\"EntryPoint\",\"urlTemplate\":\"https:\\\/\\\/www.planetatangerina.com\\\/pt-pt\\\/?s={search_term_string}\"},\"query-input\":{\"@type\":\"PropertyValueSpecification\",\"valueRequired\":true,\"valueName\":\"search_term_string\"}}],\"inLanguage\":\"pt-PT\"},{\"@type\":\"Organization\",\"@id\":\"https:\\\/\\\/www.planetatangerina.com\\\/pt-pt\\\/#organization\",\"name\":\"Planeta Tangerina\",\"url\":\"https:\\\/\\\/www.planetatangerina.com\\\/pt-pt\\\/\",\"logo\":{\"@type\":\"ImageObject\",\"inLanguage\":\"pt-PT\",\"@id\":\"https:\\\/\\\/www.planetatangerina.com\\\/pt-pt\\\/#\\\/schema\\\/logo\\\/image\\\/\",\"url\":\"https:\\\/\\\/www.planetatangerina.com\\\/wp-content\\\/uploads\\\/2020\\\/02\\\/logo.png\",\"contentUrl\":\"https:\\\/\\\/www.planetatangerina.com\\\/wp-content\\\/uploads\\\/2020\\\/02\\\/logo.png\",\"width\":275,\"height\":15,\"caption\":\"Planeta Tangerina\"},\"image\":{\"@id\":\"https:\\\/\\\/www.planetatangerina.com\\\/pt-pt\\\/#\\\/schema\\\/logo\\\/image\\\/\"},\"sameAs\":[\"https:\\\/\\\/www.facebook.com\\\/planetatangerina\\\/\",\"https:\\\/\\\/www.instagram.com\\\/planetatangerina\\\/\"]}]}<\/script>\n<!-- \/ Yoast SEO plugin. -->","yoast_head_json":{"title":"Banana! - Livros, Mini-micro - Loja online do Planeta Tangerina","description":"Comprar Banana! com 10% de desconto do editor. \u00c9 de manh\u00e3. O Sol acorda e, depois dele, o Mar, a Nuvem, o Icebergue, o Vento, a Floresta e o Vulc\u00e3o. Quando finalmente chegam o Arco-\u00edris e o seu","robots":{"index":"index","follow":"follow","max-snippet":"max-snippet:-1","max-image-preview":"max-image-preview:large","max-video-preview":"max-video-preview:-1"},"canonical":"https:\/\/www.planetatangerina.com\/pt-pt\/loja\/banana\/","twitter_misc":{"Tempo estimado de leitura":"1 minuto"},"schema":{"@context":"https:\/\/schema.org","@graph":[{"@type":"WebPage","@id":"https:\/\/www.planetatangerina.com\/pt-pt\/loja\/banana\/","url":"https:\/\/www.planetatangerina.com\/pt-pt\/loja\/banana\/","name":"Banana! - Livros, Mini-micro - Loja online do Planeta Tangerina","isPartOf":{"@id":"https:\/\/www.planetatangerina.com\/pt-pt\/#website"},"primaryImageOfPage":{"@id":"https:\/\/www.planetatangerina.com\/pt-pt\/loja\/banana\/#primaryimage"},"image":{"@id":"https:\/\/www.planetatangerina.com\/pt-pt\/loja\/banana\/#primaryimage"},"thumbnailUrl":"https:\/\/www.planetatangerina.com\/wp-content\/uploads\/2019\/05\/capa-banana.jpg","datePublished":"2019-05-08T16:34:07+00:00","dateModified":"2026-03-27T09:53:06+00:00","description":"Comprar Banana! com 10% de desconto do editor. \u00c9 de manh\u00e3. O Sol acorda e, depois dele, o Mar, a Nuvem, o Icebergue, o Vento, a Floresta e o Vulc\u00e3o. Quando finalmente chegam o Arco-\u00edris e o seu","breadcrumb":{"@id":"https:\/\/www.planetatangerina.com\/pt-pt\/loja\/banana\/#breadcrumb"},"inLanguage":"pt-PT","potentialAction":[{"@type":"ReadAction","target":["https:\/\/www.planetatangerina.com\/pt-pt\/loja\/banana\/"]}]},{"@type":"ImageObject","inLanguage":"pt-PT","@id":"https:\/\/www.planetatangerina.com\/pt-pt\/loja\/banana\/#primaryimage","url":"https:\/\/www.planetatangerina.com\/wp-content\/uploads\/2019\/05\/capa-banana.jpg","contentUrl":"https:\/\/www.planetatangerina.com\/wp-content\/uploads\/2019\/05\/capa-banana.jpg","width":689,"height":800,"caption":"Banana! Bernardo P. Carvalho natureza mini-micro selfies"},{"@type":"BreadcrumbList","@id":"https:\/\/www.planetatangerina.com\/pt-pt\/loja\/banana\/#breadcrumb","itemListElement":[{"@type":"ListItem","position":1,"name":"In\u00edcio","item":"https:\/\/www.planetatangerina.com\/pt-pt\/"},{"@type":"ListItem","position":2,"name":"Loja","item":"https:\/\/www.planetatangerina.com\/pt-pt\/loja\/"},{"@type":"ListItem","position":3,"name":"Banana!"}]},{"@type":"WebSite","@id":"https:\/\/www.planetatangerina.com\/pt-pt\/#website","url":"https:\/\/www.planetatangerina.com\/pt-pt\/","name":"Planeta Tangerina","description":"Editora independente de livros infantis e juvenis. Fic\u00e7\u00e3o, livros informativos e novelas gr\u00e1ficas no Plano Nacional de Leitura \u2014 PNL.","publisher":{"@id":"https:\/\/www.planetatangerina.com\/pt-pt\/#organization"},"potentialAction":[{"@type":"SearchAction","target":{"@type":"EntryPoint","urlTemplate":"https:\/\/www.planetatangerina.com\/pt-pt\/?s={search_term_string}"},"query-input":{"@type":"PropertyValueSpecification","valueRequired":true,"valueName":"search_term_string"}}],"inLanguage":"pt-PT"},{"@type":"Organization","@id":"https:\/\/www.planetatangerina.com\/pt-pt\/#organization","name":"Planeta Tangerina","url":"https:\/\/www.planetatangerina.com\/pt-pt\/","logo":{"@type":"ImageObject","inLanguage":"pt-PT","@id":"https:\/\/www.planetatangerina.com\/pt-pt\/#\/schema\/logo\/image\/","url":"https:\/\/www.planetatangerina.com\/wp-content\/uploads\/2020\/02\/logo.png","contentUrl":"https:\/\/www.planetatangerina.com\/wp-content\/uploads\/2020\/02\/logo.png","width":275,"height":15,"caption":"Planeta Tangerina"},"image":{"@id":"https:\/\/www.planetatangerina.com\/pt-pt\/#\/schema\/logo\/image\/"},"sameAs":["https:\/\/www.facebook.com\/planetatangerina\/","https:\/\/www.instagram.com\/planetatangerina\/"]}]}},"_links":{"self":[{"href":"https:\/\/www.planetatangerina.com\/pt-pt\/wp-json\/wp\/v2\/product\/2201","targetHints":{"allow":["GET"]}}],"collection":[{"href":"https:\/\/www.planetatangerina.com\/pt-pt\/wp-json\/wp\/v2\/product"}],"about":[{"href":"https:\/\/www.planetatangerina.com\/pt-pt\/wp-json\/wp\/v2\/types\/product"}],"wp:featuredmedia":[{"embeddable":true,"href":"https:\/\/www.planetatangerina.com\/pt-pt\/wp-json\/wp\/v2\/media\/18333"}],"wp:attachment":[{"href":"https:\/\/www.planetatangerina.com\/pt-pt\/wp-json\/wp\/v2\/media?parent=2201"}],"wp:term":[{"taxonomy":"product_brand","embeddable":true,"href":"https:\/\/www.planetatangerina.com\/pt-pt\/wp-json\/wp\/v2\/product_brand?post=2201"},{"taxonomy":"product_cat","embeddable":true,"href":"https:\/\/www.planetatangerina.com\/pt-pt\/wp-json\/wp\/v2\/product_cat?post=2201"},{"taxonomy":"product_tag","embeddable":true,"href":"https:\/\/www.planetatangerina.com\/pt-pt\/wp-json\/wp\/v2\/product_tag?post=2201"}],"curies":[{"name":"wp","href":"https:\/\/api.w.org\/{rel}","templated":true}]}}