{"id":2103,"date":"2019-05-08T16:11:03","date_gmt":"2019-05-08T15:11:03","guid":{"rendered":"https:\/\/www.planetatangerina.com\/?post_type=product&#038;p=2103"},"modified":"2025-11-25T14:57:14","modified_gmt":"2025-11-25T14:57:14","slug":"desenho-livre","status":"publish","type":"product","link":"https:\/\/www.planetatangerina.com\/pt-pt\/loja\/desenho-livre\/","title":{"rendered":"Desenho livre"},"content":{"rendered":"<p><em>Desenho Livre<\/em>\u00a0parece mesmo um livro para colorir (e ningu\u00e9m diz que n\u00e3o \u00e9&#8230;) mas aqui o desenho \u00e9 livre e n\u00e3o \u00e9 obrigat\u00f3rio desatar logo a pintar.<br \/>\nO que o leitor n\u00e3o pode perder \u00e9 este passeio pelo mundo do desenho e da cor, das plantas e dos pigmentos, dos pontos e das linhas, da luz e da sombra.<br \/>\nCom os seus pensamentos desenhados e os seus movimentos que riscam, o menino-l\u00e1pis j\u00e1 nos espera!<\/p>\n<p>PS: recomenda-se aos leitores que tenham \u00e0 m\u00e3o canetas, l\u00e1pis ou pinc\u00e9is. \u00c9 prov\u00e1vel que, ao longo deste passeio, cres\u00e7a a vontade de pintar e desenhar.<\/p>\n","protected":false},"excerpt":{"rendered":"<p>Desenho Livre\u00a0parece mesmo um livro para colorir (e ningu\u00e9m diz que n\u00e3o \u00e9&#8230;) mas aqui o desenho \u00e9 livre e n\u00e3o \u00e9 obrigat\u00f3rio desatar logo a pintar. O que o leitor n\u00e3o pode perder \u00e9 este passeio pelo mundo do desenho e da cor, das plantas e dos pigmentos, dos pontos e das linhas, da [&hellip;]<\/p>\n","protected":false},"featured_media":18418,"template":"","meta":{"_acf_changed":false},"product_brand":[],"product_cat":[241,242,20,19],"product_tag":[342],"class_list":{"0":"post-2103","1":"product","2":"type-product","3":"status-publish","4":"has-post-thumbnail","6":"product_cat-com-propostas","7":"product_cat-silent-books","8":"product_cat-albuns-ilustrados","9":"product_cat-livros","10":"product_tag-editor","12":"first","13":"outofstock","14":"taxable","15":"shipping-taxable","16":"purchasable","17":"product-type-simple"},"acf":[],"yoast_head":"<!-- This site is optimized with the Yoast SEO plugin v27.2 - https:\/\/yoast.com\/product\/yoast-seo-wordpress\/ -->\n<title>Desenho livre - ( Com propostas ), ( Silent books ), \u00c1lbuns ilustrados, Livros - Loja online do Planeta Tangerina<\/title>\n<meta name=\"description\" content=\"Comprar Desenho livre com 10% de desconto do editor. Desenho Livre\u00a0parece mesmo um livro para colorir (e ningu\u00e9m diz que n\u00e3o \u00e9...) mas aqui o desenho \u00e9 livre e n\u00e3o \u00e9 obrigat\u00f3rio desatar logo a pintar. O que\" \/>\n<meta name=\"robots\" content=\"index, follow, max-snippet:-1, max-image-preview:large, max-video-preview:-1\" \/>\n<link rel=\"canonical\" href=\"https:\/\/www.planetatangerina.com\/pt-pt\/loja\/desenho-livre\/\" \/>\n<meta name=\"twitter:label1\" content=\"Tempo estimado de leitura\" \/>\n\t<meta name=\"twitter:data1\" content=\"1 minuto\" \/>\n<script type=\"application\/ld+json\" class=\"yoast-schema-graph\">{\"@context\":\"https:\/\/schema.org\",\"@graph\":[{\"@type\":\"WebPage\",\"@id\":\"https:\/\/www.planetatangerina.com\/pt-pt\/loja\/desenho-livre\/\",\"url\":\"https:\/\/www.planetatangerina.com\/pt-pt\/loja\/desenho-livre\/\",\"name\":\"Desenho livre - ( Com propostas ), ( Silent books ), \u00c1lbuns ilustrados, Livros - Loja online do Planeta Tangerina\",\"isPartOf\":{\"@id\":\"https:\/\/www.planetatangerina.com\/pt-pt\/#website\"},\"primaryImageOfPage\":{\"@id\":\"https:\/\/www.planetatangerina.com\/pt-pt\/loja\/desenho-livre\/#primaryimage\"},\"image\":{\"@id\":\"https:\/\/www.planetatangerina.com\/pt-pt\/loja\/desenho-livre\/#primaryimage\"},\"thumbnailUrl\":\"https:\/\/www.planetatangerina.com\/wp-content\/uploads\/2019\/05\/capa-desenholivre.jpg\",\"datePublished\":\"2019-05-08T15:11:03+00:00\",\"dateModified\":\"2025-11-25T14:57:14+00:00\",\"description\":\"Comprar Desenho livre com 10% de desconto do editor. Desenho Livre\u00a0parece mesmo um livro para colorir (e ningu\u00e9m diz que n\u00e3o \u00e9...) mas aqui o desenho \u00e9 livre e n\u00e3o \u00e9 obrigat\u00f3rio desatar logo a pintar. O que\",\"breadcrumb\":{\"@id\":\"https:\/\/www.planetatangerina.com\/pt-pt\/loja\/desenho-livre\/#breadcrumb\"},\"inLanguage\":\"pt-PT\",\"potentialAction\":[{\"@type\":\"ReadAction\",\"target\":[\"https:\/\/www.planetatangerina.com\/pt-pt\/loja\/desenho-livre\/\"]}]},{\"@type\":\"ImageObject\",\"inLanguage\":\"pt-PT\",\"@id\":\"https:\/\/www.planetatangerina.com\/pt-pt\/loja\/desenho-livre\/#primaryimage\",\"url\":\"https:\/\/www.planetatangerina.com\/wp-content\/uploads\/2019\/05\/capa-desenholivre.jpg\",\"contentUrl\":\"https:\/\/www.planetatangerina.com\/wp-content\/uploads\/2019\/05\/capa-desenholivre.jpg\",\"width\":565,\"height\":737,\"caption\":\"Desenho Livre Andr\u00e9s Sandoval colorir pintar\"},{\"@type\":\"BreadcrumbList\",\"@id\":\"https:\/\/www.planetatangerina.com\/pt-pt\/loja\/desenho-livre\/#breadcrumb\",\"itemListElement\":[{\"@type\":\"ListItem\",\"position\":1,\"name\":\"In\u00edcio\",\"item\":\"https:\/\/www.planetatangerina.com\/pt-pt\/\"},{\"@type\":\"ListItem\",\"position\":2,\"name\":\"Loja\",\"item\":\"https:\/\/www.planetatangerina.com\/pt-pt\/loja\/\"},{\"@type\":\"ListItem\",\"position\":3,\"name\":\"Desenho livre\"}]},{\"@type\":\"WebSite\",\"@id\":\"https:\/\/www.planetatangerina.com\/pt-pt\/#website\",\"url\":\"https:\/\/www.planetatangerina.com\/pt-pt\/\",\"name\":\"Planeta Tangerina\",\"description\":\"Editora independente de livros infantis e juvenis. Fic\u00e7\u00e3o, livros informativos e novelas gr\u00e1ficas no Plano Nacional de Leitura \u2014 PNL.\",\"publisher\":{\"@id\":\"https:\/\/www.planetatangerina.com\/pt-pt\/#organization\"},\"potentialAction\":[{\"@type\":\"SearchAction\",\"target\":{\"@type\":\"EntryPoint\",\"urlTemplate\":\"https:\/\/www.planetatangerina.com\/pt-pt\/?s={search_term_string}\"},\"query-input\":{\"@type\":\"PropertyValueSpecification\",\"valueRequired\":true,\"valueName\":\"search_term_string\"}}],\"inLanguage\":\"pt-PT\"},{\"@type\":\"Organization\",\"@id\":\"https:\/\/www.planetatangerina.com\/pt-pt\/#organization\",\"name\":\"Planeta Tangerina\",\"url\":\"https:\/\/www.planetatangerina.com\/pt-pt\/\",\"logo\":{\"@type\":\"ImageObject\",\"inLanguage\":\"pt-PT\",\"@id\":\"https:\/\/www.planetatangerina.com\/pt-pt\/#\/schema\/logo\/image\/\",\"url\":\"https:\/\/www.planetatangerina.com\/wp-content\/uploads\/2020\/02\/logo.png\",\"contentUrl\":\"https:\/\/www.planetatangerina.com\/wp-content\/uploads\/2020\/02\/logo.png\",\"width\":275,\"height\":15,\"caption\":\"Planeta Tangerina\"},\"image\":{\"@id\":\"https:\/\/www.planetatangerina.com\/pt-pt\/#\/schema\/logo\/image\/\"},\"sameAs\":[\"https:\/\/www.facebook.com\/planetatangerina\/\",\"https:\/\/www.instagram.com\/planetatangerina\/\"]}]}<\/script>\n<!-- \/ Yoast SEO plugin. -->","yoast_head_json":{"title":"Desenho livre - ( Com propostas ), ( Silent books ), \u00c1lbuns ilustrados, Livros - Loja online do Planeta Tangerina","description":"Comprar Desenho livre com 10% de desconto do editor. Desenho Livre\u00a0parece mesmo um livro para colorir (e ningu\u00e9m diz que n\u00e3o \u00e9...) mas aqui o desenho \u00e9 livre e n\u00e3o \u00e9 obrigat\u00f3rio desatar logo a pintar. O que","robots":{"index":"index","follow":"follow","max-snippet":"max-snippet:-1","max-image-preview":"max-image-preview:large","max-video-preview":"max-video-preview:-1"},"canonical":"https:\/\/www.planetatangerina.com\/pt-pt\/loja\/desenho-livre\/","twitter_misc":{"Tempo estimado de leitura":"1 minuto"},"schema":{"@context":"https:\/\/schema.org","@graph":[{"@type":"WebPage","@id":"https:\/\/www.planetatangerina.com\/pt-pt\/loja\/desenho-livre\/","url":"https:\/\/www.planetatangerina.com\/pt-pt\/loja\/desenho-livre\/","name":"Desenho livre - ( Com propostas ), ( Silent books ), \u00c1lbuns ilustrados, Livros - Loja online do Planeta Tangerina","isPartOf":{"@id":"https:\/\/www.planetatangerina.com\/pt-pt\/#website"},"primaryImageOfPage":{"@id":"https:\/\/www.planetatangerina.com\/pt-pt\/loja\/desenho-livre\/#primaryimage"},"image":{"@id":"https:\/\/www.planetatangerina.com\/pt-pt\/loja\/desenho-livre\/#primaryimage"},"thumbnailUrl":"https:\/\/www.planetatangerina.com\/wp-content\/uploads\/2019\/05\/capa-desenholivre.jpg","datePublished":"2019-05-08T15:11:03+00:00","dateModified":"2025-11-25T14:57:14+00:00","description":"Comprar Desenho livre com 10% de desconto do editor. Desenho Livre\u00a0parece mesmo um livro para colorir (e ningu\u00e9m diz que n\u00e3o \u00e9...) mas aqui o desenho \u00e9 livre e n\u00e3o \u00e9 obrigat\u00f3rio desatar logo a pintar. O que","breadcrumb":{"@id":"https:\/\/www.planetatangerina.com\/pt-pt\/loja\/desenho-livre\/#breadcrumb"},"inLanguage":"pt-PT","potentialAction":[{"@type":"ReadAction","target":["https:\/\/www.planetatangerina.com\/pt-pt\/loja\/desenho-livre\/"]}]},{"@type":"ImageObject","inLanguage":"pt-PT","@id":"https:\/\/www.planetatangerina.com\/pt-pt\/loja\/desenho-livre\/#primaryimage","url":"https:\/\/www.planetatangerina.com\/wp-content\/uploads\/2019\/05\/capa-desenholivre.jpg","contentUrl":"https:\/\/www.planetatangerina.com\/wp-content\/uploads\/2019\/05\/capa-desenholivre.jpg","width":565,"height":737,"caption":"Desenho Livre Andr\u00e9s Sandoval colorir pintar"},{"@type":"BreadcrumbList","@id":"https:\/\/www.planetatangerina.com\/pt-pt\/loja\/desenho-livre\/#breadcrumb","itemListElement":[{"@type":"ListItem","position":1,"name":"In\u00edcio","item":"https:\/\/www.planetatangerina.com\/pt-pt\/"},{"@type":"ListItem","position":2,"name":"Loja","item":"https:\/\/www.planetatangerina.com\/pt-pt\/loja\/"},{"@type":"ListItem","position":3,"name":"Desenho livre"}]},{"@type":"WebSite","@id":"https:\/\/www.planetatangerina.com\/pt-pt\/#website","url":"https:\/\/www.planetatangerina.com\/pt-pt\/","name":"Planeta Tangerina","description":"Editora independente de livros infantis e juvenis. Fic\u00e7\u00e3o, livros informativos e novelas gr\u00e1ficas no Plano Nacional de Leitura \u2014 PNL.","publisher":{"@id":"https:\/\/www.planetatangerina.com\/pt-pt\/#organization"},"potentialAction":[{"@type":"SearchAction","target":{"@type":"EntryPoint","urlTemplate":"https:\/\/www.planetatangerina.com\/pt-pt\/?s={search_term_string}"},"query-input":{"@type":"PropertyValueSpecification","valueRequired":true,"valueName":"search_term_string"}}],"inLanguage":"pt-PT"},{"@type":"Organization","@id":"https:\/\/www.planetatangerina.com\/pt-pt\/#organization","name":"Planeta Tangerina","url":"https:\/\/www.planetatangerina.com\/pt-pt\/","logo":{"@type":"ImageObject","inLanguage":"pt-PT","@id":"https:\/\/www.planetatangerina.com\/pt-pt\/#\/schema\/logo\/image\/","url":"https:\/\/www.planetatangerina.com\/wp-content\/uploads\/2020\/02\/logo.png","contentUrl":"https:\/\/www.planetatangerina.com\/wp-content\/uploads\/2020\/02\/logo.png","width":275,"height":15,"caption":"Planeta Tangerina"},"image":{"@id":"https:\/\/www.planetatangerina.com\/pt-pt\/#\/schema\/logo\/image\/"},"sameAs":["https:\/\/www.facebook.com\/planetatangerina\/","https:\/\/www.instagram.com\/planetatangerina\/"]}]}},"_links":{"self":[{"href":"https:\/\/www.planetatangerina.com\/pt-pt\/wp-json\/wp\/v2\/product\/2103","targetHints":{"allow":["GET"]}}],"collection":[{"href":"https:\/\/www.planetatangerina.com\/pt-pt\/wp-json\/wp\/v2\/product"}],"about":[{"href":"https:\/\/www.planetatangerina.com\/pt-pt\/wp-json\/wp\/v2\/types\/product"}],"wp:featuredmedia":[{"embeddable":true,"href":"https:\/\/www.planetatangerina.com\/pt-pt\/wp-json\/wp\/v2\/media\/18418"}],"wp:attachment":[{"href":"https:\/\/www.planetatangerina.com\/pt-pt\/wp-json\/wp\/v2\/media?parent=2103"}],"wp:term":[{"taxonomy":"product_brand","embeddable":true,"href":"https:\/\/www.planetatangerina.com\/pt-pt\/wp-json\/wp\/v2\/product_brand?post=2103"},{"taxonomy":"product_cat","embeddable":true,"href":"https:\/\/www.planetatangerina.com\/pt-pt\/wp-json\/wp\/v2\/product_cat?post=2103"},{"taxonomy":"product_tag","embeddable":true,"href":"https:\/\/www.planetatangerina.com\/pt-pt\/wp-json\/wp\/v2\/product_tag?post=2103"}],"curies":[{"name":"wp","href":"https:\/\/api.w.org\/{rel}","templated":true}]}}