{"id":2089,"date":"2019-05-08T15:55:58","date_gmt":"2019-05-08T15:55:58","guid":{"rendered":"https:\/\/www.planetatangerina.com\/?post_type=product&#038;p=2089"},"modified":"2026-04-07T10:21:33","modified_gmt":"2026-04-07T09:21:33","slug":"um-ano-inteiro","status":"publish","type":"product","link":"https:\/\/www.planetatangerina.com\/pt-pt\/loja\/um-ano-inteiro\/","title":{"rendered":"Um ano inteiro"},"content":{"rendered":"<p>Em que semana acordam as joaninhas? Em que semana se podem ver as primeiras andorinhas? Qual a melhor \u00e9poca para escutar o canto noturno do rouxinol? E a brama dos veados? Se eu quiser montar uma caixa-ninho qual a melhor altura? E as estrelas? Em que esta\u00e7\u00e3o posso ver S\u00edrio, a estrela mais brilhante do c\u00e9u? E as aves migradoras, em que \u00e9poca passam por aqui?<\/p>\n<p><em>Um ano inteiro<\/em> convida-nos a viver a natureza ao longo de todo o ano. Desafia-nos a observar os ciclos das plantas e dos animais e a descobrir algumas das mudan\u00e7as mais fant\u00e1sticas que acontecem \u00e0 nossa volta todos os meses, semana a semana, no decorrer dos 365 dias que a Terra demora a dar uma volta ao Sol.<\/p>\n<p><em>Um ano inteiro<\/em>\u00a0procura ser um complemento ao livro \u201cL\u00e1 Fora\u201d (tamb\u00e9m editado pelo Planeta Tangerina ), desafiando os leitores com um ano inteiro de propostas, passeios e observa\u00e7\u00f5es, os mais indicados para cada \u00e9poca e selecionados de acordo com o calend\u00e1rio do nosso pa\u00eds e as esp\u00e9cies que o habitam.<\/p>\n<p><em>Um ano inteiro<\/em>: um almanaque intemporal, para partir \u00e0 descoberta da natureza infinitas vezes!<\/p>\n<p>&nbsp;<\/p>\n<ul>\n<li>Sele\u00e7\u00e3o de conte\u00fados: Isabel Minh\u00f3s Martins, Maria Ana Peixe Dias e In\u00eas Teixeira do Ros\u00e1rio<\/li>\n<li>Revis\u00e3o cient\u00edfica geral: Maria Ana Peixe Dias e In\u00eas Teixeira do Ros\u00e1rio<\/li>\n<li>Revis\u00e3o cient\u00edfica (Astronomia): Rui Agostinho, Suzana Ferreira e Ismael Tereno (Observat\u00f3rio Astron\u00f3mico de Lisboa) e S\u00f3nia Anton<\/li>\n<li>Revis\u00e3o cient\u00edfica (Geologia): Teresa Melo<\/li>\n<li>Revis\u00e3o cient\u00edfica (Meteorologia): Teresa Leal Rosa<\/li>\n<\/ul>\n","protected":false},"excerpt":{"rendered":"<p>Em que semana acordam as joaninhas? Em que semana se podem ver as primeiras andorinhas? Qual a melhor \u00e9poca para escutar o canto noturno do rouxinol? E a brama dos veados? Se eu quiser montar uma caixa-ninho qual a melhor altura? E as estrelas? Em que esta\u00e7\u00e3o posso ver S\u00edrio, a estrela mais brilhante do [&hellip;]<\/p>\n","protected":false},"featured_media":18355,"template":"","meta":{"_acf_changed":false},"product_brand":[],"product_cat":[19,23],"product_tag":[342],"class_list":{"0":"post-2089","1":"product","2":"type-product","3":"status-publish","4":"has-post-thumbnail","6":"product_cat-livros","7":"product_cat-projetos-especiais","8":"product_tag-editor","10":"first","11":"instock","12":"taxable","13":"shipping-taxable","14":"purchasable","15":"product-type-simple"},"acf":[],"yoast_head":"<!-- This site is optimized with the Yoast SEO plugin v27.2 - https:\/\/yoast.com\/product\/yoast-seo-wordpress\/ -->\n<title>Um ano inteiro - Livros, Projetos Especiais - Loja online do Planeta Tangerina<\/title>\n<meta name=\"description\" content=\"Comprar Um ano inteiro com 10% de desconto do editor. Em que semana acordam as joaninhas? Em que semana se podem ver as primeiras andorinhas? Qual a melhor \u00e9poca para escutar o canto noturno do rouxinol? E a\" \/>\n<meta name=\"robots\" content=\"index, follow, max-snippet:-1, max-image-preview:large, max-video-preview:-1\" \/>\n<link rel=\"canonical\" href=\"https:\/\/www.planetatangerina.com\/pt-pt\/loja\/um-ano-inteiro\/\" \/>\n<meta name=\"twitter:label1\" content=\"Tempo estimado de leitura\" \/>\n\t<meta name=\"twitter:data1\" content=\"2 minutos\" \/>\n<script type=\"application\/ld+json\" class=\"yoast-schema-graph\">{\"@context\":\"https:\/\/schema.org\",\"@graph\":[{\"@type\":\"WebPage\",\"@id\":\"https:\/\/www.planetatangerina.com\/pt-pt\/loja\/um-ano-inteiro\/\",\"url\":\"https:\/\/www.planetatangerina.com\/pt-pt\/loja\/um-ano-inteiro\/\",\"name\":\"Um ano inteiro - Livros, Projetos Especiais - Loja online do Planeta Tangerina\",\"isPartOf\":{\"@id\":\"https:\/\/www.planetatangerina.com\/pt-pt\/#website\"},\"primaryImageOfPage\":{\"@id\":\"https:\/\/www.planetatangerina.com\/pt-pt\/loja\/um-ano-inteiro\/#primaryimage\"},\"image\":{\"@id\":\"https:\/\/www.planetatangerina.com\/pt-pt\/loja\/um-ano-inteiro\/#primaryimage\"},\"thumbnailUrl\":\"https:\/\/www.planetatangerina.com\/wp-content\/uploads\/2019\/05\/capa-umano.png\",\"datePublished\":\"2019-05-08T15:55:58+00:00\",\"dateModified\":\"2026-04-07T09:21:33+00:00\",\"description\":\"Comprar Um ano inteiro com 10% de desconto do editor. Em que semana acordam as joaninhas? Em que semana se podem ver as primeiras andorinhas? Qual a melhor \u00e9poca para escutar o canto noturno do rouxinol? E a\",\"breadcrumb\":{\"@id\":\"https:\/\/www.planetatangerina.com\/pt-pt\/loja\/um-ano-inteiro\/#breadcrumb\"},\"inLanguage\":\"pt-PT\",\"potentialAction\":[{\"@type\":\"ReadAction\",\"target\":[\"https:\/\/www.planetatangerina.com\/pt-pt\/loja\/um-ano-inteiro\/\"]}]},{\"@type\":\"ImageObject\",\"inLanguage\":\"pt-PT\",\"@id\":\"https:\/\/www.planetatangerina.com\/pt-pt\/loja\/um-ano-inteiro\/#primaryimage\",\"url\":\"https:\/\/www.planetatangerina.com\/wp-content\/uploads\/2019\/05\/capa-umano.png\",\"contentUrl\":\"https:\/\/www.planetatangerina.com\/wp-content\/uploads\/2019\/05\/capa-umano.png\",\"width\":540,\"height\":800,\"caption\":\"um ano inteiro almanaque da natureza bernardo p. carvalho isabel martins\"},{\"@type\":\"BreadcrumbList\",\"@id\":\"https:\/\/www.planetatangerina.com\/pt-pt\/loja\/um-ano-inteiro\/#breadcrumb\",\"itemListElement\":[{\"@type\":\"ListItem\",\"position\":1,\"name\":\"In\u00edcio\",\"item\":\"https:\/\/www.planetatangerina.com\/pt-pt\/\"},{\"@type\":\"ListItem\",\"position\":2,\"name\":\"Loja\",\"item\":\"https:\/\/www.planetatangerina.com\/pt-pt\/loja\/\"},{\"@type\":\"ListItem\",\"position\":3,\"name\":\"Um ano inteiro\"}]},{\"@type\":\"WebSite\",\"@id\":\"https:\/\/www.planetatangerina.com\/pt-pt\/#website\",\"url\":\"https:\/\/www.planetatangerina.com\/pt-pt\/\",\"name\":\"Planeta Tangerina\",\"description\":\"Editora independente de livros infantis e juvenis. Fic\u00e7\u00e3o, livros informativos e novelas gr\u00e1ficas no Plano Nacional de Leitura \u2014 PNL.\",\"publisher\":{\"@id\":\"https:\/\/www.planetatangerina.com\/pt-pt\/#organization\"},\"potentialAction\":[{\"@type\":\"SearchAction\",\"target\":{\"@type\":\"EntryPoint\",\"urlTemplate\":\"https:\/\/www.planetatangerina.com\/pt-pt\/?s={search_term_string}\"},\"query-input\":{\"@type\":\"PropertyValueSpecification\",\"valueRequired\":true,\"valueName\":\"search_term_string\"}}],\"inLanguage\":\"pt-PT\"},{\"@type\":\"Organization\",\"@id\":\"https:\/\/www.planetatangerina.com\/pt-pt\/#organization\",\"name\":\"Planeta Tangerina\",\"url\":\"https:\/\/www.planetatangerina.com\/pt-pt\/\",\"logo\":{\"@type\":\"ImageObject\",\"inLanguage\":\"pt-PT\",\"@id\":\"https:\/\/www.planetatangerina.com\/pt-pt\/#\/schema\/logo\/image\/\",\"url\":\"https:\/\/www.planetatangerina.com\/wp-content\/uploads\/2020\/02\/logo.png\",\"contentUrl\":\"https:\/\/www.planetatangerina.com\/wp-content\/uploads\/2020\/02\/logo.png\",\"width\":275,\"height\":15,\"caption\":\"Planeta Tangerina\"},\"image\":{\"@id\":\"https:\/\/www.planetatangerina.com\/pt-pt\/#\/schema\/logo\/image\/\"},\"sameAs\":[\"https:\/\/www.facebook.com\/planetatangerina\/\",\"https:\/\/www.instagram.com\/planetatangerina\/\"]}]}<\/script>\n<!-- \/ Yoast SEO plugin. -->","yoast_head_json":{"title":"Um ano inteiro - Livros, Projetos Especiais - Loja online do Planeta Tangerina","description":"Comprar Um ano inteiro com 10% de desconto do editor. Em que semana acordam as joaninhas? Em que semana se podem ver as primeiras andorinhas? Qual a melhor \u00e9poca para escutar o canto noturno do rouxinol? E a","robots":{"index":"index","follow":"follow","max-snippet":"max-snippet:-1","max-image-preview":"max-image-preview:large","max-video-preview":"max-video-preview:-1"},"canonical":"https:\/\/www.planetatangerina.com\/pt-pt\/loja\/um-ano-inteiro\/","twitter_misc":{"Tempo estimado de leitura":"2 minutos"},"schema":{"@context":"https:\/\/schema.org","@graph":[{"@type":"WebPage","@id":"https:\/\/www.planetatangerina.com\/pt-pt\/loja\/um-ano-inteiro\/","url":"https:\/\/www.planetatangerina.com\/pt-pt\/loja\/um-ano-inteiro\/","name":"Um ano inteiro - Livros, Projetos Especiais - Loja online do Planeta Tangerina","isPartOf":{"@id":"https:\/\/www.planetatangerina.com\/pt-pt\/#website"},"primaryImageOfPage":{"@id":"https:\/\/www.planetatangerina.com\/pt-pt\/loja\/um-ano-inteiro\/#primaryimage"},"image":{"@id":"https:\/\/www.planetatangerina.com\/pt-pt\/loja\/um-ano-inteiro\/#primaryimage"},"thumbnailUrl":"https:\/\/www.planetatangerina.com\/wp-content\/uploads\/2019\/05\/capa-umano.png","datePublished":"2019-05-08T15:55:58+00:00","dateModified":"2026-04-07T09:21:33+00:00","description":"Comprar Um ano inteiro com 10% de desconto do editor. Em que semana acordam as joaninhas? Em que semana se podem ver as primeiras andorinhas? Qual a melhor \u00e9poca para escutar o canto noturno do rouxinol? E a","breadcrumb":{"@id":"https:\/\/www.planetatangerina.com\/pt-pt\/loja\/um-ano-inteiro\/#breadcrumb"},"inLanguage":"pt-PT","potentialAction":[{"@type":"ReadAction","target":["https:\/\/www.planetatangerina.com\/pt-pt\/loja\/um-ano-inteiro\/"]}]},{"@type":"ImageObject","inLanguage":"pt-PT","@id":"https:\/\/www.planetatangerina.com\/pt-pt\/loja\/um-ano-inteiro\/#primaryimage","url":"https:\/\/www.planetatangerina.com\/wp-content\/uploads\/2019\/05\/capa-umano.png","contentUrl":"https:\/\/www.planetatangerina.com\/wp-content\/uploads\/2019\/05\/capa-umano.png","width":540,"height":800,"caption":"um ano inteiro almanaque da natureza bernardo p. carvalho isabel martins"},{"@type":"BreadcrumbList","@id":"https:\/\/www.planetatangerina.com\/pt-pt\/loja\/um-ano-inteiro\/#breadcrumb","itemListElement":[{"@type":"ListItem","position":1,"name":"In\u00edcio","item":"https:\/\/www.planetatangerina.com\/pt-pt\/"},{"@type":"ListItem","position":2,"name":"Loja","item":"https:\/\/www.planetatangerina.com\/pt-pt\/loja\/"},{"@type":"ListItem","position":3,"name":"Um ano inteiro"}]},{"@type":"WebSite","@id":"https:\/\/www.planetatangerina.com\/pt-pt\/#website","url":"https:\/\/www.planetatangerina.com\/pt-pt\/","name":"Planeta Tangerina","description":"Editora independente de livros infantis e juvenis. Fic\u00e7\u00e3o, livros informativos e novelas gr\u00e1ficas no Plano Nacional de Leitura \u2014 PNL.","publisher":{"@id":"https:\/\/www.planetatangerina.com\/pt-pt\/#organization"},"potentialAction":[{"@type":"SearchAction","target":{"@type":"EntryPoint","urlTemplate":"https:\/\/www.planetatangerina.com\/pt-pt\/?s={search_term_string}"},"query-input":{"@type":"PropertyValueSpecification","valueRequired":true,"valueName":"search_term_string"}}],"inLanguage":"pt-PT"},{"@type":"Organization","@id":"https:\/\/www.planetatangerina.com\/pt-pt\/#organization","name":"Planeta Tangerina","url":"https:\/\/www.planetatangerina.com\/pt-pt\/","logo":{"@type":"ImageObject","inLanguage":"pt-PT","@id":"https:\/\/www.planetatangerina.com\/pt-pt\/#\/schema\/logo\/image\/","url":"https:\/\/www.planetatangerina.com\/wp-content\/uploads\/2020\/02\/logo.png","contentUrl":"https:\/\/www.planetatangerina.com\/wp-content\/uploads\/2020\/02\/logo.png","width":275,"height":15,"caption":"Planeta Tangerina"},"image":{"@id":"https:\/\/www.planetatangerina.com\/pt-pt\/#\/schema\/logo\/image\/"},"sameAs":["https:\/\/www.facebook.com\/planetatangerina\/","https:\/\/www.instagram.com\/planetatangerina\/"]}]}},"_links":{"self":[{"href":"https:\/\/www.planetatangerina.com\/pt-pt\/wp-json\/wp\/v2\/product\/2089","targetHints":{"allow":["GET"]}}],"collection":[{"href":"https:\/\/www.planetatangerina.com\/pt-pt\/wp-json\/wp\/v2\/product"}],"about":[{"href":"https:\/\/www.planetatangerina.com\/pt-pt\/wp-json\/wp\/v2\/types\/product"}],"wp:featuredmedia":[{"embeddable":true,"href":"https:\/\/www.planetatangerina.com\/pt-pt\/wp-json\/wp\/v2\/media\/18355"}],"wp:attachment":[{"href":"https:\/\/www.planetatangerina.com\/pt-pt\/wp-json\/wp\/v2\/media?parent=2089"}],"wp:term":[{"taxonomy":"product_brand","embeddable":true,"href":"https:\/\/www.planetatangerina.com\/pt-pt\/wp-json\/wp\/v2\/product_brand?post=2089"},{"taxonomy":"product_cat","embeddable":true,"href":"https:\/\/www.planetatangerina.com\/pt-pt\/wp-json\/wp\/v2\/product_cat?post=2089"},{"taxonomy":"product_tag","embeddable":true,"href":"https:\/\/www.planetatangerina.com\/pt-pt\/wp-json\/wp\/v2\/product_tag?post=2089"}],"curies":[{"name":"wp","href":"https:\/\/api.w.org\/{rel}","templated":true}]}}