{"id":2078,"date":"2019-05-08T15:47:57","date_gmt":"2019-05-08T15:47:57","guid":{"rendered":"https:\/\/www.planetatangerina.com\/?post_type=product&#038;p=2078"},"modified":"2026-05-07T17:03:29","modified_gmt":"2026-05-07T16:03:29","slug":"ca-dentro","status":"publish","type":"product","link":"https:\/\/www.planetatangerina.com\/pt-pt\/loja\/ca-dentro\/","title":{"rendered":"C\u00e1 dentro"},"content":{"rendered":"<p>Na Antiguidade julgava-se que o \u00f3rg\u00e3o respons\u00e1vel pelos nossos pensamentos e emo\u00e7\u00f5es era o cora\u00e7\u00e3o. Hoje j\u00e1 sabemos que tudo o que somos \u2013 pensamentos, emo\u00e7\u00f5es, decis\u00f5es, ideias \u2013 acontece dentro do c\u00e9rebro, em conversa cont\u00ednua com o resto do corpo.<br \/>\nMas como nasce um pensamento? Como funciona o c\u00e9rebro? Como \u00e9 que o c\u00e9rebro guarda o que aprende? Como se emociona, cria, inventa e faz de cada um de n\u00f3s uma pessoa \u00fanica e irrepet\u00edvel?<\/p>\n<p>Constru\u00eddo com o apoio de uma equipa de neurocientistas, fil\u00f3sofos e psic\u00f3logos,\u00a0<em>C\u00e1 Dentro<\/em>\u00a0acompanha a evolu\u00e7\u00e3o do c\u00e9rebro desde o primeiro segundo, mostra-nos a incr\u00edvel realidade constru\u00edda com a ajuda dos sentidos, explica-nos como aprendemos, decidimos ou agimos e tamb\u00e9m como nos ligamos \u00e0s outras pessoas, outros c\u00e9rebros.<\/p>\n<p>Se todas as experi\u00eancias da vida contribuem para moldar o nosso c\u00e9rebro, esperamos que esta leitura contribua para um c\u00e9rebro (ainda) mais curioso, motivado e feliz.<\/p>\n<p>Para leitores de todas as idades (a partir dos 10 anos).<\/p>\n","protected":false},"excerpt":{"rendered":"<p>Na Antiguidade julgava-se que o \u00f3rg\u00e3o respons\u00e1vel pelos nossos pensamentos e emo\u00e7\u00f5es era o cora\u00e7\u00e3o. Hoje j\u00e1 sabemos que tudo o que somos \u2013 pensamentos, emo\u00e7\u00f5es, decis\u00f5es, ideias \u2013 acontece dentro do c\u00e9rebro, em conversa cont\u00ednua com o resto do corpo. Mas como nasce um pensamento? Como funciona o c\u00e9rebro? Como \u00e9 que o c\u00e9rebro [&hellip;]<\/p>\n","protected":false},"featured_media":18446,"template":"","meta":{"_acf_changed":false},"product_brand":[],"product_cat":[19,23],"product_tag":[342],"class_list":{"0":"post-2078","1":"product","2":"type-product","3":"status-publish","4":"has-post-thumbnail","6":"product_cat-livros","7":"product_cat-projetos-especiais","8":"product_tag-editor","9":"product_shipping_class-mais-caros","11":"first","12":"instock","13":"taxable","14":"shipping-taxable","15":"purchasable","16":"product-type-simple"},"acf":[],"yoast_head":"<!-- This site is optimized with the Yoast SEO plugin v27.5 - https:\/\/yoast.com\/product\/yoast-seo-wordpress\/ -->\n<title>C\u00e1 dentro - Livros, Projetos Especiais - Loja online do Planeta Tangerina<\/title>\n<meta name=\"description\" content=\"Comprar C\u00e1 dentro com 10% de desconto do editor. Na Antiguidade julgava-se que o \u00f3rg\u00e3o respons\u00e1vel pelos nossos pensamentos e emo\u00e7\u00f5es era o cora\u00e7\u00e3o. Hoje j\u00e1 sabemos que tudo o que somos \u2013 pensamentos,\" \/>\n<meta name=\"robots\" content=\"index, follow, max-snippet:-1, max-image-preview:large, max-video-preview:-1\" \/>\n<link rel=\"canonical\" href=\"https:\/\/www.planetatangerina.com\/pt-pt\/loja\/ca-dentro\/\" \/>\n<meta name=\"twitter:label1\" content=\"Tempo estimado de leitura\" \/>\n\t<meta name=\"twitter:data1\" content=\"2 minutos\" \/>\n<script type=\"application\/ld+json\" class=\"yoast-schema-graph\">{\"@context\":\"https:\\\/\\\/schema.org\",\"@graph\":[{\"@type\":\"WebPage\",\"@id\":\"https:\\\/\\\/www.planetatangerina.com\\\/pt-pt\\\/loja\\\/ca-dentro\\\/\",\"url\":\"https:\\\/\\\/www.planetatangerina.com\\\/pt-pt\\\/loja\\\/ca-dentro\\\/\",\"name\":\"C\u00e1 dentro - Livros, Projetos Especiais - Loja online do Planeta Tangerina\",\"isPartOf\":{\"@id\":\"https:\\\/\\\/www.planetatangerina.com\\\/pt-pt\\\/#website\"},\"primaryImageOfPage\":{\"@id\":\"https:\\\/\\\/www.planetatangerina.com\\\/pt-pt\\\/loja\\\/ca-dentro\\\/#primaryimage\"},\"image\":{\"@id\":\"https:\\\/\\\/www.planetatangerina.com\\\/pt-pt\\\/loja\\\/ca-dentro\\\/#primaryimage\"},\"thumbnailUrl\":\"https:\\\/\\\/www.planetatangerina.com\\\/wp-content\\\/uploads\\\/2019\\\/05\\\/capa-cadentro.jpg\",\"datePublished\":\"2019-05-08T15:47:57+00:00\",\"dateModified\":\"2026-05-07T16:03:29+00:00\",\"description\":\"Comprar C\u00e1 dentro com 10% de desconto do editor. Na Antiguidade julgava-se que o \u00f3rg\u00e3o respons\u00e1vel pelos nossos pensamentos e emo\u00e7\u00f5es era o cora\u00e7\u00e3o. Hoje j\u00e1 sabemos que tudo o que somos \u2013 pensamentos,\",\"breadcrumb\":{\"@id\":\"https:\\\/\\\/www.planetatangerina.com\\\/pt-pt\\\/loja\\\/ca-dentro\\\/#breadcrumb\"},\"inLanguage\":\"pt-PT\",\"potentialAction\":[{\"@type\":\"ReadAction\",\"target\":[\"https:\\\/\\\/www.planetatangerina.com\\\/pt-pt\\\/loja\\\/ca-dentro\\\/\"]}]},{\"@type\":\"ImageObject\",\"inLanguage\":\"pt-PT\",\"@id\":\"https:\\\/\\\/www.planetatangerina.com\\\/pt-pt\\\/loja\\\/ca-dentro\\\/#primaryimage\",\"url\":\"https:\\\/\\\/www.planetatangerina.com\\\/wp-content\\\/uploads\\\/2019\\\/05\\\/capa-cadentro.jpg\",\"contentUrl\":\"https:\\\/\\\/www.planetatangerina.com\\\/wp-content\\\/uploads\\\/2019\\\/05\\\/capa-cadentro.jpg\",\"width\":622,\"height\":800,\"caption\":\"C\u00e1 dentro guia c\u00e9rebro Isabel Minh\u00f3s Martins Maria Manuel Pedrosa Madalena Matoso emo\u00e7\u00f5es\"},{\"@type\":\"BreadcrumbList\",\"@id\":\"https:\\\/\\\/www.planetatangerina.com\\\/pt-pt\\\/loja\\\/ca-dentro\\\/#breadcrumb\",\"itemListElement\":[{\"@type\":\"ListItem\",\"position\":1,\"name\":\"In\u00edcio\",\"item\":\"https:\\\/\\\/www.planetatangerina.com\\\/pt-pt\\\/\"},{\"@type\":\"ListItem\",\"position\":2,\"name\":\"Loja\",\"item\":\"https:\\\/\\\/www.planetatangerina.com\\\/pt-pt\\\/loja\\\/\"},{\"@type\":\"ListItem\",\"position\":3,\"name\":\"C\u00e1 dentro\"}]},{\"@type\":\"WebSite\",\"@id\":\"https:\\\/\\\/www.planetatangerina.com\\\/pt-pt\\\/#website\",\"url\":\"https:\\\/\\\/www.planetatangerina.com\\\/pt-pt\\\/\",\"name\":\"Planeta Tangerina\",\"description\":\"Editora independente de livros infantis e juvenis. Fic\u00e7\u00e3o, livros informativos e novelas gr\u00e1ficas no Plano Nacional de Leitura \u2014 PNL.\",\"publisher\":{\"@id\":\"https:\\\/\\\/www.planetatangerina.com\\\/pt-pt\\\/#organization\"},\"potentialAction\":[{\"@type\":\"SearchAction\",\"target\":{\"@type\":\"EntryPoint\",\"urlTemplate\":\"https:\\\/\\\/www.planetatangerina.com\\\/pt-pt\\\/?s={search_term_string}\"},\"query-input\":{\"@type\":\"PropertyValueSpecification\",\"valueRequired\":true,\"valueName\":\"search_term_string\"}}],\"inLanguage\":\"pt-PT\"},{\"@type\":\"Organization\",\"@id\":\"https:\\\/\\\/www.planetatangerina.com\\\/pt-pt\\\/#organization\",\"name\":\"Planeta Tangerina\",\"url\":\"https:\\\/\\\/www.planetatangerina.com\\\/pt-pt\\\/\",\"logo\":{\"@type\":\"ImageObject\",\"inLanguage\":\"pt-PT\",\"@id\":\"https:\\\/\\\/www.planetatangerina.com\\\/pt-pt\\\/#\\\/schema\\\/logo\\\/image\\\/\",\"url\":\"https:\\\/\\\/www.planetatangerina.com\\\/wp-content\\\/uploads\\\/2020\\\/02\\\/logo.png\",\"contentUrl\":\"https:\\\/\\\/www.planetatangerina.com\\\/wp-content\\\/uploads\\\/2020\\\/02\\\/logo.png\",\"width\":275,\"height\":15,\"caption\":\"Planeta Tangerina\"},\"image\":{\"@id\":\"https:\\\/\\\/www.planetatangerina.com\\\/pt-pt\\\/#\\\/schema\\\/logo\\\/image\\\/\"},\"sameAs\":[\"https:\\\/\\\/www.facebook.com\\\/planetatangerina\\\/\",\"https:\\\/\\\/www.instagram.com\\\/planetatangerina\\\/\"]}]}<\/script>\n<!-- \/ Yoast SEO plugin. -->","yoast_head_json":{"title":"C\u00e1 dentro - Livros, Projetos Especiais - Loja online do Planeta Tangerina","description":"Comprar C\u00e1 dentro com 10% de desconto do editor. Na Antiguidade julgava-se que o \u00f3rg\u00e3o respons\u00e1vel pelos nossos pensamentos e emo\u00e7\u00f5es era o cora\u00e7\u00e3o. Hoje j\u00e1 sabemos que tudo o que somos \u2013 pensamentos,","robots":{"index":"index","follow":"follow","max-snippet":"max-snippet:-1","max-image-preview":"max-image-preview:large","max-video-preview":"max-video-preview:-1"},"canonical":"https:\/\/www.planetatangerina.com\/pt-pt\/loja\/ca-dentro\/","twitter_misc":{"Tempo estimado de leitura":"2 minutos"},"schema":{"@context":"https:\/\/schema.org","@graph":[{"@type":"WebPage","@id":"https:\/\/www.planetatangerina.com\/pt-pt\/loja\/ca-dentro\/","url":"https:\/\/www.planetatangerina.com\/pt-pt\/loja\/ca-dentro\/","name":"C\u00e1 dentro - Livros, Projetos Especiais - Loja online do Planeta Tangerina","isPartOf":{"@id":"https:\/\/www.planetatangerina.com\/pt-pt\/#website"},"primaryImageOfPage":{"@id":"https:\/\/www.planetatangerina.com\/pt-pt\/loja\/ca-dentro\/#primaryimage"},"image":{"@id":"https:\/\/www.planetatangerina.com\/pt-pt\/loja\/ca-dentro\/#primaryimage"},"thumbnailUrl":"https:\/\/www.planetatangerina.com\/wp-content\/uploads\/2019\/05\/capa-cadentro.jpg","datePublished":"2019-05-08T15:47:57+00:00","dateModified":"2026-05-07T16:03:29+00:00","description":"Comprar C\u00e1 dentro com 10% de desconto do editor. Na Antiguidade julgava-se que o \u00f3rg\u00e3o respons\u00e1vel pelos nossos pensamentos e emo\u00e7\u00f5es era o cora\u00e7\u00e3o. Hoje j\u00e1 sabemos que tudo o que somos \u2013 pensamentos,","breadcrumb":{"@id":"https:\/\/www.planetatangerina.com\/pt-pt\/loja\/ca-dentro\/#breadcrumb"},"inLanguage":"pt-PT","potentialAction":[{"@type":"ReadAction","target":["https:\/\/www.planetatangerina.com\/pt-pt\/loja\/ca-dentro\/"]}]},{"@type":"ImageObject","inLanguage":"pt-PT","@id":"https:\/\/www.planetatangerina.com\/pt-pt\/loja\/ca-dentro\/#primaryimage","url":"https:\/\/www.planetatangerina.com\/wp-content\/uploads\/2019\/05\/capa-cadentro.jpg","contentUrl":"https:\/\/www.planetatangerina.com\/wp-content\/uploads\/2019\/05\/capa-cadentro.jpg","width":622,"height":800,"caption":"C\u00e1 dentro guia c\u00e9rebro Isabel Minh\u00f3s Martins Maria Manuel Pedrosa Madalena Matoso emo\u00e7\u00f5es"},{"@type":"BreadcrumbList","@id":"https:\/\/www.planetatangerina.com\/pt-pt\/loja\/ca-dentro\/#breadcrumb","itemListElement":[{"@type":"ListItem","position":1,"name":"In\u00edcio","item":"https:\/\/www.planetatangerina.com\/pt-pt\/"},{"@type":"ListItem","position":2,"name":"Loja","item":"https:\/\/www.planetatangerina.com\/pt-pt\/loja\/"},{"@type":"ListItem","position":3,"name":"C\u00e1 dentro"}]},{"@type":"WebSite","@id":"https:\/\/www.planetatangerina.com\/pt-pt\/#website","url":"https:\/\/www.planetatangerina.com\/pt-pt\/","name":"Planeta Tangerina","description":"Editora independente de livros infantis e juvenis. Fic\u00e7\u00e3o, livros informativos e novelas gr\u00e1ficas no Plano Nacional de Leitura \u2014 PNL.","publisher":{"@id":"https:\/\/www.planetatangerina.com\/pt-pt\/#organization"},"potentialAction":[{"@type":"SearchAction","target":{"@type":"EntryPoint","urlTemplate":"https:\/\/www.planetatangerina.com\/pt-pt\/?s={search_term_string}"},"query-input":{"@type":"PropertyValueSpecification","valueRequired":true,"valueName":"search_term_string"}}],"inLanguage":"pt-PT"},{"@type":"Organization","@id":"https:\/\/www.planetatangerina.com\/pt-pt\/#organization","name":"Planeta Tangerina","url":"https:\/\/www.planetatangerina.com\/pt-pt\/","logo":{"@type":"ImageObject","inLanguage":"pt-PT","@id":"https:\/\/www.planetatangerina.com\/pt-pt\/#\/schema\/logo\/image\/","url":"https:\/\/www.planetatangerina.com\/wp-content\/uploads\/2020\/02\/logo.png","contentUrl":"https:\/\/www.planetatangerina.com\/wp-content\/uploads\/2020\/02\/logo.png","width":275,"height":15,"caption":"Planeta Tangerina"},"image":{"@id":"https:\/\/www.planetatangerina.com\/pt-pt\/#\/schema\/logo\/image\/"},"sameAs":["https:\/\/www.facebook.com\/planetatangerina\/","https:\/\/www.instagram.com\/planetatangerina\/"]}]}},"_links":{"self":[{"href":"https:\/\/www.planetatangerina.com\/pt-pt\/wp-json\/wp\/v2\/product\/2078","targetHints":{"allow":["GET"]}}],"collection":[{"href":"https:\/\/www.planetatangerina.com\/pt-pt\/wp-json\/wp\/v2\/product"}],"about":[{"href":"https:\/\/www.planetatangerina.com\/pt-pt\/wp-json\/wp\/v2\/types\/product"}],"wp:featuredmedia":[{"embeddable":true,"href":"https:\/\/www.planetatangerina.com\/pt-pt\/wp-json\/wp\/v2\/media\/18446"}],"wp:attachment":[{"href":"https:\/\/www.planetatangerina.com\/pt-pt\/wp-json\/wp\/v2\/media?parent=2078"}],"wp:term":[{"taxonomy":"product_brand","embeddable":true,"href":"https:\/\/www.planetatangerina.com\/pt-pt\/wp-json\/wp\/v2\/product_brand?post=2078"},{"taxonomy":"product_cat","embeddable":true,"href":"https:\/\/www.planetatangerina.com\/pt-pt\/wp-json\/wp\/v2\/product_cat?post=2078"},{"taxonomy":"product_tag","embeddable":true,"href":"https:\/\/www.planetatangerina.com\/pt-pt\/wp-json\/wp\/v2\/product_tag?post=2078"}],"curies":[{"name":"wp","href":"https:\/\/api.w.org\/{rel}","templated":true}]}}