{"id":20155,"date":"2022-11-29T12:45:03","date_gmt":"2022-11-29T12:45:03","guid":{"rendered":"https:\/\/www.planetatangerina.com\/?post_type=product&#038;p=20155"},"modified":"2026-04-08T10:56:10","modified_gmt":"2026-04-08T09:56:10","slug":"kit-1234","status":"publish","type":"product","link":"https:\/\/www.planetatangerina.com\/pt-pt\/loja\/kit-1234\/","title":{"rendered":"Kit 1, 2, 3, 4"},"content":{"rendered":"<p><strong>Risografia<br \/>\n<\/strong><\/p>\n<p>A5<br \/>\nImpresso a tr\u00eas cores pelos Mago, em papel Fedrigoni Arena Natural 140gr.<\/p>\n<p>O kit inclui as risografias <em>1<\/em>, <em>2<\/em>, <em>3<\/em> e <em>4<\/em>.<\/p>\n","protected":false},"excerpt":{"rendered":"<p>Risografia A5 Impresso a tr\u00eas cores pelos Mago, em papel Fedrigoni Arena Natural 140gr. O kit inclui as risografias 1, 2, 3 e 4.<\/p>\n","protected":false},"featured_media":21365,"template":"","meta":{"_acf_changed":false},"product_brand":[],"product_cat":[81,82],"product_tag":[],"class_list":{"0":"post-20155","1":"product","2":"type-product","3":"status-publish","4":"has-post-thumbnail","6":"product_cat-e-nao-so","7":"product_cat-ilustracoes","9":"first","10":"outofstock","11":"taxable","12":"shipping-taxable","13":"purchasable","14":"product-type-simple"},"acf":[],"yoast_head":"<!-- This site is optimized with the Yoast SEO plugin v27.2 - https:\/\/yoast.com\/product\/yoast-seo-wordpress\/ -->\n<title>Kit 1, 2, 3, 4 - E n\u00e3o s\u00f3, Ilustra\u00e7\u00f5es - Loja online do Planeta Tangerina<\/title>\n<meta name=\"description\" content=\"Comprar Kit 1, 2, 3, 4 - Risografia   A5 Impresso a tr\u00eas cores pelos Mago, em papel Fedrigoni Arena Natural 140gr.  O kit inclui as risografias 1, 2, 3 e 4.\" \/>\n<meta name=\"robots\" content=\"index, follow, max-snippet:-1, max-image-preview:large, max-video-preview:-1\" \/>\n<link rel=\"canonical\" href=\"https:\/\/www.planetatangerina.com\/pt-pt\/loja\/kit-1234\/\" \/>\n<meta name=\"twitter:label1\" content=\"Tempo estimado de leitura\" \/>\n\t<meta name=\"twitter:data1\" content=\"1 minuto\" \/>\n<script type=\"application\/ld+json\" class=\"yoast-schema-graph\">{\"@context\":\"https:\/\/schema.org\",\"@graph\":[{\"@type\":\"WebPage\",\"@id\":\"https:\/\/www.planetatangerina.com\/pt-pt\/loja\/kit-1234\/\",\"url\":\"https:\/\/www.planetatangerina.com\/pt-pt\/loja\/kit-1234\/\",\"name\":\"Kit 1, 2, 3, 4 - E n\u00e3o s\u00f3, Ilustra\u00e7\u00f5es - Loja online do Planeta Tangerina\",\"isPartOf\":{\"@id\":\"https:\/\/www.planetatangerina.com\/pt-pt\/#website\"},\"primaryImageOfPage\":{\"@id\":\"https:\/\/www.planetatangerina.com\/pt-pt\/loja\/kit-1234\/#primaryimage\"},\"image\":{\"@id\":\"https:\/\/www.planetatangerina.com\/pt-pt\/loja\/kit-1234\/#primaryimage\"},\"thumbnailUrl\":\"https:\/\/www.planetatangerina.com\/wp-content\/uploads\/2022\/11\/yarakit_site.jpg\",\"datePublished\":\"2022-11-29T12:45:03+00:00\",\"dateModified\":\"2026-04-08T09:56:10+00:00\",\"description\":\"Comprar Kit 1, 2, 3, 4 - Risografia A5 Impresso a tr\u00eas cores pelos Mago, em papel Fedrigoni Arena Natural 140gr. O kit inclui as risografias 1, 2, 3 e 4.\",\"breadcrumb\":{\"@id\":\"https:\/\/www.planetatangerina.com\/pt-pt\/loja\/kit-1234\/#breadcrumb\"},\"inLanguage\":\"pt-PT\",\"potentialAction\":[{\"@type\":\"ReadAction\",\"target\":[\"https:\/\/www.planetatangerina.com\/pt-pt\/loja\/kit-1234\/\"]}]},{\"@type\":\"ImageObject\",\"inLanguage\":\"pt-PT\",\"@id\":\"https:\/\/www.planetatangerina.com\/pt-pt\/loja\/kit-1234\/#primaryimage\",\"url\":\"https:\/\/www.planetatangerina.com\/wp-content\/uploads\/2022\/11\/yarakit_site.jpg\",\"contentUrl\":\"https:\/\/www.planetatangerina.com\/wp-content\/uploads\/2022\/11\/yarakit_site.jpg\",\"width\":1290,\"height\":1600,\"caption\":\"Kit 1 2 3 4 Yara Kono\"},{\"@type\":\"BreadcrumbList\",\"@id\":\"https:\/\/www.planetatangerina.com\/pt-pt\/loja\/kit-1234\/#breadcrumb\",\"itemListElement\":[{\"@type\":\"ListItem\",\"position\":1,\"name\":\"In\u00edcio\",\"item\":\"https:\/\/www.planetatangerina.com\/pt-pt\/\"},{\"@type\":\"ListItem\",\"position\":2,\"name\":\"Loja\",\"item\":\"https:\/\/www.planetatangerina.com\/pt-pt\/loja\/\"},{\"@type\":\"ListItem\",\"position\":3,\"name\":\"Kit 1, 2, 3, 4\"}]},{\"@type\":\"WebSite\",\"@id\":\"https:\/\/www.planetatangerina.com\/pt-pt\/#website\",\"url\":\"https:\/\/www.planetatangerina.com\/pt-pt\/\",\"name\":\"Planeta Tangerina\",\"description\":\"Editora independente de livros infantis e juvenis. Fic\u00e7\u00e3o, livros informativos e novelas gr\u00e1ficas no Plano Nacional de Leitura \u2014 PNL.\",\"publisher\":{\"@id\":\"https:\/\/www.planetatangerina.com\/pt-pt\/#organization\"},\"potentialAction\":[{\"@type\":\"SearchAction\",\"target\":{\"@type\":\"EntryPoint\",\"urlTemplate\":\"https:\/\/www.planetatangerina.com\/pt-pt\/?s={search_term_string}\"},\"query-input\":{\"@type\":\"PropertyValueSpecification\",\"valueRequired\":true,\"valueName\":\"search_term_string\"}}],\"inLanguage\":\"pt-PT\"},{\"@type\":\"Organization\",\"@id\":\"https:\/\/www.planetatangerina.com\/pt-pt\/#organization\",\"name\":\"Planeta Tangerina\",\"url\":\"https:\/\/www.planetatangerina.com\/pt-pt\/\",\"logo\":{\"@type\":\"ImageObject\",\"inLanguage\":\"pt-PT\",\"@id\":\"https:\/\/www.planetatangerina.com\/pt-pt\/#\/schema\/logo\/image\/\",\"url\":\"https:\/\/www.planetatangerina.com\/wp-content\/uploads\/2020\/02\/logo.png\",\"contentUrl\":\"https:\/\/www.planetatangerina.com\/wp-content\/uploads\/2020\/02\/logo.png\",\"width\":275,\"height\":15,\"caption\":\"Planeta Tangerina\"},\"image\":{\"@id\":\"https:\/\/www.planetatangerina.com\/pt-pt\/#\/schema\/logo\/image\/\"},\"sameAs\":[\"https:\/\/www.facebook.com\/planetatangerina\/\",\"https:\/\/www.instagram.com\/planetatangerina\/\"]}]}<\/script>\n<!-- \/ Yoast SEO plugin. -->","yoast_head_json":{"title":"Kit 1, 2, 3, 4 - E n\u00e3o s\u00f3, Ilustra\u00e7\u00f5es - Loja online do Planeta Tangerina","description":"Comprar Kit 1, 2, 3, 4 - Risografia   A5 Impresso a tr\u00eas cores pelos Mago, em papel Fedrigoni Arena Natural 140gr.  O kit inclui as risografias 1, 2, 3 e 4.","robots":{"index":"index","follow":"follow","max-snippet":"max-snippet:-1","max-image-preview":"max-image-preview:large","max-video-preview":"max-video-preview:-1"},"canonical":"https:\/\/www.planetatangerina.com\/pt-pt\/loja\/kit-1234\/","twitter_misc":{"Tempo estimado de leitura":"1 minuto"},"schema":{"@context":"https:\/\/schema.org","@graph":[{"@type":"WebPage","@id":"https:\/\/www.planetatangerina.com\/pt-pt\/loja\/kit-1234\/","url":"https:\/\/www.planetatangerina.com\/pt-pt\/loja\/kit-1234\/","name":"Kit 1, 2, 3, 4 - E n\u00e3o s\u00f3, Ilustra\u00e7\u00f5es - Loja online do Planeta Tangerina","isPartOf":{"@id":"https:\/\/www.planetatangerina.com\/pt-pt\/#website"},"primaryImageOfPage":{"@id":"https:\/\/www.planetatangerina.com\/pt-pt\/loja\/kit-1234\/#primaryimage"},"image":{"@id":"https:\/\/www.planetatangerina.com\/pt-pt\/loja\/kit-1234\/#primaryimage"},"thumbnailUrl":"https:\/\/www.planetatangerina.com\/wp-content\/uploads\/2022\/11\/yarakit_site.jpg","datePublished":"2022-11-29T12:45:03+00:00","dateModified":"2026-04-08T09:56:10+00:00","description":"Comprar Kit 1, 2, 3, 4 - Risografia A5 Impresso a tr\u00eas cores pelos Mago, em papel Fedrigoni Arena Natural 140gr. O kit inclui as risografias 1, 2, 3 e 4.","breadcrumb":{"@id":"https:\/\/www.planetatangerina.com\/pt-pt\/loja\/kit-1234\/#breadcrumb"},"inLanguage":"pt-PT","potentialAction":[{"@type":"ReadAction","target":["https:\/\/www.planetatangerina.com\/pt-pt\/loja\/kit-1234\/"]}]},{"@type":"ImageObject","inLanguage":"pt-PT","@id":"https:\/\/www.planetatangerina.com\/pt-pt\/loja\/kit-1234\/#primaryimage","url":"https:\/\/www.planetatangerina.com\/wp-content\/uploads\/2022\/11\/yarakit_site.jpg","contentUrl":"https:\/\/www.planetatangerina.com\/wp-content\/uploads\/2022\/11\/yarakit_site.jpg","width":1290,"height":1600,"caption":"Kit 1 2 3 4 Yara Kono"},{"@type":"BreadcrumbList","@id":"https:\/\/www.planetatangerina.com\/pt-pt\/loja\/kit-1234\/#breadcrumb","itemListElement":[{"@type":"ListItem","position":1,"name":"In\u00edcio","item":"https:\/\/www.planetatangerina.com\/pt-pt\/"},{"@type":"ListItem","position":2,"name":"Loja","item":"https:\/\/www.planetatangerina.com\/pt-pt\/loja\/"},{"@type":"ListItem","position":3,"name":"Kit 1, 2, 3, 4"}]},{"@type":"WebSite","@id":"https:\/\/www.planetatangerina.com\/pt-pt\/#website","url":"https:\/\/www.planetatangerina.com\/pt-pt\/","name":"Planeta Tangerina","description":"Editora independente de livros infantis e juvenis. Fic\u00e7\u00e3o, livros informativos e novelas gr\u00e1ficas no Plano Nacional de Leitura \u2014 PNL.","publisher":{"@id":"https:\/\/www.planetatangerina.com\/pt-pt\/#organization"},"potentialAction":[{"@type":"SearchAction","target":{"@type":"EntryPoint","urlTemplate":"https:\/\/www.planetatangerina.com\/pt-pt\/?s={search_term_string}"},"query-input":{"@type":"PropertyValueSpecification","valueRequired":true,"valueName":"search_term_string"}}],"inLanguage":"pt-PT"},{"@type":"Organization","@id":"https:\/\/www.planetatangerina.com\/pt-pt\/#organization","name":"Planeta Tangerina","url":"https:\/\/www.planetatangerina.com\/pt-pt\/","logo":{"@type":"ImageObject","inLanguage":"pt-PT","@id":"https:\/\/www.planetatangerina.com\/pt-pt\/#\/schema\/logo\/image\/","url":"https:\/\/www.planetatangerina.com\/wp-content\/uploads\/2020\/02\/logo.png","contentUrl":"https:\/\/www.planetatangerina.com\/wp-content\/uploads\/2020\/02\/logo.png","width":275,"height":15,"caption":"Planeta Tangerina"},"image":{"@id":"https:\/\/www.planetatangerina.com\/pt-pt\/#\/schema\/logo\/image\/"},"sameAs":["https:\/\/www.facebook.com\/planetatangerina\/","https:\/\/www.instagram.com\/planetatangerina\/"]}]}},"_links":{"self":[{"href":"https:\/\/www.planetatangerina.com\/pt-pt\/wp-json\/wp\/v2\/product\/20155","targetHints":{"allow":["GET"]}}],"collection":[{"href":"https:\/\/www.planetatangerina.com\/pt-pt\/wp-json\/wp\/v2\/product"}],"about":[{"href":"https:\/\/www.planetatangerina.com\/pt-pt\/wp-json\/wp\/v2\/types\/product"}],"wp:featuredmedia":[{"embeddable":true,"href":"https:\/\/www.planetatangerina.com\/pt-pt\/wp-json\/wp\/v2\/media\/21365"}],"wp:attachment":[{"href":"https:\/\/www.planetatangerina.com\/pt-pt\/wp-json\/wp\/v2\/media?parent=20155"}],"wp:term":[{"taxonomy":"product_brand","embeddable":true,"href":"https:\/\/www.planetatangerina.com\/pt-pt\/wp-json\/wp\/v2\/product_brand?post=20155"},{"taxonomy":"product_cat","embeddable":true,"href":"https:\/\/www.planetatangerina.com\/pt-pt\/wp-json\/wp\/v2\/product_cat?post=20155"},{"taxonomy":"product_tag","embeddable":true,"href":"https:\/\/www.planetatangerina.com\/pt-pt\/wp-json\/wp\/v2\/product_tag?post=20155"}],"curies":[{"name":"wp","href":"https:\/\/api.w.org\/{rel}","templated":true}]}}