{"id":19336,"date":"2022-05-27T15:37:14","date_gmt":"2022-05-27T14:37:14","guid":{"rendered":"https:\/\/www.planetatangerina.com\/?post_type=product&#038;p=19336"},"modified":"2026-03-09T21:14:45","modified_gmt":"2026-03-09T21:14:45","slug":"jogo-grafico-do-gesto","status":"publish","type":"product","link":"https:\/\/www.planetatangerina.com\/pt-pt\/loja\/jogo-grafico-do-gesto\/","title":{"rendered":"Jogo Gr\u00e1fico do Gesto"},"content":{"rendered":"<p><strong>Jogo para pensarmos nos gestos que fazemos. Ganha a equipa que adivinhar mais gestos!<\/strong><\/p>\n<p>Fazemos gestos a toda a hora, \u00e0s vezes para substituir palavras, outras vezes por h\u00e1bito, muitas vezes fazemos gestos sem pensar, \u00e0s vezes os gestos saem como esbracejares, sem gra\u00e7a nem eleg\u00e2ncia, outras vezes s\u00e3o pensados como uma pe\u00e7a de xadrez que se move depois de muito tacitamente se matutar, mas o que h\u00e1 dentro de um gesto? Movimento? Emo\u00e7\u00e3o? Ideias? Impulso? Dan\u00e7a? Ser\u00e1 que o gesto que \u00e9 feito por n\u00f3s \u00e9 mesmo nosso ou \u00e9 uma mistura da nossa heran\u00e7a gen\u00e9tica e do meio onde nascemos e crescemos? E haver\u00e1 um repert\u00f3rio de gestos comuns, que s\u00e3o entendidos em todos os lugares do mundo &#8211; como uma l\u00edngua franca &#8211; e outros, que escondem segredos e hist\u00f3rias que precisaram de chegar at\u00e9 n\u00f3s em forma de gesto para n\u00e3o se perderem &#8211; como um antigo c\u00f3digo secreto. E qual foi o gesto mais belo que viste fazer?<\/p>\n<p><strong>\u2014<\/strong><\/p>\n<p>Dimens\u00f5es da caixa: 140 x 170 x 40 mm<br \/>\nIdade recomendada: + de 8 anos<br \/>\n4 ou mais jogadores<br \/>\nTempo: 30 \/ 40min.<\/p>\n<p>Conte\u00fado da caixa:<br \/>\n62 cartas do gesto<br \/>\n12 gr\u00e1ficos para preencher<br \/>\nLivro de regras e explora\u00e7\u00e3o do jogo<\/p>\n","protected":false},"excerpt":{"rendered":"<p>Jogo para pensarmos nos gestos que fazemos. Ganha a equipa que adivinhar mais gestos! Fazemos gestos a toda a hora, \u00e0s vezes para substituir palavras, outras vezes por h\u00e1bito, muitas vezes fazemos gestos sem pensar, \u00e0s vezes os gestos saem como esbracejares, sem gra\u00e7a nem eleg\u00e2ncia, outras vezes s\u00e3o pensados como uma pe\u00e7a de xadrez [&hellip;]<\/p>\n","protected":false},"featured_media":19341,"template":"","meta":{"_acf_changed":false},"product_brand":[],"product_cat":[81,83],"product_tag":[],"class_list":{"0":"post-19336","1":"product","2":"type-product","3":"status-publish","4":"has-post-thumbnail","6":"product_cat-e-nao-so","7":"product_cat-outros","8":"product_shipping_class-jogo","10":"first","11":"instock","12":"taxable","13":"shipping-taxable","14":"purchasable","15":"product-type-simple"},"acf":[],"yoast_head":"<!-- This site is optimized with the Yoast SEO plugin v27.2 - https:\/\/yoast.com\/product\/yoast-seo-wordpress\/ -->\n<title>Jogo Gr\u00e1fico do Gesto - E n\u00e3o s\u00f3, Outros - Loja online do Planeta Tangerina<\/title>\n<meta name=\"description\" content=\"Comprar Jogo Gr\u00e1fico do Gesto com 10% de desconto do editor. Jogo para pensarmos nos gestos que fazemos. Ganha a equipa que adivinhar mais gestos! Fazemos gestos a toda a hora, \u00e0s vezes para substituir palavras,\" \/>\n<meta name=\"robots\" content=\"index, follow, max-snippet:-1, max-image-preview:large, max-video-preview:-1\" \/>\n<link rel=\"canonical\" href=\"https:\/\/www.planetatangerina.com\/pt-pt\/loja\/jogo-grafico-do-gesto\/\" \/>\n<meta name=\"twitter:label1\" content=\"Tempo estimado de leitura\" \/>\n\t<meta name=\"twitter:data1\" content=\"2 minutos\" \/>\n<script type=\"application\/ld+json\" class=\"yoast-schema-graph\">{\"@context\":\"https:\/\/schema.org\",\"@graph\":[{\"@type\":\"WebPage\",\"@id\":\"https:\/\/www.planetatangerina.com\/pt-pt\/loja\/jogo-grafico-do-gesto\/\",\"url\":\"https:\/\/www.planetatangerina.com\/pt-pt\/loja\/jogo-grafico-do-gesto\/\",\"name\":\"Jogo Gr\u00e1fico do Gesto - E n\u00e3o s\u00f3, Outros - Loja online do Planeta Tangerina\",\"isPartOf\":{\"@id\":\"https:\/\/www.planetatangerina.com\/pt-pt\/#website\"},\"primaryImageOfPage\":{\"@id\":\"https:\/\/www.planetatangerina.com\/pt-pt\/loja\/jogo-grafico-do-gesto\/#primaryimage\"},\"image\":{\"@id\":\"https:\/\/www.planetatangerina.com\/pt-pt\/loja\/jogo-grafico-do-gesto\/#primaryimage\"},\"thumbnailUrl\":\"https:\/\/www.planetatangerina.com\/wp-content\/uploads\/2022\/05\/gesto.png\",\"datePublished\":\"2022-05-27T14:37:14+00:00\",\"dateModified\":\"2026-03-09T21:14:45+00:00\",\"description\":\"Comprar Jogo Gr\u00e1fico do Gesto com 10% de desconto do editor. Jogo para pensarmos nos gestos que fazemos. Ganha a equipa que adivinhar mais gestos! Fazemos gestos a toda a hora, \u00e0s vezes para substituir palavras,\",\"breadcrumb\":{\"@id\":\"https:\/\/www.planetatangerina.com\/pt-pt\/loja\/jogo-grafico-do-gesto\/#breadcrumb\"},\"inLanguage\":\"pt-PT\",\"potentialAction\":[{\"@type\":\"ReadAction\",\"target\":[\"https:\/\/www.planetatangerina.com\/pt-pt\/loja\/jogo-grafico-do-gesto\/\"]}]},{\"@type\":\"ImageObject\",\"inLanguage\":\"pt-PT\",\"@id\":\"https:\/\/www.planetatangerina.com\/pt-pt\/loja\/jogo-grafico-do-gesto\/#primaryimage\",\"url\":\"https:\/\/www.planetatangerina.com\/wp-content\/uploads\/2022\/05\/gesto.png\",\"contentUrl\":\"https:\/\/www.planetatangerina.com\/wp-content\/uploads\/2022\/05\/gesto.png\",\"width\":1290,\"height\":1600,\"caption\":\"jogo gr\u00e1fico gesto cartas gestos madalena matoso aldara bizarro maria gil\"},{\"@type\":\"BreadcrumbList\",\"@id\":\"https:\/\/www.planetatangerina.com\/pt-pt\/loja\/jogo-grafico-do-gesto\/#breadcrumb\",\"itemListElement\":[{\"@type\":\"ListItem\",\"position\":1,\"name\":\"In\u00edcio\",\"item\":\"https:\/\/www.planetatangerina.com\/pt-pt\/\"},{\"@type\":\"ListItem\",\"position\":2,\"name\":\"Loja\",\"item\":\"https:\/\/www.planetatangerina.com\/pt-pt\/loja\/\"},{\"@type\":\"ListItem\",\"position\":3,\"name\":\"Jogo Gr\u00e1fico do Gesto\"}]},{\"@type\":\"WebSite\",\"@id\":\"https:\/\/www.planetatangerina.com\/pt-pt\/#website\",\"url\":\"https:\/\/www.planetatangerina.com\/pt-pt\/\",\"name\":\"Planeta Tangerina\",\"description\":\"Editora independente de livros infantis e juvenis. Fic\u00e7\u00e3o, livros informativos e novelas gr\u00e1ficas no Plano Nacional de Leitura \u2014 PNL.\",\"publisher\":{\"@id\":\"https:\/\/www.planetatangerina.com\/pt-pt\/#organization\"},\"potentialAction\":[{\"@type\":\"SearchAction\",\"target\":{\"@type\":\"EntryPoint\",\"urlTemplate\":\"https:\/\/www.planetatangerina.com\/pt-pt\/?s={search_term_string}\"},\"query-input\":{\"@type\":\"PropertyValueSpecification\",\"valueRequired\":true,\"valueName\":\"search_term_string\"}}],\"inLanguage\":\"pt-PT\"},{\"@type\":\"Organization\",\"@id\":\"https:\/\/www.planetatangerina.com\/pt-pt\/#organization\",\"name\":\"Planeta Tangerina\",\"url\":\"https:\/\/www.planetatangerina.com\/pt-pt\/\",\"logo\":{\"@type\":\"ImageObject\",\"inLanguage\":\"pt-PT\",\"@id\":\"https:\/\/www.planetatangerina.com\/pt-pt\/#\/schema\/logo\/image\/\",\"url\":\"https:\/\/www.planetatangerina.com\/wp-content\/uploads\/2020\/02\/logo.png\",\"contentUrl\":\"https:\/\/www.planetatangerina.com\/wp-content\/uploads\/2020\/02\/logo.png\",\"width\":275,\"height\":15,\"caption\":\"Planeta Tangerina\"},\"image\":{\"@id\":\"https:\/\/www.planetatangerina.com\/pt-pt\/#\/schema\/logo\/image\/\"},\"sameAs\":[\"https:\/\/www.facebook.com\/planetatangerina\/\",\"https:\/\/www.instagram.com\/planetatangerina\/\"]}]}<\/script>\n<!-- \/ Yoast SEO plugin. -->","yoast_head_json":{"title":"Jogo Gr\u00e1fico do Gesto - E n\u00e3o s\u00f3, Outros - Loja online do Planeta Tangerina","description":"Comprar Jogo Gr\u00e1fico do Gesto com 10% de desconto do editor. Jogo para pensarmos nos gestos que fazemos. Ganha a equipa que adivinhar mais gestos! Fazemos gestos a toda a hora, \u00e0s vezes para substituir palavras,","robots":{"index":"index","follow":"follow","max-snippet":"max-snippet:-1","max-image-preview":"max-image-preview:large","max-video-preview":"max-video-preview:-1"},"canonical":"https:\/\/www.planetatangerina.com\/pt-pt\/loja\/jogo-grafico-do-gesto\/","twitter_misc":{"Tempo estimado de leitura":"2 minutos"},"schema":{"@context":"https:\/\/schema.org","@graph":[{"@type":"WebPage","@id":"https:\/\/www.planetatangerina.com\/pt-pt\/loja\/jogo-grafico-do-gesto\/","url":"https:\/\/www.planetatangerina.com\/pt-pt\/loja\/jogo-grafico-do-gesto\/","name":"Jogo Gr\u00e1fico do Gesto - E n\u00e3o s\u00f3, Outros - Loja online do Planeta Tangerina","isPartOf":{"@id":"https:\/\/www.planetatangerina.com\/pt-pt\/#website"},"primaryImageOfPage":{"@id":"https:\/\/www.planetatangerina.com\/pt-pt\/loja\/jogo-grafico-do-gesto\/#primaryimage"},"image":{"@id":"https:\/\/www.planetatangerina.com\/pt-pt\/loja\/jogo-grafico-do-gesto\/#primaryimage"},"thumbnailUrl":"https:\/\/www.planetatangerina.com\/wp-content\/uploads\/2022\/05\/gesto.png","datePublished":"2022-05-27T14:37:14+00:00","dateModified":"2026-03-09T21:14:45+00:00","description":"Comprar Jogo Gr\u00e1fico do Gesto com 10% de desconto do editor. Jogo para pensarmos nos gestos que fazemos. Ganha a equipa que adivinhar mais gestos! Fazemos gestos a toda a hora, \u00e0s vezes para substituir palavras,","breadcrumb":{"@id":"https:\/\/www.planetatangerina.com\/pt-pt\/loja\/jogo-grafico-do-gesto\/#breadcrumb"},"inLanguage":"pt-PT","potentialAction":[{"@type":"ReadAction","target":["https:\/\/www.planetatangerina.com\/pt-pt\/loja\/jogo-grafico-do-gesto\/"]}]},{"@type":"ImageObject","inLanguage":"pt-PT","@id":"https:\/\/www.planetatangerina.com\/pt-pt\/loja\/jogo-grafico-do-gesto\/#primaryimage","url":"https:\/\/www.planetatangerina.com\/wp-content\/uploads\/2022\/05\/gesto.png","contentUrl":"https:\/\/www.planetatangerina.com\/wp-content\/uploads\/2022\/05\/gesto.png","width":1290,"height":1600,"caption":"jogo gr\u00e1fico gesto cartas gestos madalena matoso aldara bizarro maria gil"},{"@type":"BreadcrumbList","@id":"https:\/\/www.planetatangerina.com\/pt-pt\/loja\/jogo-grafico-do-gesto\/#breadcrumb","itemListElement":[{"@type":"ListItem","position":1,"name":"In\u00edcio","item":"https:\/\/www.planetatangerina.com\/pt-pt\/"},{"@type":"ListItem","position":2,"name":"Loja","item":"https:\/\/www.planetatangerina.com\/pt-pt\/loja\/"},{"@type":"ListItem","position":3,"name":"Jogo Gr\u00e1fico do Gesto"}]},{"@type":"WebSite","@id":"https:\/\/www.planetatangerina.com\/pt-pt\/#website","url":"https:\/\/www.planetatangerina.com\/pt-pt\/","name":"Planeta Tangerina","description":"Editora independente de livros infantis e juvenis. Fic\u00e7\u00e3o, livros informativos e novelas gr\u00e1ficas no Plano Nacional de Leitura \u2014 PNL.","publisher":{"@id":"https:\/\/www.planetatangerina.com\/pt-pt\/#organization"},"potentialAction":[{"@type":"SearchAction","target":{"@type":"EntryPoint","urlTemplate":"https:\/\/www.planetatangerina.com\/pt-pt\/?s={search_term_string}"},"query-input":{"@type":"PropertyValueSpecification","valueRequired":true,"valueName":"search_term_string"}}],"inLanguage":"pt-PT"},{"@type":"Organization","@id":"https:\/\/www.planetatangerina.com\/pt-pt\/#organization","name":"Planeta Tangerina","url":"https:\/\/www.planetatangerina.com\/pt-pt\/","logo":{"@type":"ImageObject","inLanguage":"pt-PT","@id":"https:\/\/www.planetatangerina.com\/pt-pt\/#\/schema\/logo\/image\/","url":"https:\/\/www.planetatangerina.com\/wp-content\/uploads\/2020\/02\/logo.png","contentUrl":"https:\/\/www.planetatangerina.com\/wp-content\/uploads\/2020\/02\/logo.png","width":275,"height":15,"caption":"Planeta Tangerina"},"image":{"@id":"https:\/\/www.planetatangerina.com\/pt-pt\/#\/schema\/logo\/image\/"},"sameAs":["https:\/\/www.facebook.com\/planetatangerina\/","https:\/\/www.instagram.com\/planetatangerina\/"]}]}},"_links":{"self":[{"href":"https:\/\/www.planetatangerina.com\/pt-pt\/wp-json\/wp\/v2\/product\/19336","targetHints":{"allow":["GET"]}}],"collection":[{"href":"https:\/\/www.planetatangerina.com\/pt-pt\/wp-json\/wp\/v2\/product"}],"about":[{"href":"https:\/\/www.planetatangerina.com\/pt-pt\/wp-json\/wp\/v2\/types\/product"}],"wp:featuredmedia":[{"embeddable":true,"href":"https:\/\/www.planetatangerina.com\/pt-pt\/wp-json\/wp\/v2\/media\/19341"}],"wp:attachment":[{"href":"https:\/\/www.planetatangerina.com\/pt-pt\/wp-json\/wp\/v2\/media?parent=19336"}],"wp:term":[{"taxonomy":"product_brand","embeddable":true,"href":"https:\/\/www.planetatangerina.com\/pt-pt\/wp-json\/wp\/v2\/product_brand?post=19336"},{"taxonomy":"product_cat","embeddable":true,"href":"https:\/\/www.planetatangerina.com\/pt-pt\/wp-json\/wp\/v2\/product_cat?post=19336"},{"taxonomy":"product_tag","embeddable":true,"href":"https:\/\/www.planetatangerina.com\/pt-pt\/wp-json\/wp\/v2\/product_tag?post=19336"}],"curies":[{"name":"wp","href":"https:\/\/api.w.org\/{rel}","templated":true}]}}