{"id":1837,"date":"2019-05-07T10:11:05","date_gmt":"2019-05-07T09:11:05","guid":{"rendered":"https:\/\/www.planetatangerina.com\/?post_type=product&#038;p=1837"},"modified":"2026-04-16T15:26:25","modified_gmt":"2026-04-16T14:26:25","slug":"la-fora","status":"publish","type":"product","link":"https:\/\/www.planetatangerina.com\/pt-pt\/loja\/la-fora\/","title":{"rendered":"L\u00e1 fora"},"content":{"rendered":"<p>De quem ser\u00e1 esta pegada?<br \/>\nO que faz aqui esta minhoca?<br \/>\nSer\u00e1 um sapo ou uma r\u00e3?<br \/>\nComo se chama esta \u00e1rvore?<\/p>\n<p>Mesmo que moremos numa grande cidade, existe sempre\u00a0natureza l\u00e1 fora: nuvens e estrelas, \u00e1rvores e flores, rochas\u00a0e praias, aves, r\u00e9pteis ou mam\u00edferos.<br \/>\nO que esperamos ent\u00e3o?<br \/>\nSaltemos do sof\u00e1 e iniciemos a explora\u00e7\u00e3o!<\/p>\n<p>Criado com a colabora\u00e7\u00e3o de uma equipa de especialistas\u00a0portugueses, este livro pretende despertar a curiosidade sobre a\u00a0fauna, a flora e outros aspetos do mundo natural que podem ser\u00a0observados em Portugal. Inclui tamb\u00e9m propostas de atividades\u00a0e muitas ilustra\u00e7\u00f5es, para ajudar toda a fam\u00edlia a ganhar\u00a0balan\u00e7o, sair de casa e descobrir \u2013 ou simplesmente contemplar\u00a0\u2013 todo o mundo incr\u00edvel que existe \u201cL\u00e1 fora\u201d.<\/p>\n","protected":false},"excerpt":{"rendered":"<p>De quem ser\u00e1 esta pegada? O que faz aqui esta minhoca? Ser\u00e1 um sapo ou uma r\u00e3? Como se chama esta \u00e1rvore? Mesmo que moremos numa grande cidade, existe sempre\u00a0natureza l\u00e1 fora: nuvens e estrelas, \u00e1rvores e flores, rochas\u00a0e praias, aves, r\u00e9pteis ou mam\u00edferos. O que esperamos ent\u00e3o? Saltemos do sof\u00e1 e iniciemos a explora\u00e7\u00e3o! [&hellip;]<\/p>\n","protected":false},"featured_media":18467,"template":"","meta":{"_acf_changed":false},"product_brand":[],"product_cat":[19,23],"product_tag":[342],"class_list":{"0":"post-1837","1":"product","2":"type-product","3":"status-publish","4":"has-post-thumbnail","6":"product_cat-livros","7":"product_cat-projetos-especiais","8":"product_tag-editor","9":"product_shipping_class-mais-caros","11":"first","12":"instock","13":"taxable","14":"shipping-taxable","15":"purchasable","16":"product-type-simple"},"acf":[],"yoast_head":"<!-- This site is optimized with the Yoast SEO plugin v27.2 - https:\/\/yoast.com\/product\/yoast-seo-wordpress\/ -->\n<title>L\u00e1 fora - Livros, Projetos Especiais - Loja online do Planeta Tangerina<\/title>\n<meta name=\"description\" content=\"Comprar L\u00e1 fora com 10% de desconto do editor. De quem ser\u00e1 esta pegada? O que faz aqui esta minhoca? Ser\u00e1 um sapo ou uma r\u00e3? Como se chama esta \u00e1rvore? Mesmo que moremos numa grande cidade, existe\" \/>\n<meta name=\"robots\" content=\"index, follow, max-snippet:-1, max-image-preview:large, max-video-preview:-1\" \/>\n<link rel=\"canonical\" href=\"https:\/\/www.planetatangerina.com\/pt-pt\/loja\/la-fora\/\" \/>\n<meta name=\"twitter:label1\" content=\"Tempo estimado de leitura\" \/>\n\t<meta name=\"twitter:data1\" content=\"1 minuto\" \/>\n<script type=\"application\/ld+json\" class=\"yoast-schema-graph\">{\"@context\":\"https:\/\/schema.org\",\"@graph\":[{\"@type\":\"WebPage\",\"@id\":\"https:\/\/www.planetatangerina.com\/pt-pt\/loja\/la-fora\/\",\"url\":\"https:\/\/www.planetatangerina.com\/pt-pt\/loja\/la-fora\/\",\"name\":\"L\u00e1 fora - Livros, Projetos Especiais - Loja online do Planeta Tangerina\",\"isPartOf\":{\"@id\":\"https:\/\/www.planetatangerina.com\/pt-pt\/#website\"},\"primaryImageOfPage\":{\"@id\":\"https:\/\/www.planetatangerina.com\/pt-pt\/loja\/la-fora\/#primaryimage\"},\"image\":{\"@id\":\"https:\/\/www.planetatangerina.com\/pt-pt\/loja\/la-fora\/#primaryimage\"},\"thumbnailUrl\":\"https:\/\/www.planetatangerina.com\/wp-content\/uploads\/2019\/05\/capa-lafora.jpg\",\"datePublished\":\"2019-05-07T09:11:05+00:00\",\"dateModified\":\"2026-04-16T14:26:25+00:00\",\"description\":\"Comprar L\u00e1 fora com 10% de desconto do editor. De quem ser\u00e1 esta pegada? O que faz aqui esta minhoca? Ser\u00e1 um sapo ou uma r\u00e3? Como se chama esta \u00e1rvore? Mesmo que moremos numa grande cidade, existe\",\"breadcrumb\":{\"@id\":\"https:\/\/www.planetatangerina.com\/pt-pt\/loja\/la-fora\/#breadcrumb\"},\"inLanguage\":\"pt-PT\",\"potentialAction\":[{\"@type\":\"ReadAction\",\"target\":[\"https:\/\/www.planetatangerina.com\/pt-pt\/loja\/la-fora\/\"]}]},{\"@type\":\"ImageObject\",\"inLanguage\":\"pt-PT\",\"@id\":\"https:\/\/www.planetatangerina.com\/pt-pt\/loja\/la-fora\/#primaryimage\",\"url\":\"https:\/\/www.planetatangerina.com\/wp-content\/uploads\/2019\/05\/capa-lafora.jpg\",\"contentUrl\":\"https:\/\/www.planetatangerina.com\/wp-content\/uploads\/2019\/05\/capa-lafora.jpg\",\"width\":600,\"height\":799,\"caption\":\"l\u00e1 fora guia para descobrir a natureza planeta tangerina\"},{\"@type\":\"BreadcrumbList\",\"@id\":\"https:\/\/www.planetatangerina.com\/pt-pt\/loja\/la-fora\/#breadcrumb\",\"itemListElement\":[{\"@type\":\"ListItem\",\"position\":1,\"name\":\"In\u00edcio\",\"item\":\"https:\/\/www.planetatangerina.com\/pt-pt\/\"},{\"@type\":\"ListItem\",\"position\":2,\"name\":\"Loja\",\"item\":\"https:\/\/www.planetatangerina.com\/pt-pt\/loja\/\"},{\"@type\":\"ListItem\",\"position\":3,\"name\":\"L\u00e1 fora\"}]},{\"@type\":\"WebSite\",\"@id\":\"https:\/\/www.planetatangerina.com\/pt-pt\/#website\",\"url\":\"https:\/\/www.planetatangerina.com\/pt-pt\/\",\"name\":\"Planeta Tangerina\",\"description\":\"Editora independente de livros infantis e juvenis. Fic\u00e7\u00e3o, livros informativos e novelas gr\u00e1ficas no Plano Nacional de Leitura \u2014 PNL.\",\"publisher\":{\"@id\":\"https:\/\/www.planetatangerina.com\/pt-pt\/#organization\"},\"potentialAction\":[{\"@type\":\"SearchAction\",\"target\":{\"@type\":\"EntryPoint\",\"urlTemplate\":\"https:\/\/www.planetatangerina.com\/pt-pt\/?s={search_term_string}\"},\"query-input\":{\"@type\":\"PropertyValueSpecification\",\"valueRequired\":true,\"valueName\":\"search_term_string\"}}],\"inLanguage\":\"pt-PT\"},{\"@type\":\"Organization\",\"@id\":\"https:\/\/www.planetatangerina.com\/pt-pt\/#organization\",\"name\":\"Planeta Tangerina\",\"url\":\"https:\/\/www.planetatangerina.com\/pt-pt\/\",\"logo\":{\"@type\":\"ImageObject\",\"inLanguage\":\"pt-PT\",\"@id\":\"https:\/\/www.planetatangerina.com\/pt-pt\/#\/schema\/logo\/image\/\",\"url\":\"https:\/\/www.planetatangerina.com\/wp-content\/uploads\/2020\/02\/logo.png\",\"contentUrl\":\"https:\/\/www.planetatangerina.com\/wp-content\/uploads\/2020\/02\/logo.png\",\"width\":275,\"height\":15,\"caption\":\"Planeta Tangerina\"},\"image\":{\"@id\":\"https:\/\/www.planetatangerina.com\/pt-pt\/#\/schema\/logo\/image\/\"},\"sameAs\":[\"https:\/\/www.facebook.com\/planetatangerina\/\",\"https:\/\/www.instagram.com\/planetatangerina\/\"]}]}<\/script>\n<!-- \/ Yoast SEO plugin. -->","yoast_head_json":{"title":"L\u00e1 fora - Livros, Projetos Especiais - Loja online do Planeta Tangerina","description":"Comprar L\u00e1 fora com 10% de desconto do editor. De quem ser\u00e1 esta pegada? O que faz aqui esta minhoca? Ser\u00e1 um sapo ou uma r\u00e3? Como se chama esta \u00e1rvore? Mesmo que moremos numa grande cidade, existe","robots":{"index":"index","follow":"follow","max-snippet":"max-snippet:-1","max-image-preview":"max-image-preview:large","max-video-preview":"max-video-preview:-1"},"canonical":"https:\/\/www.planetatangerina.com\/pt-pt\/loja\/la-fora\/","twitter_misc":{"Tempo estimado de leitura":"1 minuto"},"schema":{"@context":"https:\/\/schema.org","@graph":[{"@type":"WebPage","@id":"https:\/\/www.planetatangerina.com\/pt-pt\/loja\/la-fora\/","url":"https:\/\/www.planetatangerina.com\/pt-pt\/loja\/la-fora\/","name":"L\u00e1 fora - Livros, Projetos Especiais - Loja online do Planeta Tangerina","isPartOf":{"@id":"https:\/\/www.planetatangerina.com\/pt-pt\/#website"},"primaryImageOfPage":{"@id":"https:\/\/www.planetatangerina.com\/pt-pt\/loja\/la-fora\/#primaryimage"},"image":{"@id":"https:\/\/www.planetatangerina.com\/pt-pt\/loja\/la-fora\/#primaryimage"},"thumbnailUrl":"https:\/\/www.planetatangerina.com\/wp-content\/uploads\/2019\/05\/capa-lafora.jpg","datePublished":"2019-05-07T09:11:05+00:00","dateModified":"2026-04-16T14:26:25+00:00","description":"Comprar L\u00e1 fora com 10% de desconto do editor. De quem ser\u00e1 esta pegada? O que faz aqui esta minhoca? Ser\u00e1 um sapo ou uma r\u00e3? Como se chama esta \u00e1rvore? Mesmo que moremos numa grande cidade, existe","breadcrumb":{"@id":"https:\/\/www.planetatangerina.com\/pt-pt\/loja\/la-fora\/#breadcrumb"},"inLanguage":"pt-PT","potentialAction":[{"@type":"ReadAction","target":["https:\/\/www.planetatangerina.com\/pt-pt\/loja\/la-fora\/"]}]},{"@type":"ImageObject","inLanguage":"pt-PT","@id":"https:\/\/www.planetatangerina.com\/pt-pt\/loja\/la-fora\/#primaryimage","url":"https:\/\/www.planetatangerina.com\/wp-content\/uploads\/2019\/05\/capa-lafora.jpg","contentUrl":"https:\/\/www.planetatangerina.com\/wp-content\/uploads\/2019\/05\/capa-lafora.jpg","width":600,"height":799,"caption":"l\u00e1 fora guia para descobrir a natureza planeta tangerina"},{"@type":"BreadcrumbList","@id":"https:\/\/www.planetatangerina.com\/pt-pt\/loja\/la-fora\/#breadcrumb","itemListElement":[{"@type":"ListItem","position":1,"name":"In\u00edcio","item":"https:\/\/www.planetatangerina.com\/pt-pt\/"},{"@type":"ListItem","position":2,"name":"Loja","item":"https:\/\/www.planetatangerina.com\/pt-pt\/loja\/"},{"@type":"ListItem","position":3,"name":"L\u00e1 fora"}]},{"@type":"WebSite","@id":"https:\/\/www.planetatangerina.com\/pt-pt\/#website","url":"https:\/\/www.planetatangerina.com\/pt-pt\/","name":"Planeta Tangerina","description":"Editora independente de livros infantis e juvenis. Fic\u00e7\u00e3o, livros informativos e novelas gr\u00e1ficas no Plano Nacional de Leitura \u2014 PNL.","publisher":{"@id":"https:\/\/www.planetatangerina.com\/pt-pt\/#organization"},"potentialAction":[{"@type":"SearchAction","target":{"@type":"EntryPoint","urlTemplate":"https:\/\/www.planetatangerina.com\/pt-pt\/?s={search_term_string}"},"query-input":{"@type":"PropertyValueSpecification","valueRequired":true,"valueName":"search_term_string"}}],"inLanguage":"pt-PT"},{"@type":"Organization","@id":"https:\/\/www.planetatangerina.com\/pt-pt\/#organization","name":"Planeta Tangerina","url":"https:\/\/www.planetatangerina.com\/pt-pt\/","logo":{"@type":"ImageObject","inLanguage":"pt-PT","@id":"https:\/\/www.planetatangerina.com\/pt-pt\/#\/schema\/logo\/image\/","url":"https:\/\/www.planetatangerina.com\/wp-content\/uploads\/2020\/02\/logo.png","contentUrl":"https:\/\/www.planetatangerina.com\/wp-content\/uploads\/2020\/02\/logo.png","width":275,"height":15,"caption":"Planeta Tangerina"},"image":{"@id":"https:\/\/www.planetatangerina.com\/pt-pt\/#\/schema\/logo\/image\/"},"sameAs":["https:\/\/www.facebook.com\/planetatangerina\/","https:\/\/www.instagram.com\/planetatangerina\/"]}]}},"_links":{"self":[{"href":"https:\/\/www.planetatangerina.com\/pt-pt\/wp-json\/wp\/v2\/product\/1837","targetHints":{"allow":["GET"]}}],"collection":[{"href":"https:\/\/www.planetatangerina.com\/pt-pt\/wp-json\/wp\/v2\/product"}],"about":[{"href":"https:\/\/www.planetatangerina.com\/pt-pt\/wp-json\/wp\/v2\/types\/product"}],"wp:featuredmedia":[{"embeddable":true,"href":"https:\/\/www.planetatangerina.com\/pt-pt\/wp-json\/wp\/v2\/media\/18467"}],"wp:attachment":[{"href":"https:\/\/www.planetatangerina.com\/pt-pt\/wp-json\/wp\/v2\/media?parent=1837"}],"wp:term":[{"taxonomy":"product_brand","embeddable":true,"href":"https:\/\/www.planetatangerina.com\/pt-pt\/wp-json\/wp\/v2\/product_brand?post=1837"},{"taxonomy":"product_cat","embeddable":true,"href":"https:\/\/www.planetatangerina.com\/pt-pt\/wp-json\/wp\/v2\/product_cat?post=1837"},{"taxonomy":"product_tag","embeddable":true,"href":"https:\/\/www.planetatangerina.com\/pt-pt\/wp-json\/wp\/v2\/product_tag?post=1837"}],"curies":[{"name":"wp","href":"https:\/\/api.w.org\/{rel}","templated":true}]}}