{"id":1706,"date":"2019-05-03T16:56:43","date_gmt":"2019-05-03T15:56:43","guid":{"rendered":"https:\/\/35.204.72.170\/?post_type=product&#038;p=1706"},"modified":"2026-02-07T13:59:24","modified_gmt":"2026-02-07T13:59:24","slug":"tantos-animais","status":"publish","type":"product","link":"https:\/\/www.planetatangerina.com\/pt-pt\/loja\/tantos-animais\/","title":{"rendered":"Tantos animais"},"content":{"rendered":"<p>Manuela Castro Neves \u00e9 professora h\u00e1 muitos anos.<\/p>\n<p>Ao longo desta experi\u00eancia criou v\u00e1rias lengalengas inspiradas pelos primeiros conceitos matem\u00e1ticos. Nestas pequenas hist\u00f3rias, marcadas pelo ritmo sonoro da repeti\u00e7\u00e3o de palavras e pela exist\u00eancia de padr\u00f5es, a matem\u00e1tica funciona como uma esp\u00e9cie de mote para a autora se divertir e divertir todos os leitores.<\/p>\n<p><em>Eu e tu, querida amiga,<\/em><br \/>\n<em>moramos na mesma rua.<\/em><br \/>\n<em>Quantos passos,<\/em><br \/>\n<em>quantos passos,<\/em><br \/>\n<em>v\u00e3o da minha casa \u00e0 tua?<\/em><br \/>\n<em>\u2014 Se forem passos de gigante,<\/em><br \/>\n<em>acho que s\u00e3o 2 ou 3.<\/em><br \/>\n<em>\u2014 Se forem passos do meu pai,<\/em><br \/>\n<em>talvez 203.<br \/>\n<\/em><\/p>\n","protected":false},"excerpt":{"rendered":"<p>Manuela Castro Neves \u00e9 professora h\u00e1 muitos anos. Ao longo desta experi\u00eancia criou v\u00e1rias lengalengas inspiradas pelos primeiros conceitos matem\u00e1ticos. Nestas pequenas hist\u00f3rias, marcadas pelo ritmo sonoro da repeti\u00e7\u00e3o de palavras e pela exist\u00eancia de padr\u00f5es, a matem\u00e1tica funciona como uma esp\u00e9cie de mote para a autora se divertir e divertir todos os leitores. Eu [&hellip;]<\/p>\n","protected":false},"featured_media":18388,"template":"","meta":{"_acf_changed":false},"product_brand":[],"product_cat":[241,20,19],"product_tag":[342],"class_list":{"0":"post-1706","1":"product","2":"type-product","3":"status-publish","4":"has-post-thumbnail","6":"product_cat-com-propostas","7":"product_cat-albuns-ilustrados","8":"product_cat-livros","9":"product_tag-editor","11":"first","12":"instock","13":"sale","14":"taxable","15":"shipping-taxable","16":"purchasable","17":"product-type-simple"},"acf":[],"yoast_head":"<!-- This site is optimized with the Yoast SEO plugin v27.2 - https:\/\/yoast.com\/product\/yoast-seo-wordpress\/ -->\n<title>Tantos animais - ( Com propostas ), \u00c1lbuns ilustrados, Livros - Loja online do Planeta Tangerina<\/title>\n<meta name=\"description\" content=\"Comprar Tantos animais com 10% de desconto do editor. Manuela Castro Neves \u00e9 professora h\u00e1 muitos anos. Ao longo desta experi\u00eancia criou v\u00e1rias lengalengas inspiradas pelos primeiros conceitos matem\u00e1ticos.\" \/>\n<meta name=\"robots\" content=\"index, follow, max-snippet:-1, max-image-preview:large, max-video-preview:-1\" \/>\n<link rel=\"canonical\" href=\"https:\/\/www.planetatangerina.com\/pt-pt\/loja\/tantos-animais\/\" \/>\n<meta name=\"twitter:label1\" content=\"Tempo estimado de leitura\" \/>\n\t<meta name=\"twitter:data1\" content=\"1 minuto\" \/>\n<script type=\"application\/ld+json\" class=\"yoast-schema-graph\">{\"@context\":\"https:\/\/schema.org\",\"@graph\":[{\"@type\":\"WebPage\",\"@id\":\"https:\/\/www.planetatangerina.com\/pt-pt\/loja\/tantos-animais\/\",\"url\":\"https:\/\/www.planetatangerina.com\/pt-pt\/loja\/tantos-animais\/\",\"name\":\"Tantos animais - ( Com propostas ), \u00c1lbuns ilustrados, Livros - Loja online do Planeta Tangerina\",\"isPartOf\":{\"@id\":\"https:\/\/www.planetatangerina.com\/pt-pt\/#website\"},\"primaryImageOfPage\":{\"@id\":\"https:\/\/www.planetatangerina.com\/pt-pt\/loja\/tantos-animais\/#primaryimage\"},\"image\":{\"@id\":\"https:\/\/www.planetatangerina.com\/pt-pt\/loja\/tantos-animais\/#primaryimage\"},\"thumbnailUrl\":\"https:\/\/www.planetatangerina.com\/wp-content\/uploads\/2019\/05\/capa-tantosanimais.jpg\",\"datePublished\":\"2019-05-03T15:56:43+00:00\",\"dateModified\":\"2026-02-07T13:59:24+00:00\",\"description\":\"Comprar Tantos animais com 10% de desconto do editor. Manuela Castro Neves \u00e9 professora h\u00e1 muitos anos. Ao longo desta experi\u00eancia criou v\u00e1rias lengalengas inspiradas pelos primeiros conceitos matem\u00e1ticos.\",\"breadcrumb\":{\"@id\":\"https:\/\/www.planetatangerina.com\/pt-pt\/loja\/tantos-animais\/#breadcrumb\"},\"inLanguage\":\"pt-PT\",\"potentialAction\":[{\"@type\":\"ReadAction\",\"target\":[\"https:\/\/www.planetatangerina.com\/pt-pt\/loja\/tantos-animais\/\"]}]},{\"@type\":\"ImageObject\",\"inLanguage\":\"pt-PT\",\"@id\":\"https:\/\/www.planetatangerina.com\/pt-pt\/loja\/tantos-animais\/#primaryimage\",\"url\":\"https:\/\/www.planetatangerina.com\/wp-content\/uploads\/2019\/05\/capa-tantosanimais.jpg\",\"contentUrl\":\"https:\/\/www.planetatangerina.com\/wp-content\/uploads\/2019\/05\/capa-tantosanimais.jpg\",\"width\":717,\"height\":800,\"caption\":\"Tantos animais e outras lengalengas de contar Manuela Castro Neves Yara Kono\"},{\"@type\":\"BreadcrumbList\",\"@id\":\"https:\/\/www.planetatangerina.com\/pt-pt\/loja\/tantos-animais\/#breadcrumb\",\"itemListElement\":[{\"@type\":\"ListItem\",\"position\":1,\"name\":\"In\u00edcio\",\"item\":\"https:\/\/www.planetatangerina.com\/pt-pt\/\"},{\"@type\":\"ListItem\",\"position\":2,\"name\":\"Loja\",\"item\":\"https:\/\/www.planetatangerina.com\/pt-pt\/loja\/\"},{\"@type\":\"ListItem\",\"position\":3,\"name\":\"Tantos animais\"}]},{\"@type\":\"WebSite\",\"@id\":\"https:\/\/www.planetatangerina.com\/pt-pt\/#website\",\"url\":\"https:\/\/www.planetatangerina.com\/pt-pt\/\",\"name\":\"Planeta Tangerina\",\"description\":\"Editora independente de livros infantis e juvenis. Fic\u00e7\u00e3o, livros informativos e novelas gr\u00e1ficas no Plano Nacional de Leitura \u2014 PNL.\",\"publisher\":{\"@id\":\"https:\/\/www.planetatangerina.com\/pt-pt\/#organization\"},\"potentialAction\":[{\"@type\":\"SearchAction\",\"target\":{\"@type\":\"EntryPoint\",\"urlTemplate\":\"https:\/\/www.planetatangerina.com\/pt-pt\/?s={search_term_string}\"},\"query-input\":{\"@type\":\"PropertyValueSpecification\",\"valueRequired\":true,\"valueName\":\"search_term_string\"}}],\"inLanguage\":\"pt-PT\"},{\"@type\":\"Organization\",\"@id\":\"https:\/\/www.planetatangerina.com\/pt-pt\/#organization\",\"name\":\"Planeta Tangerina\",\"url\":\"https:\/\/www.planetatangerina.com\/pt-pt\/\",\"logo\":{\"@type\":\"ImageObject\",\"inLanguage\":\"pt-PT\",\"@id\":\"https:\/\/www.planetatangerina.com\/pt-pt\/#\/schema\/logo\/image\/\",\"url\":\"https:\/\/www.planetatangerina.com\/wp-content\/uploads\/2020\/02\/logo.png\",\"contentUrl\":\"https:\/\/www.planetatangerina.com\/wp-content\/uploads\/2020\/02\/logo.png\",\"width\":275,\"height\":15,\"caption\":\"Planeta Tangerina\"},\"image\":{\"@id\":\"https:\/\/www.planetatangerina.com\/pt-pt\/#\/schema\/logo\/image\/\"},\"sameAs\":[\"https:\/\/www.facebook.com\/planetatangerina\/\",\"https:\/\/www.instagram.com\/planetatangerina\/\"]}]}<\/script>\n<!-- \/ Yoast SEO plugin. -->","yoast_head_json":{"title":"Tantos animais - ( Com propostas ), \u00c1lbuns ilustrados, Livros - Loja online do Planeta Tangerina","description":"Comprar Tantos animais com 10% de desconto do editor. Manuela Castro Neves \u00e9 professora h\u00e1 muitos anos. Ao longo desta experi\u00eancia criou v\u00e1rias lengalengas inspiradas pelos primeiros conceitos matem\u00e1ticos.","robots":{"index":"index","follow":"follow","max-snippet":"max-snippet:-1","max-image-preview":"max-image-preview:large","max-video-preview":"max-video-preview:-1"},"canonical":"https:\/\/www.planetatangerina.com\/pt-pt\/loja\/tantos-animais\/","twitter_misc":{"Tempo estimado de leitura":"1 minuto"},"schema":{"@context":"https:\/\/schema.org","@graph":[{"@type":"WebPage","@id":"https:\/\/www.planetatangerina.com\/pt-pt\/loja\/tantos-animais\/","url":"https:\/\/www.planetatangerina.com\/pt-pt\/loja\/tantos-animais\/","name":"Tantos animais - ( Com propostas ), \u00c1lbuns ilustrados, Livros - Loja online do Planeta Tangerina","isPartOf":{"@id":"https:\/\/www.planetatangerina.com\/pt-pt\/#website"},"primaryImageOfPage":{"@id":"https:\/\/www.planetatangerina.com\/pt-pt\/loja\/tantos-animais\/#primaryimage"},"image":{"@id":"https:\/\/www.planetatangerina.com\/pt-pt\/loja\/tantos-animais\/#primaryimage"},"thumbnailUrl":"https:\/\/www.planetatangerina.com\/wp-content\/uploads\/2019\/05\/capa-tantosanimais.jpg","datePublished":"2019-05-03T15:56:43+00:00","dateModified":"2026-02-07T13:59:24+00:00","description":"Comprar Tantos animais com 10% de desconto do editor. Manuela Castro Neves \u00e9 professora h\u00e1 muitos anos. Ao longo desta experi\u00eancia criou v\u00e1rias lengalengas inspiradas pelos primeiros conceitos matem\u00e1ticos.","breadcrumb":{"@id":"https:\/\/www.planetatangerina.com\/pt-pt\/loja\/tantos-animais\/#breadcrumb"},"inLanguage":"pt-PT","potentialAction":[{"@type":"ReadAction","target":["https:\/\/www.planetatangerina.com\/pt-pt\/loja\/tantos-animais\/"]}]},{"@type":"ImageObject","inLanguage":"pt-PT","@id":"https:\/\/www.planetatangerina.com\/pt-pt\/loja\/tantos-animais\/#primaryimage","url":"https:\/\/www.planetatangerina.com\/wp-content\/uploads\/2019\/05\/capa-tantosanimais.jpg","contentUrl":"https:\/\/www.planetatangerina.com\/wp-content\/uploads\/2019\/05\/capa-tantosanimais.jpg","width":717,"height":800,"caption":"Tantos animais e outras lengalengas de contar Manuela Castro Neves Yara Kono"},{"@type":"BreadcrumbList","@id":"https:\/\/www.planetatangerina.com\/pt-pt\/loja\/tantos-animais\/#breadcrumb","itemListElement":[{"@type":"ListItem","position":1,"name":"In\u00edcio","item":"https:\/\/www.planetatangerina.com\/pt-pt\/"},{"@type":"ListItem","position":2,"name":"Loja","item":"https:\/\/www.planetatangerina.com\/pt-pt\/loja\/"},{"@type":"ListItem","position":3,"name":"Tantos animais"}]},{"@type":"WebSite","@id":"https:\/\/www.planetatangerina.com\/pt-pt\/#website","url":"https:\/\/www.planetatangerina.com\/pt-pt\/","name":"Planeta Tangerina","description":"Editora independente de livros infantis e juvenis. Fic\u00e7\u00e3o, livros informativos e novelas gr\u00e1ficas no Plano Nacional de Leitura \u2014 PNL.","publisher":{"@id":"https:\/\/www.planetatangerina.com\/pt-pt\/#organization"},"potentialAction":[{"@type":"SearchAction","target":{"@type":"EntryPoint","urlTemplate":"https:\/\/www.planetatangerina.com\/pt-pt\/?s={search_term_string}"},"query-input":{"@type":"PropertyValueSpecification","valueRequired":true,"valueName":"search_term_string"}}],"inLanguage":"pt-PT"},{"@type":"Organization","@id":"https:\/\/www.planetatangerina.com\/pt-pt\/#organization","name":"Planeta Tangerina","url":"https:\/\/www.planetatangerina.com\/pt-pt\/","logo":{"@type":"ImageObject","inLanguage":"pt-PT","@id":"https:\/\/www.planetatangerina.com\/pt-pt\/#\/schema\/logo\/image\/","url":"https:\/\/www.planetatangerina.com\/wp-content\/uploads\/2020\/02\/logo.png","contentUrl":"https:\/\/www.planetatangerina.com\/wp-content\/uploads\/2020\/02\/logo.png","width":275,"height":15,"caption":"Planeta Tangerina"},"image":{"@id":"https:\/\/www.planetatangerina.com\/pt-pt\/#\/schema\/logo\/image\/"},"sameAs":["https:\/\/www.facebook.com\/planetatangerina\/","https:\/\/www.instagram.com\/planetatangerina\/"]}]}},"_links":{"self":[{"href":"https:\/\/www.planetatangerina.com\/pt-pt\/wp-json\/wp\/v2\/product\/1706","targetHints":{"allow":["GET"]}}],"collection":[{"href":"https:\/\/www.planetatangerina.com\/pt-pt\/wp-json\/wp\/v2\/product"}],"about":[{"href":"https:\/\/www.planetatangerina.com\/pt-pt\/wp-json\/wp\/v2\/types\/product"}],"wp:featuredmedia":[{"embeddable":true,"href":"https:\/\/www.planetatangerina.com\/pt-pt\/wp-json\/wp\/v2\/media\/18388"}],"wp:attachment":[{"href":"https:\/\/www.planetatangerina.com\/pt-pt\/wp-json\/wp\/v2\/media?parent=1706"}],"wp:term":[{"taxonomy":"product_brand","embeddable":true,"href":"https:\/\/www.planetatangerina.com\/pt-pt\/wp-json\/wp\/v2\/product_brand?post=1706"},{"taxonomy":"product_cat","embeddable":true,"href":"https:\/\/www.planetatangerina.com\/pt-pt\/wp-json\/wp\/v2\/product_cat?post=1706"},{"taxonomy":"product_tag","embeddable":true,"href":"https:\/\/www.planetatangerina.com\/pt-pt\/wp-json\/wp\/v2\/product_tag?post=1706"}],"curies":[{"name":"wp","href":"https:\/\/api.w.org\/{rel}","templated":true}]}}