{"id":15208,"date":"2021-03-05T18:21:22","date_gmt":"2021-03-05T18:21:22","guid":{"rendered":"https:\/\/www.planetatangerina.com\/?post_type=product&#038;p=15208"},"modified":"2026-02-26T11:17:43","modified_gmt":"2026-02-26T11:17:43","slug":"tudo-tao-grande","status":"publish","type":"product","link":"https:\/\/www.planetatangerina.com\/pt-pt\/loja\/tudo-tao-grande\/","title":{"rendered":"Tudo t\u00e3o grande"},"content":{"rendered":"<p class=\"p1\">Porque ficamos cada vez maiores\u200a?<br \/>\nDe onde vir\u00e1 a vontade de crescer\u200a?<br \/>\nSer\u00e1 dos dias grandes\u200a?\u200a Das luas e das mar\u00e9s\u200a?<br \/>\nSer\u00e1 do sol\u200a?\u200a Ou da montanha imensa\u200a?<\/p>\n<p class=\"p1\">(Que grande mist\u00e9rio\u200a!)<\/p>\n","protected":false},"excerpt":{"rendered":"<p>Porque ficamos cada vez maiores\u200a? De onde vir\u00e1 a vontade de crescer\u200a? Ser\u00e1 dos dias grandes\u200a?\u200a Das luas e das mar\u00e9s\u200a? Ser\u00e1 do sol\u200a?\u200a Ou da montanha imensa\u200a? (Que grande mist\u00e9rio\u200a!)<\/p>\n","protected":false},"featured_media":15210,"template":"","meta":{"_acf_changed":false},"product_brand":[],"product_cat":[20,19],"product_tag":[342],"class_list":{"0":"post-15208","1":"product","2":"type-product","3":"status-publish","4":"has-post-thumbnail","6":"product_cat-albuns-ilustrados","7":"product_cat-livros","8":"product_tag-editor","10":"first","11":"instock","12":"sale","13":"taxable","14":"shipping-taxable","15":"purchasable","16":"product-type-simple"},"acf":[],"yoast_head":"<!-- This site is optimized with the Yoast SEO plugin v27.5 - https:\/\/yoast.com\/product\/yoast-seo-wordpress\/ -->\n<title>Tudo t\u00e3o grande - \u00c1lbuns ilustrados, Livros - Loja online do Planeta Tangerina<\/title>\n<meta name=\"description\" content=\"Comprar Tudo t\u00e3o grande com 10% de desconto do editor. Porque ficamos cada vez maiores\u200a? De onde vir\u00e1 a vontade de crescer\u200a? Ser\u00e1 dos dias grandes\u200a?\u200a Das luas e das mar\u00e9s\u200a? Ser\u00e1 do sol\u200a?\u200a Ou da montanha\" \/>\n<meta name=\"robots\" content=\"index, follow, max-snippet:-1, max-image-preview:large, max-video-preview:-1\" \/>\n<link rel=\"canonical\" href=\"https:\/\/www.planetatangerina.com\/pt-pt\/loja\/tudo-tao-grande\/\" \/>\n<meta name=\"twitter:label1\" content=\"Tempo estimado de leitura\" \/>\n\t<meta name=\"twitter:data1\" content=\"1 minuto\" \/>\n<script type=\"application\/ld+json\" class=\"yoast-schema-graph\">{\"@context\":\"https:\\\/\\\/schema.org\",\"@graph\":[{\"@type\":\"WebPage\",\"@id\":\"https:\\\/\\\/www.planetatangerina.com\\\/pt-pt\\\/loja\\\/tudo-tao-grande\\\/\",\"url\":\"https:\\\/\\\/www.planetatangerina.com\\\/pt-pt\\\/loja\\\/tudo-tao-grande\\\/\",\"name\":\"Tudo t\u00e3o grande - \u00c1lbuns ilustrados, Livros - Loja online do Planeta Tangerina\",\"isPartOf\":{\"@id\":\"https:\\\/\\\/www.planetatangerina.com\\\/pt-pt\\\/#website\"},\"primaryImageOfPage\":{\"@id\":\"https:\\\/\\\/www.planetatangerina.com\\\/pt-pt\\\/loja\\\/tudo-tao-grande\\\/#primaryimage\"},\"image\":{\"@id\":\"https:\\\/\\\/www.planetatangerina.com\\\/pt-pt\\\/loja\\\/tudo-tao-grande\\\/#primaryimage\"},\"thumbnailUrl\":\"https:\\\/\\\/www.planetatangerina.com\\\/wp-content\\\/uploads\\\/2021\\\/02\\\/capa-tudo-tao-grande.jpg\",\"datePublished\":\"2021-03-05T18:21:22+00:00\",\"dateModified\":\"2026-02-26T11:17:43+00:00\",\"description\":\"Comprar Tudo t\u00e3o grande com 10% de desconto do editor. Porque ficamos cada vez maiores\u200a? De onde vir\u00e1 a vontade de crescer\u200a? Ser\u00e1 dos dias grandes\u200a?\u200a Das luas e das mar\u00e9s\u200a? Ser\u00e1 do sol\u200a?\u200a Ou da montanha\",\"breadcrumb\":{\"@id\":\"https:\\\/\\\/www.planetatangerina.com\\\/pt-pt\\\/loja\\\/tudo-tao-grande\\\/#breadcrumb\"},\"inLanguage\":\"pt-PT\",\"potentialAction\":[{\"@type\":\"ReadAction\",\"target\":[\"https:\\\/\\\/www.planetatangerina.com\\\/pt-pt\\\/loja\\\/tudo-tao-grande\\\/\"]}]},{\"@type\":\"ImageObject\",\"inLanguage\":\"pt-PT\",\"@id\":\"https:\\\/\\\/www.planetatangerina.com\\\/pt-pt\\\/loja\\\/tudo-tao-grande\\\/#primaryimage\",\"url\":\"https:\\\/\\\/www.planetatangerina.com\\\/wp-content\\\/uploads\\\/2021\\\/02\\\/capa-tudo-tao-grande.jpg\",\"contentUrl\":\"https:\\\/\\\/www.planetatangerina.com\\\/wp-content\\\/uploads\\\/2021\\\/02\\\/capa-tudo-tao-grande.jpg\",\"width\":717,\"height\":800,\"caption\":\"tudo t\u00e3o grande can\u00e7\u00e3o crescer isabel martins bernardo carvalho\"},{\"@type\":\"BreadcrumbList\",\"@id\":\"https:\\\/\\\/www.planetatangerina.com\\\/pt-pt\\\/loja\\\/tudo-tao-grande\\\/#breadcrumb\",\"itemListElement\":[{\"@type\":\"ListItem\",\"position\":1,\"name\":\"In\u00edcio\",\"item\":\"https:\\\/\\\/www.planetatangerina.com\\\/pt-pt\\\/\"},{\"@type\":\"ListItem\",\"position\":2,\"name\":\"Loja\",\"item\":\"https:\\\/\\\/www.planetatangerina.com\\\/pt-pt\\\/loja\\\/\"},{\"@type\":\"ListItem\",\"position\":3,\"name\":\"Tudo t\u00e3o grande\"}]},{\"@type\":\"WebSite\",\"@id\":\"https:\\\/\\\/www.planetatangerina.com\\\/pt-pt\\\/#website\",\"url\":\"https:\\\/\\\/www.planetatangerina.com\\\/pt-pt\\\/\",\"name\":\"Planeta Tangerina\",\"description\":\"Editora independente de livros infantis e juvenis. Fic\u00e7\u00e3o, livros informativos e novelas gr\u00e1ficas no Plano Nacional de Leitura \u2014 PNL.\",\"publisher\":{\"@id\":\"https:\\\/\\\/www.planetatangerina.com\\\/pt-pt\\\/#organization\"},\"potentialAction\":[{\"@type\":\"SearchAction\",\"target\":{\"@type\":\"EntryPoint\",\"urlTemplate\":\"https:\\\/\\\/www.planetatangerina.com\\\/pt-pt\\\/?s={search_term_string}\"},\"query-input\":{\"@type\":\"PropertyValueSpecification\",\"valueRequired\":true,\"valueName\":\"search_term_string\"}}],\"inLanguage\":\"pt-PT\"},{\"@type\":\"Organization\",\"@id\":\"https:\\\/\\\/www.planetatangerina.com\\\/pt-pt\\\/#organization\",\"name\":\"Planeta Tangerina\",\"url\":\"https:\\\/\\\/www.planetatangerina.com\\\/pt-pt\\\/\",\"logo\":{\"@type\":\"ImageObject\",\"inLanguage\":\"pt-PT\",\"@id\":\"https:\\\/\\\/www.planetatangerina.com\\\/pt-pt\\\/#\\\/schema\\\/logo\\\/image\\\/\",\"url\":\"https:\\\/\\\/www.planetatangerina.com\\\/wp-content\\\/uploads\\\/2020\\\/02\\\/logo.png\",\"contentUrl\":\"https:\\\/\\\/www.planetatangerina.com\\\/wp-content\\\/uploads\\\/2020\\\/02\\\/logo.png\",\"width\":275,\"height\":15,\"caption\":\"Planeta Tangerina\"},\"image\":{\"@id\":\"https:\\\/\\\/www.planetatangerina.com\\\/pt-pt\\\/#\\\/schema\\\/logo\\\/image\\\/\"},\"sameAs\":[\"https:\\\/\\\/www.facebook.com\\\/planetatangerina\\\/\",\"https:\\\/\\\/www.instagram.com\\\/planetatangerina\\\/\"]}]}<\/script>\n<!-- \/ Yoast SEO plugin. -->","yoast_head_json":{"title":"Tudo t\u00e3o grande - \u00c1lbuns ilustrados, Livros - Loja online do Planeta Tangerina","description":"Comprar Tudo t\u00e3o grande com 10% de desconto do editor. Porque ficamos cada vez maiores\u200a? De onde vir\u00e1 a vontade de crescer\u200a? Ser\u00e1 dos dias grandes\u200a?\u200a Das luas e das mar\u00e9s\u200a? Ser\u00e1 do sol\u200a?\u200a Ou da montanha","robots":{"index":"index","follow":"follow","max-snippet":"max-snippet:-1","max-image-preview":"max-image-preview:large","max-video-preview":"max-video-preview:-1"},"canonical":"https:\/\/www.planetatangerina.com\/pt-pt\/loja\/tudo-tao-grande\/","twitter_misc":{"Tempo estimado de leitura":"1 minuto"},"schema":{"@context":"https:\/\/schema.org","@graph":[{"@type":"WebPage","@id":"https:\/\/www.planetatangerina.com\/pt-pt\/loja\/tudo-tao-grande\/","url":"https:\/\/www.planetatangerina.com\/pt-pt\/loja\/tudo-tao-grande\/","name":"Tudo t\u00e3o grande - \u00c1lbuns ilustrados, Livros - Loja online do Planeta Tangerina","isPartOf":{"@id":"https:\/\/www.planetatangerina.com\/pt-pt\/#website"},"primaryImageOfPage":{"@id":"https:\/\/www.planetatangerina.com\/pt-pt\/loja\/tudo-tao-grande\/#primaryimage"},"image":{"@id":"https:\/\/www.planetatangerina.com\/pt-pt\/loja\/tudo-tao-grande\/#primaryimage"},"thumbnailUrl":"https:\/\/www.planetatangerina.com\/wp-content\/uploads\/2021\/02\/capa-tudo-tao-grande.jpg","datePublished":"2021-03-05T18:21:22+00:00","dateModified":"2026-02-26T11:17:43+00:00","description":"Comprar Tudo t\u00e3o grande com 10% de desconto do editor. Porque ficamos cada vez maiores\u200a? De onde vir\u00e1 a vontade de crescer\u200a? Ser\u00e1 dos dias grandes\u200a?\u200a Das luas e das mar\u00e9s\u200a? Ser\u00e1 do sol\u200a?\u200a Ou da montanha","breadcrumb":{"@id":"https:\/\/www.planetatangerina.com\/pt-pt\/loja\/tudo-tao-grande\/#breadcrumb"},"inLanguage":"pt-PT","potentialAction":[{"@type":"ReadAction","target":["https:\/\/www.planetatangerina.com\/pt-pt\/loja\/tudo-tao-grande\/"]}]},{"@type":"ImageObject","inLanguage":"pt-PT","@id":"https:\/\/www.planetatangerina.com\/pt-pt\/loja\/tudo-tao-grande\/#primaryimage","url":"https:\/\/www.planetatangerina.com\/wp-content\/uploads\/2021\/02\/capa-tudo-tao-grande.jpg","contentUrl":"https:\/\/www.planetatangerina.com\/wp-content\/uploads\/2021\/02\/capa-tudo-tao-grande.jpg","width":717,"height":800,"caption":"tudo t\u00e3o grande can\u00e7\u00e3o crescer isabel martins bernardo carvalho"},{"@type":"BreadcrumbList","@id":"https:\/\/www.planetatangerina.com\/pt-pt\/loja\/tudo-tao-grande\/#breadcrumb","itemListElement":[{"@type":"ListItem","position":1,"name":"In\u00edcio","item":"https:\/\/www.planetatangerina.com\/pt-pt\/"},{"@type":"ListItem","position":2,"name":"Loja","item":"https:\/\/www.planetatangerina.com\/pt-pt\/loja\/"},{"@type":"ListItem","position":3,"name":"Tudo t\u00e3o grande"}]},{"@type":"WebSite","@id":"https:\/\/www.planetatangerina.com\/pt-pt\/#website","url":"https:\/\/www.planetatangerina.com\/pt-pt\/","name":"Planeta Tangerina","description":"Editora independente de livros infantis e juvenis. Fic\u00e7\u00e3o, livros informativos e novelas gr\u00e1ficas no Plano Nacional de Leitura \u2014 PNL.","publisher":{"@id":"https:\/\/www.planetatangerina.com\/pt-pt\/#organization"},"potentialAction":[{"@type":"SearchAction","target":{"@type":"EntryPoint","urlTemplate":"https:\/\/www.planetatangerina.com\/pt-pt\/?s={search_term_string}"},"query-input":{"@type":"PropertyValueSpecification","valueRequired":true,"valueName":"search_term_string"}}],"inLanguage":"pt-PT"},{"@type":"Organization","@id":"https:\/\/www.planetatangerina.com\/pt-pt\/#organization","name":"Planeta Tangerina","url":"https:\/\/www.planetatangerina.com\/pt-pt\/","logo":{"@type":"ImageObject","inLanguage":"pt-PT","@id":"https:\/\/www.planetatangerina.com\/pt-pt\/#\/schema\/logo\/image\/","url":"https:\/\/www.planetatangerina.com\/wp-content\/uploads\/2020\/02\/logo.png","contentUrl":"https:\/\/www.planetatangerina.com\/wp-content\/uploads\/2020\/02\/logo.png","width":275,"height":15,"caption":"Planeta Tangerina"},"image":{"@id":"https:\/\/www.planetatangerina.com\/pt-pt\/#\/schema\/logo\/image\/"},"sameAs":["https:\/\/www.facebook.com\/planetatangerina\/","https:\/\/www.instagram.com\/planetatangerina\/"]}]}},"_links":{"self":[{"href":"https:\/\/www.planetatangerina.com\/pt-pt\/wp-json\/wp\/v2\/product\/15208","targetHints":{"allow":["GET"]}}],"collection":[{"href":"https:\/\/www.planetatangerina.com\/pt-pt\/wp-json\/wp\/v2\/product"}],"about":[{"href":"https:\/\/www.planetatangerina.com\/pt-pt\/wp-json\/wp\/v2\/types\/product"}],"wp:featuredmedia":[{"embeddable":true,"href":"https:\/\/www.planetatangerina.com\/pt-pt\/wp-json\/wp\/v2\/media\/15210"}],"wp:attachment":[{"href":"https:\/\/www.planetatangerina.com\/pt-pt\/wp-json\/wp\/v2\/media?parent=15208"}],"wp:term":[{"taxonomy":"product_brand","embeddable":true,"href":"https:\/\/www.planetatangerina.com\/pt-pt\/wp-json\/wp\/v2\/product_brand?post=15208"},{"taxonomy":"product_cat","embeddable":true,"href":"https:\/\/www.planetatangerina.com\/pt-pt\/wp-json\/wp\/v2\/product_cat?post=15208"},{"taxonomy":"product_tag","embeddable":true,"href":"https:\/\/www.planetatangerina.com\/pt-pt\/wp-json\/wp\/v2\/product_tag?post=15208"}],"curies":[{"name":"wp","href":"https:\/\/api.w.org\/{rel}","templated":true}]}}