{"id":12370,"date":"2020-06-23T15:50:47","date_gmt":"2020-06-23T15:50:47","guid":{"rendered":"https:\/\/www.planetatangerina.com\/?post_type=product&#038;p=12370"},"modified":"2025-12-10T23:09:15","modified_gmt":"2025-12-10T23:09:15","slug":"a-epoca-das-rosas","status":"publish","type":"product","link":"https:\/\/www.planetatangerina.com\/pt-pt\/loja\/a-epoca-das-rosas\/","title":{"rendered":"A \u00c9poca das Rosas"},"content":{"rendered":"<p>As \u201cRosas de Rosigny\u201d s\u00e3o uma equipa de futebol feminino de um bairro dos sub\u00farbios.<br \/>\nAs \u201cRosas\u201d s\u00e3o unidas, cheias de garra e talento, e esta \u00e9poca pretendem qualificar-se para o campeonato nacional feminino.<br \/>\nNo entanto, um corte nos subs\u00eddios leva a diretora a retir\u00e1-las da qualifica\u00e7\u00e3o e a apostar tudo na equipa masculina.<br \/>\nAbalada com a injusti\u00e7a, Barbara, a capit\u00e3 de equipa, decide agir.<br \/>\nMas nem tudo \u00e9 simples e, para Barbara, s\u00e3o muitos os desafios em campo: a m\u00e3e, os estudos e, nas entrelinhas, o seu papel no clube, na cidade, no mundo.<br \/>\nPara Barbara \u00e9 este o momento de reconhecer prioridades e defender as suas convic\u00e7\u00f5es.<\/p>\n<p>\u00c9 isso que est\u00e1 em jogo.<\/p>\n<p>&nbsp;<\/p>\n<p class=\"p4\"><span class=\"s1\">Recomendado para leitores maiores de 15 anos.<\/span><\/p>\n<p class=\"p4\"><strong>Esta novela gr\u00e1fica pertence \u00e0 cole\u00e7\u00e3o <a href=\"https:\/\/www.planetatangerina.com\/pt-pt\/l\/livros\/dois-passos-e-um-salto\/\">2 Passos e 1 Salto<\/a>.<\/strong><\/p>\n<h6><a style=\"letter-spacing: 1px;border: 3px solid #079347;padding: 5px\" href=\"https:\/\/www.planetatangerina.com\/wp-content\/uploads\/2021\/10\/excerto-loja-a-epoca-das-rosas.pdf\">EXCERTO DO LIVRO<\/a><\/h6>\n<div class=\"product-technical-info\">\n<h4>Ver tamb\u00e9m:<\/h4>\n<\/div>\n<p><a href=\"https:\/\/www.planetatangerina.com\/pt-pt\/7-perguntas-a-chloe-wary\/\">7 perguntas a Chlo\u00e9 Wary<\/a><br \/>\n<a href=\"https:\/\/www.planetatangerina.com\/pt-pt\/mostra-digital-making-of-do-livro-a-epoca-das-rosas\/\">Mostra digital: making of do livro<\/a><\/p>\n","protected":false},"excerpt":{"rendered":"<p>As \u201cRosas de Rosigny\u201d s\u00e3o uma equipa de futebol feminino de um bairro dos sub\u00farbios. As \u201cRosas\u201d s\u00e3o unidas, cheias de garra e talento, e esta \u00e9poca pretendem qualificar-se para o campeonato nacional feminino. No entanto, um corte nos subs\u00eddios leva a diretora a retir\u00e1-las da qualifica\u00e7\u00e3o e a apostar tudo na equipa masculina. Abalada [&hellip;]<\/p>\n","protected":false},"featured_media":12428,"template":"","meta":{"_acf_changed":false},"product_brand":[],"product_cat":[22,19],"product_tag":[342],"class_list":{"0":"post-12370","1":"product","2":"type-product","3":"status-publish","4":"has-post-thumbnail","6":"product_cat-dois-passos-e-um-salto","7":"product_cat-livros","8":"product_tag-editor","10":"first","11":"instock","12":"taxable","13":"shipping-taxable","14":"purchasable","15":"product-type-simple"},"acf":[],"yoast_head":"<!-- This site is optimized with the Yoast SEO plugin v27.2 - https:\/\/yoast.com\/product\/yoast-seo-wordpress\/ -->\n<title>A \u00c9poca das Rosas - 2 passos e 1 salto, Livros - Loja online do Planeta Tangerina<\/title>\n<meta name=\"description\" content=\"Comprar A \u00c9poca das Rosas com 10% de desconto do editor. As \u201cRosas de Rosigny\u201d s\u00e3o uma equipa de futebol feminino de um bairro dos sub\u00farbios. As \u201cRosas\u201d s\u00e3o unidas, cheias de garra e talento, e esta \u00e9poca\" \/>\n<meta name=\"robots\" content=\"index, follow, max-snippet:-1, max-image-preview:large, max-video-preview:-1\" \/>\n<link rel=\"canonical\" href=\"https:\/\/www.planetatangerina.com\/pt-pt\/loja\/a-epoca-das-rosas\/\" \/>\n<meta name=\"twitter:label1\" content=\"Tempo estimado de leitura\" \/>\n\t<meta name=\"twitter:data1\" content=\"2 minutos\" \/>\n<script type=\"application\/ld+json\" class=\"yoast-schema-graph\">{\"@context\":\"https:\/\/schema.org\",\"@graph\":[{\"@type\":\"WebPage\",\"@id\":\"https:\/\/www.planetatangerina.com\/pt-pt\/loja\/a-epoca-das-rosas\/\",\"url\":\"https:\/\/www.planetatangerina.com\/pt-pt\/loja\/a-epoca-das-rosas\/\",\"name\":\"A \u00c9poca das Rosas - 2 passos e 1 salto, Livros - Loja online do Planeta Tangerina\",\"isPartOf\":{\"@id\":\"https:\/\/www.planetatangerina.com\/pt-pt\/#website\"},\"primaryImageOfPage\":{\"@id\":\"https:\/\/www.planetatangerina.com\/pt-pt\/loja\/a-epoca-das-rosas\/#primaryimage\"},\"image\":{\"@id\":\"https:\/\/www.planetatangerina.com\/pt-pt\/loja\/a-epoca-das-rosas\/#primaryimage\"},\"thumbnailUrl\":\"https:\/\/www.planetatangerina.com\/wp-content\/uploads\/2020\/06\/a-epoca-das-rosas-capa-1.jpg\",\"datePublished\":\"2020-06-23T15:50:47+00:00\",\"dateModified\":\"2025-12-10T23:09:15+00:00\",\"description\":\"Comprar A \u00c9poca das Rosas com 10% de desconto do editor. As \u201cRosas de Rosigny\u201d s\u00e3o uma equipa de futebol feminino de um bairro dos sub\u00farbios. As \u201cRosas\u201d s\u00e3o unidas, cheias de garra e talento, e esta \u00e9poca\",\"breadcrumb\":{\"@id\":\"https:\/\/www.planetatangerina.com\/pt-pt\/loja\/a-epoca-das-rosas\/#breadcrumb\"},\"inLanguage\":\"pt-PT\",\"potentialAction\":[{\"@type\":\"ReadAction\",\"target\":[\"https:\/\/www.planetatangerina.com\/pt-pt\/loja\/a-epoca-das-rosas\/\"]}]},{\"@type\":\"ImageObject\",\"inLanguage\":\"pt-PT\",\"@id\":\"https:\/\/www.planetatangerina.com\/pt-pt\/loja\/a-epoca-das-rosas\/#primaryimage\",\"url\":\"https:\/\/www.planetatangerina.com\/wp-content\/uploads\/2020\/06\/a-epoca-das-rosas-capa-1.jpg\",\"contentUrl\":\"https:\/\/www.planetatangerina.com\/wp-content\/uploads\/2020\/06\/a-epoca-das-rosas-capa-1.jpg\",\"width\":565,\"height\":781,\"caption\":\"A \u00e9poca das rosas novela gr\u00e1fica chlo\u00e9 wary futebol feminino\"},{\"@type\":\"BreadcrumbList\",\"@id\":\"https:\/\/www.planetatangerina.com\/pt-pt\/loja\/a-epoca-das-rosas\/#breadcrumb\",\"itemListElement\":[{\"@type\":\"ListItem\",\"position\":1,\"name\":\"In\u00edcio\",\"item\":\"https:\/\/www.planetatangerina.com\/pt-pt\/\"},{\"@type\":\"ListItem\",\"position\":2,\"name\":\"Loja\",\"item\":\"https:\/\/www.planetatangerina.com\/pt-pt\/loja\/\"},{\"@type\":\"ListItem\",\"position\":3,\"name\":\"A \u00c9poca das Rosas\"}]},{\"@type\":\"WebSite\",\"@id\":\"https:\/\/www.planetatangerina.com\/pt-pt\/#website\",\"url\":\"https:\/\/www.planetatangerina.com\/pt-pt\/\",\"name\":\"Planeta Tangerina\",\"description\":\"Editora independente de livros infantis e juvenis. Fic\u00e7\u00e3o, livros informativos e novelas gr\u00e1ficas no Plano Nacional de Leitura \u2014 PNL.\",\"publisher\":{\"@id\":\"https:\/\/www.planetatangerina.com\/pt-pt\/#organization\"},\"potentialAction\":[{\"@type\":\"SearchAction\",\"target\":{\"@type\":\"EntryPoint\",\"urlTemplate\":\"https:\/\/www.planetatangerina.com\/pt-pt\/?s={search_term_string}\"},\"query-input\":{\"@type\":\"PropertyValueSpecification\",\"valueRequired\":true,\"valueName\":\"search_term_string\"}}],\"inLanguage\":\"pt-PT\"},{\"@type\":\"Organization\",\"@id\":\"https:\/\/www.planetatangerina.com\/pt-pt\/#organization\",\"name\":\"Planeta Tangerina\",\"url\":\"https:\/\/www.planetatangerina.com\/pt-pt\/\",\"logo\":{\"@type\":\"ImageObject\",\"inLanguage\":\"pt-PT\",\"@id\":\"https:\/\/www.planetatangerina.com\/pt-pt\/#\/schema\/logo\/image\/\",\"url\":\"https:\/\/www.planetatangerina.com\/wp-content\/uploads\/2020\/02\/logo.png\",\"contentUrl\":\"https:\/\/www.planetatangerina.com\/wp-content\/uploads\/2020\/02\/logo.png\",\"width\":275,\"height\":15,\"caption\":\"Planeta Tangerina\"},\"image\":{\"@id\":\"https:\/\/www.planetatangerina.com\/pt-pt\/#\/schema\/logo\/image\/\"},\"sameAs\":[\"https:\/\/www.facebook.com\/planetatangerina\/\",\"https:\/\/www.instagram.com\/planetatangerina\/\"]}]}<\/script>\n<!-- \/ Yoast SEO plugin. -->","yoast_head_json":{"title":"A \u00c9poca das Rosas - 2 passos e 1 salto, Livros - Loja online do Planeta Tangerina","description":"Comprar A \u00c9poca das Rosas com 10% de desconto do editor. As \u201cRosas de Rosigny\u201d s\u00e3o uma equipa de futebol feminino de um bairro dos sub\u00farbios. As \u201cRosas\u201d s\u00e3o unidas, cheias de garra e talento, e esta \u00e9poca","robots":{"index":"index","follow":"follow","max-snippet":"max-snippet:-1","max-image-preview":"max-image-preview:large","max-video-preview":"max-video-preview:-1"},"canonical":"https:\/\/www.planetatangerina.com\/pt-pt\/loja\/a-epoca-das-rosas\/","twitter_misc":{"Tempo estimado de leitura":"2 minutos"},"schema":{"@context":"https:\/\/schema.org","@graph":[{"@type":"WebPage","@id":"https:\/\/www.planetatangerina.com\/pt-pt\/loja\/a-epoca-das-rosas\/","url":"https:\/\/www.planetatangerina.com\/pt-pt\/loja\/a-epoca-das-rosas\/","name":"A \u00c9poca das Rosas - 2 passos e 1 salto, Livros - Loja online do Planeta Tangerina","isPartOf":{"@id":"https:\/\/www.planetatangerina.com\/pt-pt\/#website"},"primaryImageOfPage":{"@id":"https:\/\/www.planetatangerina.com\/pt-pt\/loja\/a-epoca-das-rosas\/#primaryimage"},"image":{"@id":"https:\/\/www.planetatangerina.com\/pt-pt\/loja\/a-epoca-das-rosas\/#primaryimage"},"thumbnailUrl":"https:\/\/www.planetatangerina.com\/wp-content\/uploads\/2020\/06\/a-epoca-das-rosas-capa-1.jpg","datePublished":"2020-06-23T15:50:47+00:00","dateModified":"2025-12-10T23:09:15+00:00","description":"Comprar A \u00c9poca das Rosas com 10% de desconto do editor. As \u201cRosas de Rosigny\u201d s\u00e3o uma equipa de futebol feminino de um bairro dos sub\u00farbios. As \u201cRosas\u201d s\u00e3o unidas, cheias de garra e talento, e esta \u00e9poca","breadcrumb":{"@id":"https:\/\/www.planetatangerina.com\/pt-pt\/loja\/a-epoca-das-rosas\/#breadcrumb"},"inLanguage":"pt-PT","potentialAction":[{"@type":"ReadAction","target":["https:\/\/www.planetatangerina.com\/pt-pt\/loja\/a-epoca-das-rosas\/"]}]},{"@type":"ImageObject","inLanguage":"pt-PT","@id":"https:\/\/www.planetatangerina.com\/pt-pt\/loja\/a-epoca-das-rosas\/#primaryimage","url":"https:\/\/www.planetatangerina.com\/wp-content\/uploads\/2020\/06\/a-epoca-das-rosas-capa-1.jpg","contentUrl":"https:\/\/www.planetatangerina.com\/wp-content\/uploads\/2020\/06\/a-epoca-das-rosas-capa-1.jpg","width":565,"height":781,"caption":"A \u00e9poca das rosas novela gr\u00e1fica chlo\u00e9 wary futebol feminino"},{"@type":"BreadcrumbList","@id":"https:\/\/www.planetatangerina.com\/pt-pt\/loja\/a-epoca-das-rosas\/#breadcrumb","itemListElement":[{"@type":"ListItem","position":1,"name":"In\u00edcio","item":"https:\/\/www.planetatangerina.com\/pt-pt\/"},{"@type":"ListItem","position":2,"name":"Loja","item":"https:\/\/www.planetatangerina.com\/pt-pt\/loja\/"},{"@type":"ListItem","position":3,"name":"A \u00c9poca das Rosas"}]},{"@type":"WebSite","@id":"https:\/\/www.planetatangerina.com\/pt-pt\/#website","url":"https:\/\/www.planetatangerina.com\/pt-pt\/","name":"Planeta Tangerina","description":"Editora independente de livros infantis e juvenis. Fic\u00e7\u00e3o, livros informativos e novelas gr\u00e1ficas no Plano Nacional de Leitura \u2014 PNL.","publisher":{"@id":"https:\/\/www.planetatangerina.com\/pt-pt\/#organization"},"potentialAction":[{"@type":"SearchAction","target":{"@type":"EntryPoint","urlTemplate":"https:\/\/www.planetatangerina.com\/pt-pt\/?s={search_term_string}"},"query-input":{"@type":"PropertyValueSpecification","valueRequired":true,"valueName":"search_term_string"}}],"inLanguage":"pt-PT"},{"@type":"Organization","@id":"https:\/\/www.planetatangerina.com\/pt-pt\/#organization","name":"Planeta Tangerina","url":"https:\/\/www.planetatangerina.com\/pt-pt\/","logo":{"@type":"ImageObject","inLanguage":"pt-PT","@id":"https:\/\/www.planetatangerina.com\/pt-pt\/#\/schema\/logo\/image\/","url":"https:\/\/www.planetatangerina.com\/wp-content\/uploads\/2020\/02\/logo.png","contentUrl":"https:\/\/www.planetatangerina.com\/wp-content\/uploads\/2020\/02\/logo.png","width":275,"height":15,"caption":"Planeta Tangerina"},"image":{"@id":"https:\/\/www.planetatangerina.com\/pt-pt\/#\/schema\/logo\/image\/"},"sameAs":["https:\/\/www.facebook.com\/planetatangerina\/","https:\/\/www.instagram.com\/planetatangerina\/"]}]}},"_links":{"self":[{"href":"https:\/\/www.planetatangerina.com\/pt-pt\/wp-json\/wp\/v2\/product\/12370","targetHints":{"allow":["GET"]}}],"collection":[{"href":"https:\/\/www.planetatangerina.com\/pt-pt\/wp-json\/wp\/v2\/product"}],"about":[{"href":"https:\/\/www.planetatangerina.com\/pt-pt\/wp-json\/wp\/v2\/types\/product"}],"wp:featuredmedia":[{"embeddable":true,"href":"https:\/\/www.planetatangerina.com\/pt-pt\/wp-json\/wp\/v2\/media\/12428"}],"wp:attachment":[{"href":"https:\/\/www.planetatangerina.com\/pt-pt\/wp-json\/wp\/v2\/media?parent=12370"}],"wp:term":[{"taxonomy":"product_brand","embeddable":true,"href":"https:\/\/www.planetatangerina.com\/pt-pt\/wp-json\/wp\/v2\/product_brand?post=12370"},{"taxonomy":"product_cat","embeddable":true,"href":"https:\/\/www.planetatangerina.com\/pt-pt\/wp-json\/wp\/v2\/product_cat?post=12370"},{"taxonomy":"product_tag","embeddable":true,"href":"https:\/\/www.planetatangerina.com\/pt-pt\/wp-json\/wp\/v2\/product_tag?post=12370"}],"curies":[{"name":"wp","href":"https:\/\/api.w.org\/{rel}","templated":true}]}}