{"id":293,"date":"2019-03-23T16:46:38","date_gmt":"2019-03-23T16:46:38","guid":{"rendered":"http:\/\/35.204.72.170\/?page_id=293"},"modified":"2026-03-18T15:14:27","modified_gmt":"2026-03-18T15:14:27","slug":"contactos","status":"publish","type":"page","link":"https:\/\/www.planetatangerina.com\/pt-pt\/contactos\/","title":{"rendered":"Contactos"},"content":{"rendered":"\n<div class=\"wp-block-columns has-2-columns is-layout-flex wp-container-core-columns-is-layout-9d6595d7 wp-block-columns-is-layout-flex\">\n<div class=\"wp-block-column is-layout-flow wp-block-column-is-layout-flow\">\n<h3 class=\"wp-block-heading\">Loja online<\/h3>\n\n\n\n<p><a class=\"email\" href=\"mailto:shop@planetatangerina.com\">shop@planetatangerina.com<\/a><\/p>\n\n\n\n<h3 class=\"wp-block-heading\">Livrarias <\/h3>\n\n\n\n<p>Alexandra Sousa<br><a href=\"mailto:geral@planetatangerina.com\">geral@planetatangerina.com<\/a><\/p>\n\n\n\n<p>(<em>Pode consultar a lista atualizada de t\u00edtulos dispon\u00edveis <a href=\"https:\/\/www.planetatangerina.com\/wp-content\/uploads\/2026\/03\/ListaTitulos_MAR26.pdf\" id=\"https:\/\/www.planetatangerina.com\/wp-content\/uploads\/2026\/03\/ListaTitulos_MAR26.pdf\">aqui<\/a>)<\/em><\/p>\n\n\n\n<h3 class=\"wp-block-heading\">Idas a escolas e bibliotecas<\/h3>\n\n\n\n<p>Ler mais sobre idas a escolas e bibliotecas <a href=\"https:\/\/www.planetatangerina.com\/pt-pt\/atividades\/\">aqui<\/a>.<br><a class=\"email\" href=\"mailto:editora@planetatangerina.com\">editora@planetatangerina.com<\/a><\/p>\n\n\n\n<h3 class=\"wp-block-heading\">Autoriza\u00e7\u00f5es de leituras<\/h3>\n\n\n\n<p>Ler mais sobre autoriza\u00e7\u00f5es de leitura dos nossos livros <a href=\"https:\/\/www.planetatangerina.com\/pt-pt\/autorizacoes-leituras\/\">aqui<\/a>.<\/p>\n\n\n\n<h3 class=\"wp-block-heading\">Propostas e envio de originais<\/h3>\n\n\n\n<p><a href=\"https:\/\/www.planetatangerina.com\/propostas-e-cv\/\">Ler<\/a> antes de enviar.<br><a href=\"mailto:propostas@planetatangerina.com\">propostas@planetatangerina.com<\/a><\/p>\n<\/div>\n\n\n\n<div class=\"wp-block-column is-layout-flow wp-block-column-is-layout-flow\">\n<h3 class=\"wp-block-heading\"><strong>Imprensa<\/strong><\/h3>\n\n\n\n<p>Subscreva a nossa newsletter <a href=\"http:\/\/eepurl.com\/YG0gf\" target=\"_blank\" rel=\"noreferrer noopener\">aqui<\/a>.<\/p>\n\n\n\n<h3 class=\"wp-block-heading\">Direitos internacionais\/<br>Foreign rights <\/h3>\n\n\n\n<p><strong>Carin Bacho<\/strong><strong><br><\/strong>+46 70 849 44 10<br><a href=\"mailto:carin.bacho@kojaagency.com\">carin.bacho@kojaagency.com<\/a><\/p>\n\n\n\n<p><strong>Catharina Lantz<\/strong><strong><br><\/strong>+46 733 84 25 59<br><a href=\"mailto:catharina.lantz@kojaagency.com\">catharina.lantz@kojaagency.com<\/a><\/p>\n\n\n\n<p><strong>Address:<\/strong><br>Koja Agency c\/o Natur &amp; Kultur Media i Stockholm AB <br>Box 24047,&nbsp;104 50, Stockholm<br>Karlav\u00e4gen 31<br>114 31 Stockholm, Sweden<\/p>\n\n\n\n<p><\/p>\n\n\n\n<p><em>(If you&#8217;d like to receive our international news on rights sales, novelties or prizes subscribe <a href=\"http:\/\/eepurl.com\/dLhuh6\" target=\"_blank\" rel=\"noreferrer noopener\">here<\/a>)<\/em><\/p>\n\n\n\n<p><strong><mark style=\"background-color:#00d084\" class=\"has-inline-color has-black-color\"><strong><a href=\"https:\/\/www.planetatangerina.com\/wp-content\/uploads\/2026\/03\/PT_RightsCatalogue2026-2.pdf\" id=\"https:\/\/www.planetatangerina.com\/wp-content\/uploads\/2026\/03\/PT_RightsCatalogue2026-2.pdf\"><mark style=\"background-color:#00d084\" class=\"has-inline-color has-black-color\">(Check our 2026 Rights Catalogue here)<\/mark><\/a><\/strong><\/mark><\/strong><\/p>\n<\/div>\n<\/div>\n\n\n\n<p><\/p>\n","protected":false},"excerpt":{"rendered":"<p>Loja online shop@planetatangerina.com Livrarias Alexandra Sousageral@planetatangerina.com (Pode consultar a lista atualizada de t\u00edtulos dispon\u00edveis aqui) Idas a escolas e bibliotecas Ler mais sobre idas a escolas e bibliotecas aqui.editora@planetatangerina.com Autoriza\u00e7\u00f5es de leituras Ler mais sobre autoriza\u00e7\u00f5es de leitura dos nossos livros aqui. Propostas e envio de originais Ler antes de enviar.propostas@planetatangerina.com Imprensa Subscreva a nossa [&hellip;]<\/p>\n","protected":false},"author":10,"featured_media":0,"parent":0,"menu_order":0,"comment_status":"closed","ping_status":"closed","template":"page-contactos.php","meta":{"_acf_changed":false,"footnotes":""},"class_list":["post-293","page","type-page","status-publish","hentry"],"acf":[],"yoast_head":"<!-- This site is optimized with the Yoast SEO plugin v27.2 - https:\/\/yoast.com\/product\/yoast-seo-wordpress\/ -->\n<title>Contactos - Planeta Tangerina<\/title>\n<meta name=\"description\" content=\"Loja online shop@planetatangerina.com Livrarias Alexandra Sousageral@planetatangerina.com (Pode consultar a lista atualizada de t\u00edtulos dispon\u00edveis aqui)\" \/>\n<meta name=\"robots\" content=\"index, follow, max-snippet:-1, max-image-preview:large, max-video-preview:-1\" \/>\n<link rel=\"canonical\" href=\"https:\/\/www.planetatangerina.com\/pt-pt\/contactos\/\" \/>\n<meta name=\"twitter:label1\" content=\"Tempo estimado de leitura\" \/>\n\t<meta name=\"twitter:data1\" content=\"1 minuto\" \/>\n<script type=\"application\/ld+json\" class=\"yoast-schema-graph\">{\"@context\":\"https:\/\/schema.org\",\"@graph\":[{\"@type\":\"WebPage\",\"@id\":\"https:\/\/www.planetatangerina.com\/pt-pt\/contactos\/\",\"url\":\"https:\/\/www.planetatangerina.com\/pt-pt\/contactos\/\",\"name\":\"Contactos - Planeta Tangerina\",\"isPartOf\":{\"@id\":\"https:\/\/www.planetatangerina.com\/pt-pt\/#website\"},\"datePublished\":\"2019-03-23T16:46:38+00:00\",\"dateModified\":\"2026-03-18T15:14:27+00:00\",\"description\":\"Loja online shop@planetatangerina.com Livrarias Alexandra Sousageral@planetatangerina.com (Pode consultar a lista atualizada de t\u00edtulos dispon\u00edveis aqui)\",\"breadcrumb\":{\"@id\":\"https:\/\/www.planetatangerina.com\/pt-pt\/contactos\/#breadcrumb\"},\"inLanguage\":\"pt-PT\",\"potentialAction\":[{\"@type\":\"ReadAction\",\"target\":[\"https:\/\/www.planetatangerina.com\/pt-pt\/contactos\/\"]}]},{\"@type\":\"BreadcrumbList\",\"@id\":\"https:\/\/www.planetatangerina.com\/pt-pt\/contactos\/#breadcrumb\",\"itemListElement\":[{\"@type\":\"ListItem\",\"position\":1,\"name\":\"In\u00edcio\",\"item\":\"https:\/\/www.planetatangerina.com\/pt-pt\/\"},{\"@type\":\"ListItem\",\"position\":2,\"name\":\"Contactos\"}]},{\"@type\":\"WebSite\",\"@id\":\"https:\/\/www.planetatangerina.com\/pt-pt\/#website\",\"url\":\"https:\/\/www.planetatangerina.com\/pt-pt\/\",\"name\":\"Planeta Tangerina\",\"description\":\"Editora independente de livros infantis e juvenis. Fic\u00e7\u00e3o, livros informativos e novelas gr\u00e1ficas no Plano Nacional de Leitura \u2014 PNL.\",\"publisher\":{\"@id\":\"https:\/\/www.planetatangerina.com\/pt-pt\/#organization\"},\"potentialAction\":[{\"@type\":\"SearchAction\",\"target\":{\"@type\":\"EntryPoint\",\"urlTemplate\":\"https:\/\/www.planetatangerina.com\/pt-pt\/?s={search_term_string}\"},\"query-input\":{\"@type\":\"PropertyValueSpecification\",\"valueRequired\":true,\"valueName\":\"search_term_string\"}}],\"inLanguage\":\"pt-PT\"},{\"@type\":\"Organization\",\"@id\":\"https:\/\/www.planetatangerina.com\/pt-pt\/#organization\",\"name\":\"Planeta Tangerina\",\"url\":\"https:\/\/www.planetatangerina.com\/pt-pt\/\",\"logo\":{\"@type\":\"ImageObject\",\"inLanguage\":\"pt-PT\",\"@id\":\"https:\/\/www.planetatangerina.com\/pt-pt\/#\/schema\/logo\/image\/\",\"url\":\"https:\/\/www.planetatangerina.com\/wp-content\/uploads\/2020\/02\/logo.png\",\"contentUrl\":\"https:\/\/www.planetatangerina.com\/wp-content\/uploads\/2020\/02\/logo.png\",\"width\":275,\"height\":15,\"caption\":\"Planeta Tangerina\"},\"image\":{\"@id\":\"https:\/\/www.planetatangerina.com\/pt-pt\/#\/schema\/logo\/image\/\"},\"sameAs\":[\"https:\/\/www.facebook.com\/planetatangerina\/\",\"https:\/\/www.instagram.com\/planetatangerina\/\"]}]}<\/script>\n<!-- \/ Yoast SEO plugin. -->","yoast_head_json":{"title":"Contactos - Planeta Tangerina","description":"Loja online shop@planetatangerina.com Livrarias Alexandra Sousageral@planetatangerina.com (Pode consultar a lista atualizada de t\u00edtulos dispon\u00edveis aqui)","robots":{"index":"index","follow":"follow","max-snippet":"max-snippet:-1","max-image-preview":"max-image-preview:large","max-video-preview":"max-video-preview:-1"},"canonical":"https:\/\/www.planetatangerina.com\/pt-pt\/contactos\/","twitter_misc":{"Tempo estimado de leitura":"1 minuto"},"schema":{"@context":"https:\/\/schema.org","@graph":[{"@type":"WebPage","@id":"https:\/\/www.planetatangerina.com\/pt-pt\/contactos\/","url":"https:\/\/www.planetatangerina.com\/pt-pt\/contactos\/","name":"Contactos - Planeta Tangerina","isPartOf":{"@id":"https:\/\/www.planetatangerina.com\/pt-pt\/#website"},"datePublished":"2019-03-23T16:46:38+00:00","dateModified":"2026-03-18T15:14:27+00:00","description":"Loja online shop@planetatangerina.com Livrarias Alexandra Sousageral@planetatangerina.com (Pode consultar a lista atualizada de t\u00edtulos dispon\u00edveis aqui)","breadcrumb":{"@id":"https:\/\/www.planetatangerina.com\/pt-pt\/contactos\/#breadcrumb"},"inLanguage":"pt-PT","potentialAction":[{"@type":"ReadAction","target":["https:\/\/www.planetatangerina.com\/pt-pt\/contactos\/"]}]},{"@type":"BreadcrumbList","@id":"https:\/\/www.planetatangerina.com\/pt-pt\/contactos\/#breadcrumb","itemListElement":[{"@type":"ListItem","position":1,"name":"In\u00edcio","item":"https:\/\/www.planetatangerina.com\/pt-pt\/"},{"@type":"ListItem","position":2,"name":"Contactos"}]},{"@type":"WebSite","@id":"https:\/\/www.planetatangerina.com\/pt-pt\/#website","url":"https:\/\/www.planetatangerina.com\/pt-pt\/","name":"Planeta Tangerina","description":"Editora independente de livros infantis e juvenis. Fic\u00e7\u00e3o, livros informativos e novelas gr\u00e1ficas no Plano Nacional de Leitura \u2014 PNL.","publisher":{"@id":"https:\/\/www.planetatangerina.com\/pt-pt\/#organization"},"potentialAction":[{"@type":"SearchAction","target":{"@type":"EntryPoint","urlTemplate":"https:\/\/www.planetatangerina.com\/pt-pt\/?s={search_term_string}"},"query-input":{"@type":"PropertyValueSpecification","valueRequired":true,"valueName":"search_term_string"}}],"inLanguage":"pt-PT"},{"@type":"Organization","@id":"https:\/\/www.planetatangerina.com\/pt-pt\/#organization","name":"Planeta Tangerina","url":"https:\/\/www.planetatangerina.com\/pt-pt\/","logo":{"@type":"ImageObject","inLanguage":"pt-PT","@id":"https:\/\/www.planetatangerina.com\/pt-pt\/#\/schema\/logo\/image\/","url":"https:\/\/www.planetatangerina.com\/wp-content\/uploads\/2020\/02\/logo.png","contentUrl":"https:\/\/www.planetatangerina.com\/wp-content\/uploads\/2020\/02\/logo.png","width":275,"height":15,"caption":"Planeta Tangerina"},"image":{"@id":"https:\/\/www.planetatangerina.com\/pt-pt\/#\/schema\/logo\/image\/"},"sameAs":["https:\/\/www.facebook.com\/planetatangerina\/","https:\/\/www.instagram.com\/planetatangerina\/"]}]}},"_links":{"self":[{"href":"https:\/\/www.planetatangerina.com\/pt-pt\/wp-json\/wp\/v2\/pages\/293","targetHints":{"allow":["GET"]}}],"collection":[{"href":"https:\/\/www.planetatangerina.com\/pt-pt\/wp-json\/wp\/v2\/pages"}],"about":[{"href":"https:\/\/www.planetatangerina.com\/pt-pt\/wp-json\/wp\/v2\/types\/page"}],"author":[{"embeddable":true,"href":"https:\/\/www.planetatangerina.com\/pt-pt\/wp-json\/wp\/v2\/users\/10"}],"replies":[{"embeddable":true,"href":"https:\/\/www.planetatangerina.com\/pt-pt\/wp-json\/wp\/v2\/comments?post=293"}],"version-history":[{"count":10,"href":"https:\/\/www.planetatangerina.com\/pt-pt\/wp-json\/wp\/v2\/pages\/293\/revisions"}],"predecessor-version":[{"id":26465,"href":"https:\/\/www.planetatangerina.com\/pt-pt\/wp-json\/wp\/v2\/pages\/293\/revisions\/26465"}],"wp:attachment":[{"href":"https:\/\/www.planetatangerina.com\/pt-pt\/wp-json\/wp\/v2\/media?parent=293"}],"curies":[{"name":"wp","href":"https:\/\/api.w.org\/{rel}","templated":true}]}}