{"id":26612,"date":"2026-04-20T12:16:24","date_gmt":"2026-04-20T11:16:24","guid":{"rendered":"https:\/\/www.planetatangerina.com\/?post_type=product&#038;p=26612"},"modified":"2026-04-27T18:08:11","modified_gmt":"2026-04-27T17:08:11","slug":"mao-verde-iii","status":"publish","type":"product","link":"https:\/\/www.planetatangerina.com\/en\/loja\/mao-verde-iii\/","title":{"rendered":"M\u00e3o Verde III"},"content":{"rendered":"<p class=\"p1\">Following two CD-books, <em>M\u00e3o Verde<\/em> presents its third release. Capicua, Francisca Cortes\u00e3o, Pedro Geraldes and Ant\u00f3nio Serginho have composed a further ten songs and two musical poems which, as well as evoking ecology and nature, as in previous releases, also reflect on a number of social issues, such as inequality, the importance of democracy, diversity and human solidarity.<\/p>\n<p class=\"p1\">With a playful and poetic approach, both musically and lyrically, this new album was created through collaboration and experimentation and has been published as a book featuring informative notes that contextualise the lyrics and poems, all beautifully illustrated by the talented Bernardo Carvalho.<\/p>\n<p>***<br \/>\nThe book contains a link to download the disc but not a physical CD.<\/p>\n","protected":false},"excerpt":{"rendered":"<p>Following two CD-books, M\u00e3o Verde presents its third release. Capicua, Francisca Cortes\u00e3o, Pedro Geraldes and Ant\u00f3nio Serginho have composed a further ten songs and two musical poems which, as well as evoking ecology and nature, as in previous releases, also reflect on a number of social issues, such as inequality, the importance of democracy, diversity [&hellip;]<\/p>\n","protected":false},"featured_media":26606,"template":"","meta":{"_acf_changed":false},"product_brand":[],"product_cat":[193,191],"product_tag":[343],"class_list":{"0":"post-26612","1":"product","2":"type-product","3":"status-publish","4":"has-post-thumbnail","6":"product_cat-and-more","7":"product_cat-others","8":"product_tag-10-editor-discount","9":"product_shipping_class-global","11":"first","12":"instock","13":"sale","14":"taxable","15":"shipping-taxable","16":"purchasable","17":"product-type-simple"},"acf":[],"yoast_head":"<!-- This site is optimized with the Yoast SEO plugin v27.2 - https:\/\/yoast.com\/product\/yoast-seo-wordpress\/ -->\n<title>M\u00e3o Verde III - And more, Others - Planeta Tangerina - Online shop<\/title>\n<meta name=\"description\" content=\"Buy online M\u00e3o Verde III. 10% publisher discount. Following two CD-books, M\u00e3o Verde presents its third release. Capicua, Francisca Cortes\u00e3o, Pedro Geraldes and Ant\u00f3nio Serginho have composed a further ten\" \/>\n<meta name=\"robots\" content=\"index, follow, max-snippet:-1, max-image-preview:large, max-video-preview:-1\" \/>\n<link rel=\"canonical\" href=\"https:\/\/www.planetatangerina.com\/en\/loja\/mao-verde-iii\/\" \/>\n<meta name=\"twitter:label1\" content=\"Est. reading time\" \/>\n\t<meta name=\"twitter:data1\" content=\"1 minute\" \/>\n<script type=\"application\/ld+json\" class=\"yoast-schema-graph\">{\"@context\":\"https:\/\/schema.org\",\"@graph\":[{\"@type\":\"WebPage\",\"@id\":\"https:\/\/www.planetatangerina.com\/en\/loja\/mao-verde-iii\/\",\"url\":\"https:\/\/www.planetatangerina.com\/en\/loja\/mao-verde-iii\/\",\"name\":\"M\u00e3o Verde III - And more, Others - Planeta Tangerina - Online shop\",\"isPartOf\":{\"@id\":\"https:\/\/www.planetatangerina.com\/pt-pt\/#website\"},\"primaryImageOfPage\":{\"@id\":\"https:\/\/www.planetatangerina.com\/en\/loja\/mao-verde-iii\/#primaryimage\"},\"image\":{\"@id\":\"https:\/\/www.planetatangerina.com\/en\/loja\/mao-verde-iii\/#primaryimage\"},\"thumbnailUrl\":\"https:\/\/www.planetatangerina.com\/wp-content\/uploads\/2026\/04\/MV3_Capa.jpg\",\"datePublished\":\"2026-04-20T11:16:24+00:00\",\"dateModified\":\"2026-04-27T17:08:11+00:00\",\"description\":\"Buy online M\u00e3o Verde III. 10% publisher discount. Following two CD-books, M\u00e3o Verde presents its third release. Capicua, Francisca Cortes\u00e3o, Pedro Geraldes and Ant\u00f3nio Serginho have composed a further ten\",\"breadcrumb\":{\"@id\":\"https:\/\/www.planetatangerina.com\/en\/loja\/mao-verde-iii\/#breadcrumb\"},\"inLanguage\":\"en-US\",\"potentialAction\":[{\"@type\":\"ReadAction\",\"target\":[\"https:\/\/www.planetatangerina.com\/en\/loja\/mao-verde-iii\/\"]}]},{\"@type\":\"ImageObject\",\"inLanguage\":\"en-US\",\"@id\":\"https:\/\/www.planetatangerina.com\/en\/loja\/mao-verde-iii\/#primaryimage\",\"url\":\"https:\/\/www.planetatangerina.com\/wp-content\/uploads\/2026\/04\/MV3_Capa.jpg\",\"contentUrl\":\"https:\/\/www.planetatangerina.com\/wp-content\/uploads\/2026\/04\/MV3_Capa.jpg\",\"width\":866,\"height\":1307,\"caption\":\"Mao Verde 3\"},{\"@type\":\"BreadcrumbList\",\"@id\":\"https:\/\/www.planetatangerina.com\/en\/loja\/mao-verde-iii\/#breadcrumb\",\"itemListElement\":[{\"@type\":\"ListItem\",\"position\":1,\"name\":\"Homepage\",\"item\":\"https:\/\/www.planetatangerina.com\/en\/\"},{\"@type\":\"ListItem\",\"position\":2,\"name\":\"Shop\",\"item\":\"https:\/\/www.planetatangerina.com\/en\/shop\/\"},{\"@type\":\"ListItem\",\"position\":3,\"name\":\"M\u00e3o Verde III\"}]},{\"@type\":\"WebSite\",\"@id\":\"https:\/\/www.planetatangerina.com\/pt-pt\/#website\",\"url\":\"https:\/\/www.planetatangerina.com\/pt-pt\/\",\"name\":\"Planeta Tangerina\",\"description\":\"We are an independent publisher of fiction and non-fiction titles for children and young adults. Buy our books with 10% discount in our online shop.\",\"publisher\":{\"@id\":\"https:\/\/www.planetatangerina.com\/pt-pt\/#organization\"},\"potentialAction\":[{\"@type\":\"SearchAction\",\"target\":{\"@type\":\"EntryPoint\",\"urlTemplate\":\"https:\/\/www.planetatangerina.com\/pt-pt\/?s={search_term_string}\"},\"query-input\":{\"@type\":\"PropertyValueSpecification\",\"valueRequired\":true,\"valueName\":\"search_term_string\"}}],\"inLanguage\":\"en-US\"},{\"@type\":\"Organization\",\"@id\":\"https:\/\/www.planetatangerina.com\/pt-pt\/#organization\",\"name\":\"Planeta Tangerina\",\"url\":\"https:\/\/www.planetatangerina.com\/pt-pt\/\",\"logo\":{\"@type\":\"ImageObject\",\"inLanguage\":\"en-US\",\"@id\":\"https:\/\/www.planetatangerina.com\/pt-pt\/#\/schema\/logo\/image\/\",\"url\":\"https:\/\/www.planetatangerina.com\/wp-content\/uploads\/2020\/02\/logo.png\",\"contentUrl\":\"https:\/\/www.planetatangerina.com\/wp-content\/uploads\/2020\/02\/logo.png\",\"width\":275,\"height\":15,\"caption\":\"Planeta Tangerina\"},\"image\":{\"@id\":\"https:\/\/www.planetatangerina.com\/pt-pt\/#\/schema\/logo\/image\/\"},\"sameAs\":[\"https:\/\/www.facebook.com\/planetatangerina\/\",\"https:\/\/www.instagram.com\/planetatangerina\/\"]}]}<\/script>\n<!-- \/ Yoast SEO plugin. -->","yoast_head_json":{"title":"M\u00e3o Verde III - And more, Others - Planeta Tangerina - Online shop","description":"Buy online M\u00e3o Verde III. 10% publisher discount. Following two CD-books, M\u00e3o Verde presents its third release. Capicua, Francisca Cortes\u00e3o, Pedro Geraldes and Ant\u00f3nio Serginho have composed a further ten","robots":{"index":"index","follow":"follow","max-snippet":"max-snippet:-1","max-image-preview":"max-image-preview:large","max-video-preview":"max-video-preview:-1"},"canonical":"https:\/\/www.planetatangerina.com\/en\/loja\/mao-verde-iii\/","twitter_misc":{"Est. reading time":"1 minute"},"schema":{"@context":"https:\/\/schema.org","@graph":[{"@type":"WebPage","@id":"https:\/\/www.planetatangerina.com\/en\/loja\/mao-verde-iii\/","url":"https:\/\/www.planetatangerina.com\/en\/loja\/mao-verde-iii\/","name":"M\u00e3o Verde III - And more, Others - Planeta Tangerina - Online shop","isPartOf":{"@id":"https:\/\/www.planetatangerina.com\/pt-pt\/#website"},"primaryImageOfPage":{"@id":"https:\/\/www.planetatangerina.com\/en\/loja\/mao-verde-iii\/#primaryimage"},"image":{"@id":"https:\/\/www.planetatangerina.com\/en\/loja\/mao-verde-iii\/#primaryimage"},"thumbnailUrl":"https:\/\/www.planetatangerina.com\/wp-content\/uploads\/2026\/04\/MV3_Capa.jpg","datePublished":"2026-04-20T11:16:24+00:00","dateModified":"2026-04-27T17:08:11+00:00","description":"Buy online M\u00e3o Verde III. 10% publisher discount. Following two CD-books, M\u00e3o Verde presents its third release. Capicua, Francisca Cortes\u00e3o, Pedro Geraldes and Ant\u00f3nio Serginho have composed a further ten","breadcrumb":{"@id":"https:\/\/www.planetatangerina.com\/en\/loja\/mao-verde-iii\/#breadcrumb"},"inLanguage":"en-US","potentialAction":[{"@type":"ReadAction","target":["https:\/\/www.planetatangerina.com\/en\/loja\/mao-verde-iii\/"]}]},{"@type":"ImageObject","inLanguage":"en-US","@id":"https:\/\/www.planetatangerina.com\/en\/loja\/mao-verde-iii\/#primaryimage","url":"https:\/\/www.planetatangerina.com\/wp-content\/uploads\/2026\/04\/MV3_Capa.jpg","contentUrl":"https:\/\/www.planetatangerina.com\/wp-content\/uploads\/2026\/04\/MV3_Capa.jpg","width":866,"height":1307,"caption":"Mao Verde 3"},{"@type":"BreadcrumbList","@id":"https:\/\/www.planetatangerina.com\/en\/loja\/mao-verde-iii\/#breadcrumb","itemListElement":[{"@type":"ListItem","position":1,"name":"Homepage","item":"https:\/\/www.planetatangerina.com\/en\/"},{"@type":"ListItem","position":2,"name":"Shop","item":"https:\/\/www.planetatangerina.com\/en\/shop\/"},{"@type":"ListItem","position":3,"name":"M\u00e3o Verde III"}]},{"@type":"WebSite","@id":"https:\/\/www.planetatangerina.com\/pt-pt\/#website","url":"https:\/\/www.planetatangerina.com\/pt-pt\/","name":"Planeta Tangerina","description":"We are an independent publisher of fiction and non-fiction titles for children and young adults. Buy our books with 10% discount in our online shop.","publisher":{"@id":"https:\/\/www.planetatangerina.com\/pt-pt\/#organization"},"potentialAction":[{"@type":"SearchAction","target":{"@type":"EntryPoint","urlTemplate":"https:\/\/www.planetatangerina.com\/pt-pt\/?s={search_term_string}"},"query-input":{"@type":"PropertyValueSpecification","valueRequired":true,"valueName":"search_term_string"}}],"inLanguage":"en-US"},{"@type":"Organization","@id":"https:\/\/www.planetatangerina.com\/pt-pt\/#organization","name":"Planeta Tangerina","url":"https:\/\/www.planetatangerina.com\/pt-pt\/","logo":{"@type":"ImageObject","inLanguage":"en-US","@id":"https:\/\/www.planetatangerina.com\/pt-pt\/#\/schema\/logo\/image\/","url":"https:\/\/www.planetatangerina.com\/wp-content\/uploads\/2020\/02\/logo.png","contentUrl":"https:\/\/www.planetatangerina.com\/wp-content\/uploads\/2020\/02\/logo.png","width":275,"height":15,"caption":"Planeta Tangerina"},"image":{"@id":"https:\/\/www.planetatangerina.com\/pt-pt\/#\/schema\/logo\/image\/"},"sameAs":["https:\/\/www.facebook.com\/planetatangerina\/","https:\/\/www.instagram.com\/planetatangerina\/"]}]}},"_links":{"self":[{"href":"https:\/\/www.planetatangerina.com\/en\/wp-json\/wp\/v2\/product\/26612","targetHints":{"allow":["GET"]}}],"collection":[{"href":"https:\/\/www.planetatangerina.com\/en\/wp-json\/wp\/v2\/product"}],"about":[{"href":"https:\/\/www.planetatangerina.com\/en\/wp-json\/wp\/v2\/types\/product"}],"wp:featuredmedia":[{"embeddable":true,"href":"https:\/\/www.planetatangerina.com\/en\/wp-json\/wp\/v2\/media\/26606"}],"wp:attachment":[{"href":"https:\/\/www.planetatangerina.com\/en\/wp-json\/wp\/v2\/media?parent=26612"}],"wp:term":[{"taxonomy":"product_brand","embeddable":true,"href":"https:\/\/www.planetatangerina.com\/en\/wp-json\/wp\/v2\/product_brand?post=26612"},{"taxonomy":"product_cat","embeddable":true,"href":"https:\/\/www.planetatangerina.com\/en\/wp-json\/wp\/v2\/product_cat?post=26612"},{"taxonomy":"product_tag","embeddable":true,"href":"https:\/\/www.planetatangerina.com\/en\/wp-json\/wp\/v2\/product_tag?post=26612"}],"curies":[{"name":"wp","href":"https:\/\/api.w.org\/{rel}","templated":true}]}}