{"id":24113,"date":"2024-09-19T14:25:51","date_gmt":"2024-09-19T13:25:51","guid":{"rendered":"https:\/\/www.planetatangerina.com\/?post_type=product&#038;p=24113"},"modified":"2026-04-15T13:18:23","modified_gmt":"2026-04-15T12:18:23","slug":"a-house-is-a-mountain-is-a-hat","status":"publish","type":"product","link":"https:\/\/www.planetatangerina.com\/en\/loja\/a-house-is-a-mountain-is-a-hat\/","title":{"rendered":"A House is a Mountain is a Hat"},"content":{"rendered":"<p><strong>(Portuguese edition)<\/strong><\/p>\n<p><em>A House is a Mountain is a Hat<\/em> is a book to be seen, read, experienced, and felt in many ways. Designed for children aged 6 to 10, it explores the house and its multiple dimensions \u2013 its components, basic shapes, personality, various types, and its connections with the street, neighbourhood, city, and landscape.<\/p>\n<p>With vibrant colours and tactile elements, featuring large print and Braille text, the book is accessible to blind or visually impaired children, making it a valuable tool for teaching children with special needs.<\/p>\n","protected":false},"excerpt":{"rendered":"<p>(Portuguese edition) A House is a Mountain is a Hat is a book to be seen, read, experienced, and felt in many ways. Designed for children aged 6 to 10, it explores the house and its multiple dimensions \u2013 its components, basic shapes, personality, various types, and its connections with the street, neighbourhood, city, and [&hellip;]<\/p>\n","protected":false},"featured_media":24104,"template":"","meta":{"_acf_changed":false},"product_brand":[],"product_cat":[193,191,376],"product_tag":[343],"class_list":{"0":"post-24113","1":"product","2":"type-product","3":"status-publish","4":"has-post-thumbnail","6":"product_cat-and-more","7":"product_cat-others","8":"product_cat-planeta-tangerina","9":"product_tag-10-editor-discount","10":"product_shipping_class-mais-caros-en","12":"first","13":"instock","14":"sale","15":"taxable","16":"shipping-taxable","17":"purchasable","18":"product-type-simple"},"acf":[],"yoast_head":"<!-- This site is optimized with the Yoast SEO plugin v27.2 - https:\/\/yoast.com\/product\/yoast-seo-wordpress\/ -->\n<title>A House is a Mountain is a Hat - And more, Others, Planeta Tangerina - Planeta Tangerina - Online shop<\/title>\n<meta name=\"description\" content=\"Buy online A House is a Mountain is a Hat. 10% publisher discount. (Portuguese edition) A House is a Mountain is a Hat is a book to be seen, read, experienced, and felt in many ways. Designed for children aged 6 to 10, it\" \/>\n<meta name=\"robots\" content=\"index, follow, max-snippet:-1, max-image-preview:large, max-video-preview:-1\" \/>\n<link rel=\"canonical\" href=\"https:\/\/www.planetatangerina.com\/en\/loja\/a-house-is-a-mountain-is-a-hat\/\" \/>\n<meta name=\"twitter:label1\" content=\"Est. reading time\" \/>\n\t<meta name=\"twitter:data1\" content=\"1 minute\" \/>\n<script type=\"application\/ld+json\" class=\"yoast-schema-graph\">{\"@context\":\"https:\/\/schema.org\",\"@graph\":[{\"@type\":\"WebPage\",\"@id\":\"https:\/\/www.planetatangerina.com\/en\/loja\/a-house-is-a-mountain-is-a-hat\/\",\"url\":\"https:\/\/www.planetatangerina.com\/en\/loja\/a-house-is-a-mountain-is-a-hat\/\",\"name\":\"A House is a Mountain is a Hat - And more, Others, Planeta Tangerina - Planeta Tangerina - Online shop\",\"isPartOf\":{\"@id\":\"https:\/\/www.planetatangerina.com\/pt-pt\/#website\"},\"primaryImageOfPage\":{\"@id\":\"https:\/\/www.planetatangerina.com\/en\/loja\/a-house-is-a-mountain-is-a-hat\/#primaryimage\"},\"image\":{\"@id\":\"https:\/\/www.planetatangerina.com\/en\/loja\/a-house-is-a-mountain-is-a-hat\/#primaryimage\"},\"thumbnailUrl\":\"https:\/\/www.planetatangerina.com\/wp-content\/uploads\/2024\/09\/umacasa_capasite.png\",\"datePublished\":\"2024-09-19T13:25:51+00:00\",\"dateModified\":\"2026-04-15T12:18:23+00:00\",\"description\":\"Buy online A House is a Mountain is a Hat. 10% publisher discount. (Portuguese edition) A House is a Mountain is a Hat is a book to be seen, read, experienced, and felt in many ways. Designed for children aged 6 to 10, it\",\"breadcrumb\":{\"@id\":\"https:\/\/www.planetatangerina.com\/en\/loja\/a-house-is-a-mountain-is-a-hat\/#breadcrumb\"},\"inLanguage\":\"en-US\",\"potentialAction\":[{\"@type\":\"ReadAction\",\"target\":[\"https:\/\/www.planetatangerina.com\/en\/loja\/a-house-is-a-mountain-is-a-hat\/\"]}]},{\"@type\":\"ImageObject\",\"inLanguage\":\"en-US\",\"@id\":\"https:\/\/www.planetatangerina.com\/en\/loja\/a-house-is-a-mountain-is-a-hat\/#primaryimage\",\"url\":\"https:\/\/www.planetatangerina.com\/wp-content\/uploads\/2024\/09\/umacasa_capasite.png\",\"contentUrl\":\"https:\/\/www.planetatangerina.com\/wp-content\/uploads\/2024\/09\/umacasa_capasite.png\",\"width\":1152,\"height\":851,\"caption\":\"Uma casa \u00e9 uma montanha \u00e9 um chap\u00e9u\"},{\"@type\":\"BreadcrumbList\",\"@id\":\"https:\/\/www.planetatangerina.com\/en\/loja\/a-house-is-a-mountain-is-a-hat\/#breadcrumb\",\"itemListElement\":[{\"@type\":\"ListItem\",\"position\":1,\"name\":\"Homepage\",\"item\":\"https:\/\/www.planetatangerina.com\/en\/\"},{\"@type\":\"ListItem\",\"position\":2,\"name\":\"Shop\",\"item\":\"https:\/\/www.planetatangerina.com\/en\/shop\/\"},{\"@type\":\"ListItem\",\"position\":3,\"name\":\"A House is a Mountain is a Hat\"}]},{\"@type\":\"WebSite\",\"@id\":\"https:\/\/www.planetatangerina.com\/pt-pt\/#website\",\"url\":\"https:\/\/www.planetatangerina.com\/pt-pt\/\",\"name\":\"Planeta Tangerina\",\"description\":\"We are an independent publisher of fiction and non-fiction titles for children and young adults. Buy our books with 10% discount in our online shop.\",\"publisher\":{\"@id\":\"https:\/\/www.planetatangerina.com\/pt-pt\/#organization\"},\"potentialAction\":[{\"@type\":\"SearchAction\",\"target\":{\"@type\":\"EntryPoint\",\"urlTemplate\":\"https:\/\/www.planetatangerina.com\/pt-pt\/?s={search_term_string}\"},\"query-input\":{\"@type\":\"PropertyValueSpecification\",\"valueRequired\":true,\"valueName\":\"search_term_string\"}}],\"inLanguage\":\"en-US\"},{\"@type\":\"Organization\",\"@id\":\"https:\/\/www.planetatangerina.com\/pt-pt\/#organization\",\"name\":\"Planeta Tangerina\",\"url\":\"https:\/\/www.planetatangerina.com\/pt-pt\/\",\"logo\":{\"@type\":\"ImageObject\",\"inLanguage\":\"en-US\",\"@id\":\"https:\/\/www.planetatangerina.com\/pt-pt\/#\/schema\/logo\/image\/\",\"url\":\"https:\/\/www.planetatangerina.com\/wp-content\/uploads\/2020\/02\/logo.png\",\"contentUrl\":\"https:\/\/www.planetatangerina.com\/wp-content\/uploads\/2020\/02\/logo.png\",\"width\":275,\"height\":15,\"caption\":\"Planeta Tangerina\"},\"image\":{\"@id\":\"https:\/\/www.planetatangerina.com\/pt-pt\/#\/schema\/logo\/image\/\"},\"sameAs\":[\"https:\/\/www.facebook.com\/planetatangerina\/\",\"https:\/\/www.instagram.com\/planetatangerina\/\"]}]}<\/script>\n<!-- \/ Yoast SEO plugin. -->","yoast_head_json":{"title":"A House is a Mountain is a Hat - And more, Others, Planeta Tangerina - Planeta Tangerina - Online shop","description":"Buy online A House is a Mountain is a Hat. 10% publisher discount. (Portuguese edition) A House is a Mountain is a Hat is a book to be seen, read, experienced, and felt in many ways. Designed for children aged 6 to 10, it","robots":{"index":"index","follow":"follow","max-snippet":"max-snippet:-1","max-image-preview":"max-image-preview:large","max-video-preview":"max-video-preview:-1"},"canonical":"https:\/\/www.planetatangerina.com\/en\/loja\/a-house-is-a-mountain-is-a-hat\/","twitter_misc":{"Est. reading time":"1 minute"},"schema":{"@context":"https:\/\/schema.org","@graph":[{"@type":"WebPage","@id":"https:\/\/www.planetatangerina.com\/en\/loja\/a-house-is-a-mountain-is-a-hat\/","url":"https:\/\/www.planetatangerina.com\/en\/loja\/a-house-is-a-mountain-is-a-hat\/","name":"A House is a Mountain is a Hat - And more, Others, Planeta Tangerina - Planeta Tangerina - Online shop","isPartOf":{"@id":"https:\/\/www.planetatangerina.com\/pt-pt\/#website"},"primaryImageOfPage":{"@id":"https:\/\/www.planetatangerina.com\/en\/loja\/a-house-is-a-mountain-is-a-hat\/#primaryimage"},"image":{"@id":"https:\/\/www.planetatangerina.com\/en\/loja\/a-house-is-a-mountain-is-a-hat\/#primaryimage"},"thumbnailUrl":"https:\/\/www.planetatangerina.com\/wp-content\/uploads\/2024\/09\/umacasa_capasite.png","datePublished":"2024-09-19T13:25:51+00:00","dateModified":"2026-04-15T12:18:23+00:00","description":"Buy online A House is a Mountain is a Hat. 10% publisher discount. (Portuguese edition) A House is a Mountain is a Hat is a book to be seen, read, experienced, and felt in many ways. Designed for children aged 6 to 10, it","breadcrumb":{"@id":"https:\/\/www.planetatangerina.com\/en\/loja\/a-house-is-a-mountain-is-a-hat\/#breadcrumb"},"inLanguage":"en-US","potentialAction":[{"@type":"ReadAction","target":["https:\/\/www.planetatangerina.com\/en\/loja\/a-house-is-a-mountain-is-a-hat\/"]}]},{"@type":"ImageObject","inLanguage":"en-US","@id":"https:\/\/www.planetatangerina.com\/en\/loja\/a-house-is-a-mountain-is-a-hat\/#primaryimage","url":"https:\/\/www.planetatangerina.com\/wp-content\/uploads\/2024\/09\/umacasa_capasite.png","contentUrl":"https:\/\/www.planetatangerina.com\/wp-content\/uploads\/2024\/09\/umacasa_capasite.png","width":1152,"height":851,"caption":"Uma casa \u00e9 uma montanha \u00e9 um chap\u00e9u"},{"@type":"BreadcrumbList","@id":"https:\/\/www.planetatangerina.com\/en\/loja\/a-house-is-a-mountain-is-a-hat\/#breadcrumb","itemListElement":[{"@type":"ListItem","position":1,"name":"Homepage","item":"https:\/\/www.planetatangerina.com\/en\/"},{"@type":"ListItem","position":2,"name":"Shop","item":"https:\/\/www.planetatangerina.com\/en\/shop\/"},{"@type":"ListItem","position":3,"name":"A House is a Mountain is a Hat"}]},{"@type":"WebSite","@id":"https:\/\/www.planetatangerina.com\/pt-pt\/#website","url":"https:\/\/www.planetatangerina.com\/pt-pt\/","name":"Planeta Tangerina","description":"We are an independent publisher of fiction and non-fiction titles for children and young adults. Buy our books with 10% discount in our online shop.","publisher":{"@id":"https:\/\/www.planetatangerina.com\/pt-pt\/#organization"},"potentialAction":[{"@type":"SearchAction","target":{"@type":"EntryPoint","urlTemplate":"https:\/\/www.planetatangerina.com\/pt-pt\/?s={search_term_string}"},"query-input":{"@type":"PropertyValueSpecification","valueRequired":true,"valueName":"search_term_string"}}],"inLanguage":"en-US"},{"@type":"Organization","@id":"https:\/\/www.planetatangerina.com\/pt-pt\/#organization","name":"Planeta Tangerina","url":"https:\/\/www.planetatangerina.com\/pt-pt\/","logo":{"@type":"ImageObject","inLanguage":"en-US","@id":"https:\/\/www.planetatangerina.com\/pt-pt\/#\/schema\/logo\/image\/","url":"https:\/\/www.planetatangerina.com\/wp-content\/uploads\/2020\/02\/logo.png","contentUrl":"https:\/\/www.planetatangerina.com\/wp-content\/uploads\/2020\/02\/logo.png","width":275,"height":15,"caption":"Planeta Tangerina"},"image":{"@id":"https:\/\/www.planetatangerina.com\/pt-pt\/#\/schema\/logo\/image\/"},"sameAs":["https:\/\/www.facebook.com\/planetatangerina\/","https:\/\/www.instagram.com\/planetatangerina\/"]}]}},"_links":{"self":[{"href":"https:\/\/www.planetatangerina.com\/en\/wp-json\/wp\/v2\/product\/24113","targetHints":{"allow":["GET"]}}],"collection":[{"href":"https:\/\/www.planetatangerina.com\/en\/wp-json\/wp\/v2\/product"}],"about":[{"href":"https:\/\/www.planetatangerina.com\/en\/wp-json\/wp\/v2\/types\/product"}],"wp:featuredmedia":[{"embeddable":true,"href":"https:\/\/www.planetatangerina.com\/en\/wp-json\/wp\/v2\/media\/24104"}],"wp:attachment":[{"href":"https:\/\/www.planetatangerina.com\/en\/wp-json\/wp\/v2\/media?parent=24113"}],"wp:term":[{"taxonomy":"product_brand","embeddable":true,"href":"https:\/\/www.planetatangerina.com\/en\/wp-json\/wp\/v2\/product_brand?post=24113"},{"taxonomy":"product_cat","embeddable":true,"href":"https:\/\/www.planetatangerina.com\/en\/wp-json\/wp\/v2\/product_cat?post=24113"},{"taxonomy":"product_tag","embeddable":true,"href":"https:\/\/www.planetatangerina.com\/en\/wp-json\/wp\/v2\/product_tag?post=24113"}],"curies":[{"name":"wp","href":"https:\/\/api.w.org\/{rel}","templated":true}]}}